{"id":831,"date":"2025-10-13T13:27:27","date_gmt":"2025-10-13T11:27:27","guid":{"rendered":"https:\/\/c7adapters.com\/produkt\/mocowanie-ef-arri\/"},"modified":"2026-01-12T09:47:16","modified_gmt":"2026-01-12T08:47:16","slug":"mocowanie-ef-arri","status":"publish","type":"product","link":"https:\/\/c7adapters.com\/pl\/mocowania\/arri\/mocowanie-ef-arri\/","title":{"rendered":"EF mount &#8211; Arri"},"content":{"rendered":"<p><b>Ten uchwyt do aparatu umo\u017cliwia stosowanie r\u0119cznych obiektyw\u00f3w z mocowaniem EF w aparatach Arri.<\/b><\/p>\n<p>Posiada mechanizm \u201epozytywnej blokady\u201d, dzi\u0119ki czemu nie ma luz\u00f3w mi\u0119dzy mocowaniem a bagnetem obiektywu.<\/p>\n<p><b>G\u0142\u00f3wne cechy:<\/b><\/p>\n<ul>\n<li>Regulowana odleg\u0142o\u015b\u0107 ogniskowa ko\u0142nierza (podk\u0142adki dost\u0119pne tutaj)<\/li>\n<li>Nie obs\u0142uguje obiektyw\u00f3w z funkcj\u0105 elektronicznego autofokusa.<\/li>\n<li>Regulowana pozycja skali obiektywu \u2013 z krokiem co 45 stopni<\/li>\n<li>Dok\u0142adno\u015b\u0107 0,005 mm<\/li>\n<li>Niesko\u0144czone ustawianie ostro\u015bci<\/li>\n<li>Wykonane ze stopu stosowanego w lotnictwie<\/li>\n<li>Waga (bez nasadki portu) \u2013 185 g \/ (0,41 funta)<\/li>\n<li>Czarny\/srebrny anodowany<\/li>\n<li>Wyprodukowano w UE<\/li>\n<\/ul>\n<p><b>Kompatybilny z:<\/b><\/p>\n<ul>\n<li>Arri Amira<\/li>\n<li>Arri Alexa Mini<\/li>\n<li>Arri Alexa 35<\/li>\n<\/ul>\n","protected":false},"excerpt":{"rendered":"<p>&nbsp;<\/p>\n","protected":false},"featured_media":829,"template":"","meta":{"_acf_changed":false},"product_brand":[],"product_cat":[25,112],"product_tag":[],"class_list":{"0":"post-831","1":"product","2":"type-product","3":"status-publish","4":"has-post-thumbnail","6":"product_cat-mocowania","7":"product_cat-arri","9":"first","10":"instock","11":"taxable","12":"shipping-taxable","13":"purchasable","14":"product-type-simple"},"acf":[],"yoast_head":"<!-- This site is optimized with the Yoast SEO plugin v27.3 - https:\/\/yoast.com\/product\/yoast-seo-wordpress\/ -->\n<title>EF mount - Arri - c7adapters<\/title>\n<meta name=\"description\" content=\"Ten uchwyt do aparatu umo\u017cliwia stosowanie r\u0119cznych obiektyw\u00f3w z mocowaniem EF w aparatach Arri.\" \/>\n<meta name=\"robots\" content=\"index, follow, max-snippet:-1, max-image-preview:large, max-video-preview:-1\" \/>\n<link rel=\"canonical\" href=\"https:\/\/c7adapters.com\/pl\/mocowania\/arri\/mocowanie-ef-arri\/\" \/>\n<meta property=\"og:locale\" content=\"pl_PL\" \/>\n<meta property=\"og:type\" content=\"article\" \/>\n<meta property=\"og:title\" content=\"EF mount - Arri - c7adapters\" \/>\n<meta property=\"og:description\" content=\"Ten uchwyt do aparatu umo\u017cliwia stosowanie r\u0119cznych obiektyw\u00f3w z mocowaniem EF w aparatach Arri.\" \/>\n<meta property=\"og:url\" content=\"https:\/\/c7adapters.com\/pl\/mocowania\/arri\/mocowanie-ef-arri\/\" \/>\n<meta property=\"og:site_name\" content=\"c7adapters\" \/>\n<meta property=\"article:publisher\" content=\"https:\/\/www.facebook.com\/c7adapters\" \/>\n<meta property=\"article:modified_time\" content=\"2026-01-12T08:47:16+00:00\" \/>\n<meta property=\"og:image\" content=\"https:\/\/c7adapters.com\/wp-content\/uploads\/2025\/10\/zoom_655099d67d674.jpg\" \/>\n\t<meta property=\"og:image:width\" content=\"1072\" \/>\n\t<meta property=\"og:image:height\" content=\"900\" \/>\n\t<meta property=\"og:image:type\" content=\"image\/jpeg\" \/>\n<meta name=\"twitter:card\" content=\"summary_large_image\" \/>\n<meta name=\"twitter:label1\" content=\"Szacowany czas czytania\" \/>\n\t<meta name=\"twitter:data1\" content=\"1 minuta\" \/>\n<script type=\"application\/ld+json\" class=\"yoast-schema-graph\">{\"@context\":\"https:\\\/\\\/schema.org\",\"@graph\":[{\"@type\":\"WebPage\",\"@id\":\"https:\\\/\\\/c7adapters.com\\\/pl\\\/mocowania\\\/arri\\\/mocowanie-ef-arri\\\/\",\"url\":\"https:\\\/\\\/c7adapters.com\\\/pl\\\/mocowania\\\/arri\\\/mocowanie-ef-arri\\\/\",\"name\":\"EF mount - Arri - c7adapters\",\"isPartOf\":{\"@id\":\"https:\\\/\\\/c7adapters.com\\\/pl\\\/#website\"},\"primaryImageOfPage\":{\"@id\":\"https:\\\/\\\/c7adapters.com\\\/pl\\\/mocowania\\\/arri\\\/mocowanie-ef-arri\\\/#primaryimage\"},\"image\":{\"@id\":\"https:\\\/\\\/c7adapters.com\\\/pl\\\/mocowania\\\/arri\\\/mocowanie-ef-arri\\\/#primaryimage\"},\"thumbnailUrl\":\"https:\\\/\\\/c7adapters.com\\\/wp-content\\\/uploads\\\/2025\\\/10\\\/zoom_655099d67d674.jpg\",\"datePublished\":\"2025-10-13T11:27:27+00:00\",\"dateModified\":\"2026-01-12T08:47:16+00:00\",\"description\":\"Ten uchwyt do aparatu umo\u017cliwia stosowanie r\u0119cznych obiektyw\u00f3w z mocowaniem EF w aparatach Arri.\",\"breadcrumb\":{\"@id\":\"https:\\\/\\\/c7adapters.com\\\/pl\\\/mocowania\\\/arri\\\/mocowanie-ef-arri\\\/#breadcrumb\"},\"inLanguage\":\"pl-PL\",\"potentialAction\":[{\"@type\":\"ReadAction\",\"target\":[\"https:\\\/\\\/c7adapters.com\\\/pl\\\/mocowania\\\/arri\\\/mocowanie-ef-arri\\\/\"]}]},{\"@type\":\"ImageObject\",\"inLanguage\":\"pl-PL\",\"@id\":\"https:\\\/\\\/c7adapters.com\\\/pl\\\/mocowania\\\/arri\\\/mocowanie-ef-arri\\\/#primaryimage\",\"url\":\"https:\\\/\\\/c7adapters.com\\\/wp-content\\\/uploads\\\/2025\\\/10\\\/zoom_655099d67d674.jpg\",\"contentUrl\":\"https:\\\/\\\/c7adapters.com\\\/wp-content\\\/uploads\\\/2025\\\/10\\\/zoom_655099d67d674.jpg\",\"width\":1072,\"height\":900},{\"@type\":\"BreadcrumbList\",\"@id\":\"https:\\\/\\\/c7adapters.com\\\/pl\\\/mocowania\\\/arri\\\/mocowanie-ef-arri\\\/#breadcrumb\",\"itemListElement\":[{\"@type\":\"ListItem\",\"position\":1,\"name\":\"Strona g\u0142\u00f3wna\",\"item\":\"https:\\\/\\\/c7adapters.com\\\/pl\\\/\"},{\"@type\":\"ListItem\",\"position\":2,\"name\":\"Sklep\",\"item\":\"https:\\\/\\\/c7adapters.com\\\/pl\\\/sklep\\\/\"},{\"@type\":\"ListItem\",\"position\":3,\"name\":\"EF mount &#8211; Arri\"}]},{\"@type\":\"WebSite\",\"@id\":\"https:\\\/\\\/c7adapters.com\\\/pl\\\/#website\",\"url\":\"https:\\\/\\\/c7adapters.com\\\/pl\\\/\",\"name\":\"c7adapters\",\"description\":\"Najwy\u017cszej klasy akcesoria fotograficzne\",\"publisher\":{\"@id\":\"https:\\\/\\\/c7adapters.com\\\/pl\\\/#organization\"},\"alternateName\":\"c7adapters\",\"potentialAction\":[{\"@type\":\"SearchAction\",\"target\":{\"@type\":\"EntryPoint\",\"urlTemplate\":\"https:\\\/\\\/c7adapters.com\\\/pl\\\/?s={search_term_string}\"},\"query-input\":{\"@type\":\"PropertyValueSpecification\",\"valueRequired\":true,\"valueName\":\"search_term_string\"}}],\"inLanguage\":\"pl-PL\"},{\"@type\":\"Organization\",\"@id\":\"https:\\\/\\\/c7adapters.com\\\/pl\\\/#organization\",\"name\":\"c7adapters\",\"alternateName\":\"Highest quality photographic equipment\",\"url\":\"https:\\\/\\\/c7adapters.com\\\/pl\\\/\",\"logo\":{\"@type\":\"ImageObject\",\"inLanguage\":\"pl-PL\",\"@id\":\"https:\\\/\\\/c7adapters.com\\\/pl\\\/#\\\/schema\\\/logo\\\/image\\\/\",\"url\":\"https:\\\/\\\/c7adapters.com\\\/wp-content\\\/uploads\\\/2025\\\/10\\\/c7adapters-opengraph.png\",\"contentUrl\":\"https:\\\/\\\/c7adapters.com\\\/wp-content\\\/uploads\\\/2025\\\/10\\\/c7adapters-opengraph.png\",\"width\":693,\"height\":693,\"caption\":\"c7adapters\"},\"image\":{\"@id\":\"https:\\\/\\\/c7adapters.com\\\/pl\\\/#\\\/schema\\\/logo\\\/image\\\/\"},\"sameAs\":[\"https:\\\/\\\/www.facebook.com\\\/c7adapters\"]}]}<\/script>\n<!-- \/ Yoast SEO plugin. -->","yoast_head_json":{"title":"EF mount - Arri - c7adapters","description":"Ten uchwyt do aparatu umo\u017cliwia stosowanie r\u0119cznych obiektyw\u00f3w z mocowaniem EF w aparatach Arri.","robots":{"index":"index","follow":"follow","max-snippet":"max-snippet:-1","max-image-preview":"max-image-preview:large","max-video-preview":"max-video-preview:-1"},"canonical":"https:\/\/c7adapters.com\/pl\/mocowania\/arri\/mocowanie-ef-arri\/","og_locale":"pl_PL","og_type":"article","og_title":"EF mount - Arri - c7adapters","og_description":"Ten uchwyt do aparatu umo\u017cliwia stosowanie r\u0119cznych obiektyw\u00f3w z mocowaniem EF w aparatach Arri.","og_url":"https:\/\/c7adapters.com\/pl\/mocowania\/arri\/mocowanie-ef-arri\/","og_site_name":"c7adapters","article_publisher":"https:\/\/www.facebook.com\/c7adapters","article_modified_time":"2026-01-12T08:47:16+00:00","og_image":[{"width":1072,"height":900,"url":"https:\/\/c7adapters.com\/wp-content\/uploads\/2025\/10\/zoom_655099d67d674.jpg","type":"image\/jpeg"}],"twitter_card":"summary_large_image","twitter_misc":{"Szacowany czas czytania":"1 minuta"},"schema":{"@context":"https:\/\/schema.org","@graph":[{"@type":"WebPage","@id":"https:\/\/c7adapters.com\/pl\/mocowania\/arri\/mocowanie-ef-arri\/","url":"https:\/\/c7adapters.com\/pl\/mocowania\/arri\/mocowanie-ef-arri\/","name":"EF mount - Arri - c7adapters","isPartOf":{"@id":"https:\/\/c7adapters.com\/pl\/#website"},"primaryImageOfPage":{"@id":"https:\/\/c7adapters.com\/pl\/mocowania\/arri\/mocowanie-ef-arri\/#primaryimage"},"image":{"@id":"https:\/\/c7adapters.com\/pl\/mocowania\/arri\/mocowanie-ef-arri\/#primaryimage"},"thumbnailUrl":"https:\/\/c7adapters.com\/wp-content\/uploads\/2025\/10\/zoom_655099d67d674.jpg","datePublished":"2025-10-13T11:27:27+00:00","dateModified":"2026-01-12T08:47:16+00:00","description":"Ten uchwyt do aparatu umo\u017cliwia stosowanie r\u0119cznych obiektyw\u00f3w z mocowaniem EF w aparatach Arri.","breadcrumb":{"@id":"https:\/\/c7adapters.com\/pl\/mocowania\/arri\/mocowanie-ef-arri\/#breadcrumb"},"inLanguage":"pl-PL","potentialAction":[{"@type":"ReadAction","target":["https:\/\/c7adapters.com\/pl\/mocowania\/arri\/mocowanie-ef-arri\/"]}]},{"@type":"ImageObject","inLanguage":"pl-PL","@id":"https:\/\/c7adapters.com\/pl\/mocowania\/arri\/mocowanie-ef-arri\/#primaryimage","url":"https:\/\/c7adapters.com\/wp-content\/uploads\/2025\/10\/zoom_655099d67d674.jpg","contentUrl":"https:\/\/c7adapters.com\/wp-content\/uploads\/2025\/10\/zoom_655099d67d674.jpg","width":1072,"height":900},{"@type":"BreadcrumbList","@id":"https:\/\/c7adapters.com\/pl\/mocowania\/arri\/mocowanie-ef-arri\/#breadcrumb","itemListElement":[{"@type":"ListItem","position":1,"name":"Strona g\u0142\u00f3wna","item":"https:\/\/c7adapters.com\/pl\/"},{"@type":"ListItem","position":2,"name":"Sklep","item":"https:\/\/c7adapters.com\/pl\/sklep\/"},{"@type":"ListItem","position":3,"name":"EF mount &#8211; Arri"}]},{"@type":"WebSite","@id":"https:\/\/c7adapters.com\/pl\/#website","url":"https:\/\/c7adapters.com\/pl\/","name":"c7adapters","description":"Najwy\u017cszej klasy akcesoria fotograficzne","publisher":{"@id":"https:\/\/c7adapters.com\/pl\/#organization"},"alternateName":"c7adapters","potentialAction":[{"@type":"SearchAction","target":{"@type":"EntryPoint","urlTemplate":"https:\/\/c7adapters.com\/pl\/?s={search_term_string}"},"query-input":{"@type":"PropertyValueSpecification","valueRequired":true,"valueName":"search_term_string"}}],"inLanguage":"pl-PL"},{"@type":"Organization","@id":"https:\/\/c7adapters.com\/pl\/#organization","name":"c7adapters","alternateName":"Highest quality photographic equipment","url":"https:\/\/c7adapters.com\/pl\/","logo":{"@type":"ImageObject","inLanguage":"pl-PL","@id":"https:\/\/c7adapters.com\/pl\/#\/schema\/logo\/image\/","url":"https:\/\/c7adapters.com\/wp-content\/uploads\/2025\/10\/c7adapters-opengraph.png","contentUrl":"https:\/\/c7adapters.com\/wp-content\/uploads\/2025\/10\/c7adapters-opengraph.png","width":693,"height":693,"caption":"c7adapters"},"image":{"@id":"https:\/\/c7adapters.com\/pl\/#\/schema\/logo\/image\/"},"sameAs":["https:\/\/www.facebook.com\/c7adapters"]}]}},"_links":{"self":[{"href":"https:\/\/c7adapters.com\/pl\/wp-json\/wp\/v2\/product\/831","targetHints":{"allow":["GET"]}}],"collection":[{"href":"https:\/\/c7adapters.com\/pl\/wp-json\/wp\/v2\/product"}],"about":[{"href":"https:\/\/c7adapters.com\/pl\/wp-json\/wp\/v2\/types\/product"}],"wp:featuredmedia":[{"embeddable":true,"href":"https:\/\/c7adapters.com\/pl\/wp-json\/wp\/v2\/media\/829"}],"wp:attachment":[{"href":"https:\/\/c7adapters.com\/pl\/wp-json\/wp\/v2\/media?parent=831"}],"wp:term":[{"taxonomy":"product_brand","embeddable":true,"href":"https:\/\/c7adapters.com\/pl\/wp-json\/wp\/v2\/product_brand?post=831"},{"taxonomy":"product_cat","embeddable":true,"href":"https:\/\/c7adapters.com\/pl\/wp-json\/wp\/v2\/product_cat?post=831"},{"taxonomy":"product_tag","embeddable":true,"href":"https:\/\/c7adapters.com\/pl\/wp-json\/wp\/v2\/product_tag?post=831"}],"curies":[{"name":"wp","href":"https:\/\/api.w.org\/{rel}","templated":true}]}}