{"id":781,"date":"2025-10-13T12:20:21","date_gmt":"2025-10-13T10:20:21","guid":{"rendered":"https:\/\/c7adapters.com\/produkt\/pentax-6x7-red\/"},"modified":"2025-11-24T07:25:41","modified_gmt":"2025-11-24T06:25:41","slug":"pentax-6x7-red","status":"publish","type":"product","link":"https:\/\/c7adapters.com\/pl\/mocowania\/red\/pentax-6x7-red\/","title":{"rendered":"Pentax 6&#215;7 &#8211; RED"},"content":{"rendered":"<p><b>Ten uchwyt do aparatu umo\u017cliwia stosowanie obiektyw\u00f3w Pentax 6X7 w aparatach RED.<\/b><\/p>\n<p>Posiada mechanizm \u201epozytywnej blokady\u201d, dzi\u0119ki czemu nie ma luz\u00f3w mi\u0119dzy mocowaniem a bagnetem obiektywu.<\/p>\n<p><b>G\u0142\u00f3wne cechy:<\/b><\/p>\n<ul>\n<li>Ko\u0142nierz z mo\u017cliwo\u015bci\u0105 regulacji (za pomoc\u0105 podk\u0142adek)<\/li>\n<li>Regulowana pozycja skali obiektywu \u2013 z krokiem co 45 stopni<\/li>\n<li>Pier\u015bcie\u0144 blokuj\u0105cy ze stali nierdzewnej<\/li>\n<li>Dok\u0142adno\u015b\u0107 0,002 mm<\/li>\n<li>Niesko\u0144czone ustawianie ostro\u015bci<\/li>\n<li>Wsp\u00f3\u0142czynnik kadrowania X1,9 w przypadku aparatu RED Weapon 8K<\/li>\n<li>Wykonane ze stopu stosowanego w lotnictwie<\/li>\n<li>Czarny anodowany<\/li>\n<li>Wyprodukowano w UE<\/li>\n<\/ul>\n<p><b>Kompatybilny z:<\/b><\/p>\n<ul>\n<li>Weapon<\/li>\n<li>Epic\/Scarlet Dragon<\/li>\n<li>Scarlet-W<\/li>\n<li>Epic\/Scarlet M-X<\/li>\n<\/ul>\n","protected":false},"excerpt":{"rendered":"<p>&nbsp;<\/p>\n","protected":false},"featured_media":779,"template":"","meta":{"_acf_changed":false},"product_brand":[],"product_cat":[119],"product_tag":[],"class_list":{"0":"post-781","1":"product","2":"type-product","3":"status-publish","4":"has-post-thumbnail","6":"product_cat-red","8":"first","9":"outofstock","10":"taxable","11":"shipping-taxable","12":"purchasable","13":"product-type-simple"},"acf":[],"yoast_head":"<!-- This site is optimized with the Yoast SEO plugin v27.5 - https:\/\/yoast.com\/product\/yoast-seo-wordpress\/ -->\n<title>Pentax 6x7 - RED - c7adapters<\/title>\n<meta name=\"description\" content=\"Ten uchwyt do aparatu umo\u017cliwia stosowanie obiektyw\u00f3w Pentax 6X7 w aparatach RED.\" \/>\n<meta name=\"robots\" content=\"index, follow, max-snippet:-1, max-image-preview:large, max-video-preview:-1\" \/>\n<link rel=\"canonical\" href=\"https:\/\/c7adapters.com\/pl\/mocowania\/red\/pentax-6x7-red\/\" \/>\n<meta property=\"og:locale\" content=\"pl_PL\" \/>\n<meta property=\"og:type\" content=\"article\" \/>\n<meta property=\"og:title\" content=\"Pentax 6x7 - RED - c7adapters\" \/>\n<meta property=\"og:description\" content=\"Ten uchwyt do aparatu umo\u017cliwia stosowanie obiektyw\u00f3w Pentax 6X7 w aparatach RED.\" \/>\n<meta property=\"og:url\" content=\"https:\/\/c7adapters.com\/pl\/mocowania\/red\/pentax-6x7-red\/\" \/>\n<meta property=\"og:site_name\" content=\"c7adapters\" \/>\n<meta property=\"article:publisher\" content=\"https:\/\/www.facebook.com\/c7adapters\" \/>\n<meta property=\"article:modified_time\" content=\"2025-11-24T06:25:41+00:00\" \/>\n<meta property=\"og:image\" content=\"https:\/\/c7adapters.com\/wp-content\/uploads\/2025\/10\/zoom_56ed529565cbb.jpg\" \/>\n\t<meta property=\"og:image:width\" content=\"1013\" \/>\n\t<meta property=\"og:image:height\" content=\"900\" \/>\n\t<meta property=\"og:image:type\" content=\"image\/jpeg\" \/>\n<meta name=\"twitter:card\" content=\"summary_large_image\" \/>\n<script type=\"application\/ld+json\" class=\"yoast-schema-graph\">{\"@context\":\"https:\\\/\\\/schema.org\",\"@graph\":[{\"@type\":\"WebPage\",\"@id\":\"https:\\\/\\\/c7adapters.com\\\/pl\\\/mocowania\\\/red\\\/pentax-6x7-red\\\/\",\"url\":\"https:\\\/\\\/c7adapters.com\\\/pl\\\/mocowania\\\/red\\\/pentax-6x7-red\\\/\",\"name\":\"Pentax 6x7 - RED - c7adapters\",\"isPartOf\":{\"@id\":\"https:\\\/\\\/c7adapters.com\\\/pl\\\/#website\"},\"primaryImageOfPage\":{\"@id\":\"https:\\\/\\\/c7adapters.com\\\/pl\\\/mocowania\\\/red\\\/pentax-6x7-red\\\/#primaryimage\"},\"image\":{\"@id\":\"https:\\\/\\\/c7adapters.com\\\/pl\\\/mocowania\\\/red\\\/pentax-6x7-red\\\/#primaryimage\"},\"thumbnailUrl\":\"https:\\\/\\\/c7adapters.com\\\/wp-content\\\/uploads\\\/2025\\\/10\\\/zoom_56ed529565cbb.jpg\",\"datePublished\":\"2025-10-13T10:20:21+00:00\",\"dateModified\":\"2025-11-24T06:25:41+00:00\",\"description\":\"Ten uchwyt do aparatu umo\u017cliwia stosowanie obiektyw\u00f3w Pentax 6X7 w aparatach RED.\",\"breadcrumb\":{\"@id\":\"https:\\\/\\\/c7adapters.com\\\/pl\\\/mocowania\\\/red\\\/pentax-6x7-red\\\/#breadcrumb\"},\"inLanguage\":\"pl-PL\",\"potentialAction\":[{\"@type\":\"ReadAction\",\"target\":[\"https:\\\/\\\/c7adapters.com\\\/pl\\\/mocowania\\\/red\\\/pentax-6x7-red\\\/\"]}]},{\"@type\":\"ImageObject\",\"inLanguage\":\"pl-PL\",\"@id\":\"https:\\\/\\\/c7adapters.com\\\/pl\\\/mocowania\\\/red\\\/pentax-6x7-red\\\/#primaryimage\",\"url\":\"https:\\\/\\\/c7adapters.com\\\/wp-content\\\/uploads\\\/2025\\\/10\\\/zoom_56ed529565cbb.jpg\",\"contentUrl\":\"https:\\\/\\\/c7adapters.com\\\/wp-content\\\/uploads\\\/2025\\\/10\\\/zoom_56ed529565cbb.jpg\",\"width\":1013,\"height\":900},{\"@type\":\"BreadcrumbList\",\"@id\":\"https:\\\/\\\/c7adapters.com\\\/pl\\\/mocowania\\\/red\\\/pentax-6x7-red\\\/#breadcrumb\",\"itemListElement\":[{\"@type\":\"ListItem\",\"position\":1,\"name\":\"Strona g\u0142\u00f3wna\",\"item\":\"https:\\\/\\\/c7adapters.com\\\/pl\\\/\"},{\"@type\":\"ListItem\",\"position\":2,\"name\":\"Sklep\",\"item\":\"https:\\\/\\\/c7adapters.com\\\/pl\\\/sklep\\\/\"},{\"@type\":\"ListItem\",\"position\":3,\"name\":\"Pentax 6&#215;7 &#8211; RED\"}]},{\"@type\":\"WebSite\",\"@id\":\"https:\\\/\\\/c7adapters.com\\\/pl\\\/#website\",\"url\":\"https:\\\/\\\/c7adapters.com\\\/pl\\\/\",\"name\":\"c7adapters\",\"description\":\"Najwy\u017cszej klasy akcesoria fotograficzne\",\"publisher\":{\"@id\":\"https:\\\/\\\/c7adapters.com\\\/pl\\\/#organization\"},\"alternateName\":\"c7adapters\",\"potentialAction\":[{\"@type\":\"SearchAction\",\"target\":{\"@type\":\"EntryPoint\",\"urlTemplate\":\"https:\\\/\\\/c7adapters.com\\\/pl\\\/?s={search_term_string}\"},\"query-input\":{\"@type\":\"PropertyValueSpecification\",\"valueRequired\":true,\"valueName\":\"search_term_string\"}}],\"inLanguage\":\"pl-PL\"},{\"@type\":\"Organization\",\"@id\":\"https:\\\/\\\/c7adapters.com\\\/pl\\\/#organization\",\"name\":\"c7adapters\",\"alternateName\":\"Highest quality photographic equipment\",\"url\":\"https:\\\/\\\/c7adapters.com\\\/pl\\\/\",\"logo\":{\"@type\":\"ImageObject\",\"inLanguage\":\"pl-PL\",\"@id\":\"https:\\\/\\\/c7adapters.com\\\/pl\\\/#\\\/schema\\\/logo\\\/image\\\/\",\"url\":\"https:\\\/\\\/c7adapters.com\\\/wp-content\\\/uploads\\\/2025\\\/10\\\/c7adapters-opengraph.png\",\"contentUrl\":\"https:\\\/\\\/c7adapters.com\\\/wp-content\\\/uploads\\\/2025\\\/10\\\/c7adapters-opengraph.png\",\"width\":693,\"height\":693,\"caption\":\"c7adapters\"},\"image\":{\"@id\":\"https:\\\/\\\/c7adapters.com\\\/pl\\\/#\\\/schema\\\/logo\\\/image\\\/\"},\"sameAs\":[\"https:\\\/\\\/www.facebook.com\\\/c7adapters\",\"https:\\\/\\\/www.instagram.com\\\/c7adapters\\\/\"]}]}<\/script>\n<!-- \/ Yoast SEO plugin. -->","yoast_head_json":{"title":"Pentax 6x7 - RED - c7adapters","description":"Ten uchwyt do aparatu umo\u017cliwia stosowanie obiektyw\u00f3w Pentax 6X7 w aparatach RED.","robots":{"index":"index","follow":"follow","max-snippet":"max-snippet:-1","max-image-preview":"max-image-preview:large","max-video-preview":"max-video-preview:-1"},"canonical":"https:\/\/c7adapters.com\/pl\/mocowania\/red\/pentax-6x7-red\/","og_locale":"pl_PL","og_type":"article","og_title":"Pentax 6x7 - RED - c7adapters","og_description":"Ten uchwyt do aparatu umo\u017cliwia stosowanie obiektyw\u00f3w Pentax 6X7 w aparatach RED.","og_url":"https:\/\/c7adapters.com\/pl\/mocowania\/red\/pentax-6x7-red\/","og_site_name":"c7adapters","article_publisher":"https:\/\/www.facebook.com\/c7adapters","article_modified_time":"2025-11-24T06:25:41+00:00","og_image":[{"width":1013,"height":900,"url":"https:\/\/c7adapters.com\/wp-content\/uploads\/2025\/10\/zoom_56ed529565cbb.jpg","type":"image\/jpeg"}],"twitter_card":"summary_large_image","schema":{"@context":"https:\/\/schema.org","@graph":[{"@type":"WebPage","@id":"https:\/\/c7adapters.com\/pl\/mocowania\/red\/pentax-6x7-red\/","url":"https:\/\/c7adapters.com\/pl\/mocowania\/red\/pentax-6x7-red\/","name":"Pentax 6x7 - RED - c7adapters","isPartOf":{"@id":"https:\/\/c7adapters.com\/pl\/#website"},"primaryImageOfPage":{"@id":"https:\/\/c7adapters.com\/pl\/mocowania\/red\/pentax-6x7-red\/#primaryimage"},"image":{"@id":"https:\/\/c7adapters.com\/pl\/mocowania\/red\/pentax-6x7-red\/#primaryimage"},"thumbnailUrl":"https:\/\/c7adapters.com\/wp-content\/uploads\/2025\/10\/zoom_56ed529565cbb.jpg","datePublished":"2025-10-13T10:20:21+00:00","dateModified":"2025-11-24T06:25:41+00:00","description":"Ten uchwyt do aparatu umo\u017cliwia stosowanie obiektyw\u00f3w Pentax 6X7 w aparatach RED.","breadcrumb":{"@id":"https:\/\/c7adapters.com\/pl\/mocowania\/red\/pentax-6x7-red\/#breadcrumb"},"inLanguage":"pl-PL","potentialAction":[{"@type":"ReadAction","target":["https:\/\/c7adapters.com\/pl\/mocowania\/red\/pentax-6x7-red\/"]}]},{"@type":"ImageObject","inLanguage":"pl-PL","@id":"https:\/\/c7adapters.com\/pl\/mocowania\/red\/pentax-6x7-red\/#primaryimage","url":"https:\/\/c7adapters.com\/wp-content\/uploads\/2025\/10\/zoom_56ed529565cbb.jpg","contentUrl":"https:\/\/c7adapters.com\/wp-content\/uploads\/2025\/10\/zoom_56ed529565cbb.jpg","width":1013,"height":900},{"@type":"BreadcrumbList","@id":"https:\/\/c7adapters.com\/pl\/mocowania\/red\/pentax-6x7-red\/#breadcrumb","itemListElement":[{"@type":"ListItem","position":1,"name":"Strona g\u0142\u00f3wna","item":"https:\/\/c7adapters.com\/pl\/"},{"@type":"ListItem","position":2,"name":"Sklep","item":"https:\/\/c7adapters.com\/pl\/sklep\/"},{"@type":"ListItem","position":3,"name":"Pentax 6&#215;7 &#8211; RED"}]},{"@type":"WebSite","@id":"https:\/\/c7adapters.com\/pl\/#website","url":"https:\/\/c7adapters.com\/pl\/","name":"c7adapters","description":"Najwy\u017cszej klasy akcesoria fotograficzne","publisher":{"@id":"https:\/\/c7adapters.com\/pl\/#organization"},"alternateName":"c7adapters","potentialAction":[{"@type":"SearchAction","target":{"@type":"EntryPoint","urlTemplate":"https:\/\/c7adapters.com\/pl\/?s={search_term_string}"},"query-input":{"@type":"PropertyValueSpecification","valueRequired":true,"valueName":"search_term_string"}}],"inLanguage":"pl-PL"},{"@type":"Organization","@id":"https:\/\/c7adapters.com\/pl\/#organization","name":"c7adapters","alternateName":"Highest quality photographic equipment","url":"https:\/\/c7adapters.com\/pl\/","logo":{"@type":"ImageObject","inLanguage":"pl-PL","@id":"https:\/\/c7adapters.com\/pl\/#\/schema\/logo\/image\/","url":"https:\/\/c7adapters.com\/wp-content\/uploads\/2025\/10\/c7adapters-opengraph.png","contentUrl":"https:\/\/c7adapters.com\/wp-content\/uploads\/2025\/10\/c7adapters-opengraph.png","width":693,"height":693,"caption":"c7adapters"},"image":{"@id":"https:\/\/c7adapters.com\/pl\/#\/schema\/logo\/image\/"},"sameAs":["https:\/\/www.facebook.com\/c7adapters","https:\/\/www.instagram.com\/c7adapters\/"]}]}},"_links":{"self":[{"href":"https:\/\/c7adapters.com\/pl\/wp-json\/wp\/v2\/product\/781","targetHints":{"allow":["GET"]}}],"collection":[{"href":"https:\/\/c7adapters.com\/pl\/wp-json\/wp\/v2\/product"}],"about":[{"href":"https:\/\/c7adapters.com\/pl\/wp-json\/wp\/v2\/types\/product"}],"wp:featuredmedia":[{"embeddable":true,"href":"https:\/\/c7adapters.com\/pl\/wp-json\/wp\/v2\/media\/779"}],"wp:attachment":[{"href":"https:\/\/c7adapters.com\/pl\/wp-json\/wp\/v2\/media?parent=781"}],"wp:term":[{"taxonomy":"product_brand","embeddable":true,"href":"https:\/\/c7adapters.com\/pl\/wp-json\/wp\/v2\/product_brand?post=781"},{"taxonomy":"product_cat","embeddable":true,"href":"https:\/\/c7adapters.com\/pl\/wp-json\/wp\/v2\/product_cat?post=781"},{"taxonomy":"product_tag","embeddable":true,"href":"https:\/\/c7adapters.com\/pl\/wp-json\/wp\/v2\/product_tag?post=781"}],"curies":[{"name":"wp","href":"https:\/\/api.w.org\/{rel}","templated":true}]}}