{"id":618,"date":"2025-10-10T12:13:14","date_gmt":"2025-10-10T10:13:14","guid":{"rendered":"https:\/\/c7adapters.com\/produkt\/arri-b-micro-4-3\/"},"modified":"2026-01-12T10:06:33","modified_gmt":"2026-01-12T09:06:33","slug":"arri-b-micro-4-3","status":"publish","type":"product","link":"https:\/\/c7adapters.com\/pl\/produkty-b-stock\/b-stock-items\/arri-b-micro-4-3\/","title":{"rendered":"Arri B &#8211; Micro 4\/3 *"},"content":{"rendered":"<p><b>Ten adapter umo\u017cliwia stosowanie obiektyw\u00f3w z mocowaniem Arri B w systemie aparat\u00f3w Micro 4\/3.<\/b><\/p>\n<p>Produkt mo\u017ce nosi\u0107 \u015blady zu\u017cycia kosmetycznego, ale jest w pe\u0142ni sprawny i dzia\u0142a zgodnie z przeznaczeniem.<b><br \/>\n<\/b><\/p>\n<p><b>G\u0142\u00f3wne cechy:<\/b><\/p>\n<ul>\n<li>Regulowana odleg\u0142o\u015b\u0107 ogniskowa ko\u0142nierza (podk\u0142adki dost\u0119pne tutaj)<\/li>\n<li>Pier\u015bcie\u0144 blokuj\u0105cy ze stali nierdzewnej<\/li>\n<li>Podpora z punktami mocowania 1\/4\u201e i 3\/8\u201d<\/li>\n<li>Dok\u0142adno\u015b\u0107 0,005 mm<\/li>\n<li>Niesko\u0144czone ustawianie ostro\u015bci<\/li>\n<li>Wykonane ze stopu lotniczego i stali nierdzewnej<\/li>\n<li>Czarny\/srebrny anodowany<\/li>\n<li>Wyprodukowano w UE<\/li>\n<\/ul>\n<p><b>Kompatybilny z:<\/b><\/p>\n<ul>\n<li>Z Camera E1 Mini 4K<\/li>\n<li>JVC GY-LS300<\/li>\n<li>Olympus OM-D E-M series<\/li>\n<li>Olympus PEN E-P and E-PL series<\/li>\n<li>Blackmagic Micro Studio Camera 4K<\/li>\n<li>Blackmagic Studio Camera<\/li>\n<li>Blackmagic Cinema Camera MFT<\/li>\n<li>Blackmagic Micro Cinema Camera<\/li>\n<li>Blackmagic Pocket Cinema Camera<\/li>\n<li>Panasonic Lumix GX and GM series<\/li>\n<li>Panasonic Lumix GF series<\/li>\n<li>Panasonic Lumix G series<\/li>\n<li>Panasonic Lumix GH1, GH2, GH3, GH4, GH5<\/li>\n<\/ul>\n","protected":false},"excerpt":{"rendered":"<p>&nbsp;<\/p>\n","protected":false},"featured_media":617,"template":"","meta":{"_acf_changed":false},"product_brand":[],"product_cat":[24,101,26,111],"product_tag":[],"class_list":{"0":"post-618","1":"product","2":"type-product","3":"status-publish","4":"has-post-thumbnail","6":"product_cat-adaptery","7":"product_cat-micro-4-3","8":"product_cat-produkty-b-stock","9":"product_cat-b-stock-items","11":"first","12":"outofstock","13":"taxable","14":"shipping-taxable","15":"purchasable","16":"product-type-simple"},"acf":[],"yoast_head":"<!-- This site is optimized with the Yoast SEO plugin v27.3 - https:\/\/yoast.com\/product\/yoast-seo-wordpress\/ -->\n<title>Arri B - Micro 4\/3 * - c7adapters<\/title>\n<meta name=\"description\" content=\"Ten adapter umo\u017cliwia stosowanie obiektyw\u00f3w z mocowaniem Arri B w systemie aparat\u00f3w Micro 4\/3.\" \/>\n<meta name=\"robots\" content=\"index, follow, max-snippet:-1, max-image-preview:large, max-video-preview:-1\" \/>\n<link rel=\"canonical\" href=\"https:\/\/c7adapters.com\/pl\/produkty-b-stock\/b-stock-items\/arri-b-micro-4-3\/\" \/>\n<meta property=\"og:locale\" content=\"pl_PL\" \/>\n<meta property=\"og:type\" content=\"article\" \/>\n<meta property=\"og:title\" content=\"Arri B - Micro 4\/3 * - c7adapters\" \/>\n<meta property=\"og:description\" content=\"Ten adapter umo\u017cliwia stosowanie obiektyw\u00f3w z mocowaniem Arri B w systemie aparat\u00f3w Micro 4\/3.\" \/>\n<meta property=\"og:url\" content=\"https:\/\/c7adapters.com\/pl\/produkty-b-stock\/b-stock-items\/arri-b-micro-4-3\/\" \/>\n<meta property=\"og:site_name\" content=\"c7adapters\" \/>\n<meta property=\"article:publisher\" content=\"https:\/\/www.facebook.com\/c7adapters\" \/>\n<meta property=\"article:modified_time\" content=\"2026-01-12T09:06:33+00:00\" \/>\n<meta property=\"og:image\" content=\"https:\/\/c7adapters.com\/wp-content\/uploads\/2025\/10\/zoom_56effa7e0d2cc.jpg\" \/>\n\t<meta property=\"og:image:width\" content=\"808\" \/>\n\t<meta property=\"og:image:height\" content=\"737\" \/>\n\t<meta property=\"og:image:type\" content=\"image\/jpeg\" \/>\n<meta name=\"twitter:card\" content=\"summary_large_image\" \/>\n<meta name=\"twitter:label1\" content=\"Szacowany czas czytania\" \/>\n\t<meta name=\"twitter:data1\" content=\"1 minuta\" \/>\n<script type=\"application\/ld+json\" class=\"yoast-schema-graph\">{\"@context\":\"https:\\\/\\\/schema.org\",\"@graph\":[{\"@type\":\"WebPage\",\"@id\":\"https:\\\/\\\/c7adapters.com\\\/pl\\\/produkty-b-stock\\\/b-stock-items\\\/arri-b-micro-4-3\\\/\",\"url\":\"https:\\\/\\\/c7adapters.com\\\/pl\\\/produkty-b-stock\\\/b-stock-items\\\/arri-b-micro-4-3\\\/\",\"name\":\"Arri B - Micro 4\\\/3 * - c7adapters\",\"isPartOf\":{\"@id\":\"https:\\\/\\\/c7adapters.com\\\/pl\\\/#website\"},\"primaryImageOfPage\":{\"@id\":\"https:\\\/\\\/c7adapters.com\\\/pl\\\/produkty-b-stock\\\/b-stock-items\\\/arri-b-micro-4-3\\\/#primaryimage\"},\"image\":{\"@id\":\"https:\\\/\\\/c7adapters.com\\\/pl\\\/produkty-b-stock\\\/b-stock-items\\\/arri-b-micro-4-3\\\/#primaryimage\"},\"thumbnailUrl\":\"https:\\\/\\\/c7adapters.com\\\/wp-content\\\/uploads\\\/2025\\\/10\\\/zoom_56effa7e0d2cc.jpg\",\"datePublished\":\"2025-10-10T10:13:14+00:00\",\"dateModified\":\"2026-01-12T09:06:33+00:00\",\"description\":\"Ten adapter umo\u017cliwia stosowanie obiektyw\u00f3w z mocowaniem Arri B w systemie aparat\u00f3w Micro 4\\\/3.\",\"breadcrumb\":{\"@id\":\"https:\\\/\\\/c7adapters.com\\\/pl\\\/produkty-b-stock\\\/b-stock-items\\\/arri-b-micro-4-3\\\/#breadcrumb\"},\"inLanguage\":\"pl-PL\",\"potentialAction\":[{\"@type\":\"ReadAction\",\"target\":[\"https:\\\/\\\/c7adapters.com\\\/pl\\\/produkty-b-stock\\\/b-stock-items\\\/arri-b-micro-4-3\\\/\"]}]},{\"@type\":\"ImageObject\",\"inLanguage\":\"pl-PL\",\"@id\":\"https:\\\/\\\/c7adapters.com\\\/pl\\\/produkty-b-stock\\\/b-stock-items\\\/arri-b-micro-4-3\\\/#primaryimage\",\"url\":\"https:\\\/\\\/c7adapters.com\\\/wp-content\\\/uploads\\\/2025\\\/10\\\/zoom_56effa7e0d2cc.jpg\",\"contentUrl\":\"https:\\\/\\\/c7adapters.com\\\/wp-content\\\/uploads\\\/2025\\\/10\\\/zoom_56effa7e0d2cc.jpg\",\"width\":808,\"height\":737},{\"@type\":\"BreadcrumbList\",\"@id\":\"https:\\\/\\\/c7adapters.com\\\/pl\\\/produkty-b-stock\\\/b-stock-items\\\/arri-b-micro-4-3\\\/#breadcrumb\",\"itemListElement\":[{\"@type\":\"ListItem\",\"position\":1,\"name\":\"Strona g\u0142\u00f3wna\",\"item\":\"https:\\\/\\\/c7adapters.com\\\/pl\\\/\"},{\"@type\":\"ListItem\",\"position\":2,\"name\":\"Sklep\",\"item\":\"https:\\\/\\\/c7adapters.com\\\/pl\\\/sklep\\\/\"},{\"@type\":\"ListItem\",\"position\":3,\"name\":\"Arri B &#8211; Micro 4\\\/3 *\"}]},{\"@type\":\"WebSite\",\"@id\":\"https:\\\/\\\/c7adapters.com\\\/pl\\\/#website\",\"url\":\"https:\\\/\\\/c7adapters.com\\\/pl\\\/\",\"name\":\"c7adapters\",\"description\":\"Najwy\u017cszej klasy akcesoria fotograficzne\",\"publisher\":{\"@id\":\"https:\\\/\\\/c7adapters.com\\\/pl\\\/#organization\"},\"alternateName\":\"c7adapters\",\"potentialAction\":[{\"@type\":\"SearchAction\",\"target\":{\"@type\":\"EntryPoint\",\"urlTemplate\":\"https:\\\/\\\/c7adapters.com\\\/pl\\\/?s={search_term_string}\"},\"query-input\":{\"@type\":\"PropertyValueSpecification\",\"valueRequired\":true,\"valueName\":\"search_term_string\"}}],\"inLanguage\":\"pl-PL\"},{\"@type\":\"Organization\",\"@id\":\"https:\\\/\\\/c7adapters.com\\\/pl\\\/#organization\",\"name\":\"c7adapters\",\"alternateName\":\"Highest quality photographic equipment\",\"url\":\"https:\\\/\\\/c7adapters.com\\\/pl\\\/\",\"logo\":{\"@type\":\"ImageObject\",\"inLanguage\":\"pl-PL\",\"@id\":\"https:\\\/\\\/c7adapters.com\\\/pl\\\/#\\\/schema\\\/logo\\\/image\\\/\",\"url\":\"https:\\\/\\\/c7adapters.com\\\/wp-content\\\/uploads\\\/2025\\\/10\\\/c7adapters-opengraph.png\",\"contentUrl\":\"https:\\\/\\\/c7adapters.com\\\/wp-content\\\/uploads\\\/2025\\\/10\\\/c7adapters-opengraph.png\",\"width\":693,\"height\":693,\"caption\":\"c7adapters\"},\"image\":{\"@id\":\"https:\\\/\\\/c7adapters.com\\\/pl\\\/#\\\/schema\\\/logo\\\/image\\\/\"},\"sameAs\":[\"https:\\\/\\\/www.facebook.com\\\/c7adapters\"]}]}<\/script>\n<!-- \/ Yoast SEO plugin. -->","yoast_head_json":{"title":"Arri B - Micro 4\/3 * - c7adapters","description":"Ten adapter umo\u017cliwia stosowanie obiektyw\u00f3w z mocowaniem Arri B w systemie aparat\u00f3w Micro 4\/3.","robots":{"index":"index","follow":"follow","max-snippet":"max-snippet:-1","max-image-preview":"max-image-preview:large","max-video-preview":"max-video-preview:-1"},"canonical":"https:\/\/c7adapters.com\/pl\/produkty-b-stock\/b-stock-items\/arri-b-micro-4-3\/","og_locale":"pl_PL","og_type":"article","og_title":"Arri B - Micro 4\/3 * - c7adapters","og_description":"Ten adapter umo\u017cliwia stosowanie obiektyw\u00f3w z mocowaniem Arri B w systemie aparat\u00f3w Micro 4\/3.","og_url":"https:\/\/c7adapters.com\/pl\/produkty-b-stock\/b-stock-items\/arri-b-micro-4-3\/","og_site_name":"c7adapters","article_publisher":"https:\/\/www.facebook.com\/c7adapters","article_modified_time":"2026-01-12T09:06:33+00:00","og_image":[{"width":808,"height":737,"url":"https:\/\/c7adapters.com\/wp-content\/uploads\/2025\/10\/zoom_56effa7e0d2cc.jpg","type":"image\/jpeg"}],"twitter_card":"summary_large_image","twitter_misc":{"Szacowany czas czytania":"1 minuta"},"schema":{"@context":"https:\/\/schema.org","@graph":[{"@type":"WebPage","@id":"https:\/\/c7adapters.com\/pl\/produkty-b-stock\/b-stock-items\/arri-b-micro-4-3\/","url":"https:\/\/c7adapters.com\/pl\/produkty-b-stock\/b-stock-items\/arri-b-micro-4-3\/","name":"Arri B - Micro 4\/3 * - c7adapters","isPartOf":{"@id":"https:\/\/c7adapters.com\/pl\/#website"},"primaryImageOfPage":{"@id":"https:\/\/c7adapters.com\/pl\/produkty-b-stock\/b-stock-items\/arri-b-micro-4-3\/#primaryimage"},"image":{"@id":"https:\/\/c7adapters.com\/pl\/produkty-b-stock\/b-stock-items\/arri-b-micro-4-3\/#primaryimage"},"thumbnailUrl":"https:\/\/c7adapters.com\/wp-content\/uploads\/2025\/10\/zoom_56effa7e0d2cc.jpg","datePublished":"2025-10-10T10:13:14+00:00","dateModified":"2026-01-12T09:06:33+00:00","description":"Ten adapter umo\u017cliwia stosowanie obiektyw\u00f3w z mocowaniem Arri B w systemie aparat\u00f3w Micro 4\/3.","breadcrumb":{"@id":"https:\/\/c7adapters.com\/pl\/produkty-b-stock\/b-stock-items\/arri-b-micro-4-3\/#breadcrumb"},"inLanguage":"pl-PL","potentialAction":[{"@type":"ReadAction","target":["https:\/\/c7adapters.com\/pl\/produkty-b-stock\/b-stock-items\/arri-b-micro-4-3\/"]}]},{"@type":"ImageObject","inLanguage":"pl-PL","@id":"https:\/\/c7adapters.com\/pl\/produkty-b-stock\/b-stock-items\/arri-b-micro-4-3\/#primaryimage","url":"https:\/\/c7adapters.com\/wp-content\/uploads\/2025\/10\/zoom_56effa7e0d2cc.jpg","contentUrl":"https:\/\/c7adapters.com\/wp-content\/uploads\/2025\/10\/zoom_56effa7e0d2cc.jpg","width":808,"height":737},{"@type":"BreadcrumbList","@id":"https:\/\/c7adapters.com\/pl\/produkty-b-stock\/b-stock-items\/arri-b-micro-4-3\/#breadcrumb","itemListElement":[{"@type":"ListItem","position":1,"name":"Strona g\u0142\u00f3wna","item":"https:\/\/c7adapters.com\/pl\/"},{"@type":"ListItem","position":2,"name":"Sklep","item":"https:\/\/c7adapters.com\/pl\/sklep\/"},{"@type":"ListItem","position":3,"name":"Arri B &#8211; Micro 4\/3 *"}]},{"@type":"WebSite","@id":"https:\/\/c7adapters.com\/pl\/#website","url":"https:\/\/c7adapters.com\/pl\/","name":"c7adapters","description":"Najwy\u017cszej klasy akcesoria fotograficzne","publisher":{"@id":"https:\/\/c7adapters.com\/pl\/#organization"},"alternateName":"c7adapters","potentialAction":[{"@type":"SearchAction","target":{"@type":"EntryPoint","urlTemplate":"https:\/\/c7adapters.com\/pl\/?s={search_term_string}"},"query-input":{"@type":"PropertyValueSpecification","valueRequired":true,"valueName":"search_term_string"}}],"inLanguage":"pl-PL"},{"@type":"Organization","@id":"https:\/\/c7adapters.com\/pl\/#organization","name":"c7adapters","alternateName":"Highest quality photographic equipment","url":"https:\/\/c7adapters.com\/pl\/","logo":{"@type":"ImageObject","inLanguage":"pl-PL","@id":"https:\/\/c7adapters.com\/pl\/#\/schema\/logo\/image\/","url":"https:\/\/c7adapters.com\/wp-content\/uploads\/2025\/10\/c7adapters-opengraph.png","contentUrl":"https:\/\/c7adapters.com\/wp-content\/uploads\/2025\/10\/c7adapters-opengraph.png","width":693,"height":693,"caption":"c7adapters"},"image":{"@id":"https:\/\/c7adapters.com\/pl\/#\/schema\/logo\/image\/"},"sameAs":["https:\/\/www.facebook.com\/c7adapters"]}]}},"_links":{"self":[{"href":"https:\/\/c7adapters.com\/pl\/wp-json\/wp\/v2\/product\/618","targetHints":{"allow":["GET"]}}],"collection":[{"href":"https:\/\/c7adapters.com\/pl\/wp-json\/wp\/v2\/product"}],"about":[{"href":"https:\/\/c7adapters.com\/pl\/wp-json\/wp\/v2\/types\/product"}],"wp:featuredmedia":[{"embeddable":true,"href":"https:\/\/c7adapters.com\/pl\/wp-json\/wp\/v2\/media\/617"}],"wp:attachment":[{"href":"https:\/\/c7adapters.com\/pl\/wp-json\/wp\/v2\/media?parent=618"}],"wp:term":[{"taxonomy":"product_brand","embeddable":true,"href":"https:\/\/c7adapters.com\/pl\/wp-json\/wp\/v2\/product_brand?post=618"},{"taxonomy":"product_cat","embeddable":true,"href":"https:\/\/c7adapters.com\/pl\/wp-json\/wp\/v2\/product_cat?post=618"},{"taxonomy":"product_tag","embeddable":true,"href":"https:\/\/c7adapters.com\/pl\/wp-json\/wp\/v2\/product_tag?post=618"}],"curies":[{"name":"wp","href":"https:\/\/api.w.org\/{rel}","templated":true}]}}