{"id":543,"date":"2025-10-10T09:13:38","date_gmt":"2025-10-10T07:13:38","guid":{"rendered":"https:\/\/c7adapters.com\/produkt\/pl-lens-ef-mount\/"},"modified":"2025-11-24T07:25:45","modified_gmt":"2025-11-24T06:25:45","slug":"pl-lens-ef-mount","status":"publish","type":"product","link":"https:\/\/c7adapters.com\/pl\/produkty-b-stock\/b-stock-items\/pl-lens-ef-mount\/","title":{"rendered":"PL lens &#8211; EF mount *"},"content":{"rendered":"<p><b>Ten adapter umo\u017cliwia stosowanie niekt\u00f3rych obiektyw\u00f3w z mocowaniem PL w aparatach z mocowaniem EF.<\/b><\/p>\n<p>Produkt mo\u017ce nosi\u0107 \u015blady zu\u017cycia kosmetycznego, ale jest w pe\u0142ni sprawny i dzia\u0142a zgodnie z przeznaczeniem.<b><br \/>\n<\/b><br \/>\n<b><br \/>\nG\u0142\u00f3wne cechy:<\/b><\/p>\n<ul>\n<li>Dok\u0142adno\u015b\u0107 0,005 mm<\/li>\n<li>Niesko\u0144czone ustawianie ostro\u015bci<\/li>\n<li>Wykonane ze stali nierdzewnej 304<\/li>\n<li>Wyprodukowano w UE<\/li>\n<\/ul>\n<p><b>Kompatybilny z:<\/b><\/p>\n<ul>\n<li>SLR Magic ANAMORPHOT-CINE 35mm\/50mm\/70mm<\/li>\n<li>Soczewki DSO \u201eTRUMP\u201d<\/li>\n<li>Zestaw soczewek Clavius<\/li>\n<li>ZESTAW OBIEKTYW\u00d3W APOGEE<\/li>\n<li>Canon Century Optics S2000 150-600mm<\/li>\n<li>Nikkor Micro 200 mm T 4<\/li>\n<li>Nikkor 800 mm T 5.6<\/li>\n<li>Nikkor 300 mm T 2<\/li>\n<li>Nikkor 200 mm T 2<\/li>\n<li>Cooke 18-100 mm T 3<\/li>\n<li>Canon Century 200 mm T 2<\/li>\n<li>Canon 800 mm T 5.6<\/li>\n<li>Canon 400 mm T 2.8<\/li>\n<li>Canon 300 mm T 2.8<\/li>\n<li>Angenieux 20-120 mm<\/li>\n<li>Angenieux 7-81 mm T 2.4 HR<\/li>\n<li>Angenieux 17-102 mm T 2.9<\/li>\n<li>Angenieux 24-290 mm T 2.8<\/li>\n<li>Angenieux Optimo 24-290 mm<\/li>\n<li>Angenieux Optimo 28-70 mm<\/li>\n<li>Angenieux Optimo 17-80 mm T 2.2<\/li>\n<li>Angenieux Optimo 15-40 mm T 2.6<\/li>\n<li>Ruby 14-24mm T2.8<\/li>\n<li>Angenieux Optimo 45-120mm<\/li>\n<li>Angenieux Optimo 28-340mm<\/li>\n<li>Angenieux Optimo 19.5-94mm<\/li>\n<li>Allstar 135mm T1.9<\/li>\n<li>Allstar 80-200mm T3<\/li>\n<li>Allstar 50mm T1.5<\/li>\n<li>Allstar 18-35 T1.8<\/li>\n<li>Canon 20-35mm T4<\/li>\n<\/ul>\n<p><b>Kompatybilny z:<\/b><\/p>\n<ul>\n<li>Aparaty fotograficzne Canon EOS<\/li>\n<li>RED Epic\/Scarlet\/Weapon\/Raven z mocowaniem EF<\/li>\n<li>Arri Amira\/Alexa Mini z mocowaniem EF<\/li>\n<li>Kamery Blackmagic z mocowaniem EF<\/li>\n<li>Inne aparaty z mocowaniem EF<\/li>\n<\/ul>\n","protected":false},"excerpt":{"rendered":"<p>&nbsp;<\/p>\n","protected":false},"featured_media":542,"template":"","meta":{"_acf_changed":false},"product_brand":[],"product_cat":[26,111],"product_tag":[],"class_list":{"0":"post-543","1":"product","2":"type-product","3":"status-publish","4":"has-post-thumbnail","6":"product_cat-produkty-b-stock","7":"product_cat-b-stock-items","9":"first","10":"instock","11":"taxable","12":"shipping-taxable","13":"purchasable","14":"product-type-simple"},"acf":[],"yoast_head":"<!-- This site is optimized with the Yoast SEO plugin v27.3 - https:\/\/yoast.com\/product\/yoast-seo-wordpress\/ -->\n<title>PL lens - EF mount * - c7adapters<\/title>\n<meta name=\"description\" content=\"Ten adapter umo\u017cliwia stosowanie niekt\u00f3rych obiektyw\u00f3w z mocowaniem PL w aparatach z mocowaniem EF.\" \/>\n<meta name=\"robots\" content=\"index, follow, max-snippet:-1, max-image-preview:large, max-video-preview:-1\" \/>\n<link rel=\"canonical\" href=\"https:\/\/c7adapters.com\/pl\/produkty-b-stock\/b-stock-items\/pl-lens-ef-mount\/\" \/>\n<meta property=\"og:locale\" content=\"pl_PL\" \/>\n<meta property=\"og:type\" content=\"article\" \/>\n<meta property=\"og:title\" content=\"PL lens - EF mount * - c7adapters\" \/>\n<meta property=\"og:description\" content=\"Ten adapter umo\u017cliwia stosowanie niekt\u00f3rych obiektyw\u00f3w z mocowaniem PL w aparatach z mocowaniem EF.\" \/>\n<meta property=\"og:url\" content=\"https:\/\/c7adapters.com\/pl\/produkty-b-stock\/b-stock-items\/pl-lens-ef-mount\/\" \/>\n<meta property=\"og:site_name\" content=\"c7adapters\" \/>\n<meta property=\"article:publisher\" content=\"https:\/\/www.facebook.com\/c7adapters\" \/>\n<meta property=\"article:modified_time\" content=\"2025-11-24T06:25:45+00:00\" \/>\n<meta property=\"og:image\" content=\"https:\/\/c7adapters.com\/wp-content\/uploads\/2025\/10\/zoom_56ea9232b9914.jpg\" \/>\n\t<meta property=\"og:image:width\" content=\"808\" \/>\n\t<meta property=\"og:image:height\" content=\"644\" \/>\n\t<meta property=\"og:image:type\" content=\"image\/jpeg\" \/>\n<meta name=\"twitter:card\" content=\"summary_large_image\" \/>\n<meta name=\"twitter:label1\" content=\"Szacowany czas czytania\" \/>\n\t<meta name=\"twitter:data1\" content=\"1 minuta\" \/>\n<script type=\"application\/ld+json\" class=\"yoast-schema-graph\">{\"@context\":\"https:\\\/\\\/schema.org\",\"@graph\":[{\"@type\":\"WebPage\",\"@id\":\"https:\\\/\\\/c7adapters.com\\\/pl\\\/produkty-b-stock\\\/b-stock-items\\\/pl-lens-ef-mount\\\/\",\"url\":\"https:\\\/\\\/c7adapters.com\\\/pl\\\/produkty-b-stock\\\/b-stock-items\\\/pl-lens-ef-mount\\\/\",\"name\":\"PL lens - EF mount * - c7adapters\",\"isPartOf\":{\"@id\":\"https:\\\/\\\/c7adapters.com\\\/pl\\\/#website\"},\"primaryImageOfPage\":{\"@id\":\"https:\\\/\\\/c7adapters.com\\\/pl\\\/produkty-b-stock\\\/b-stock-items\\\/pl-lens-ef-mount\\\/#primaryimage\"},\"image\":{\"@id\":\"https:\\\/\\\/c7adapters.com\\\/pl\\\/produkty-b-stock\\\/b-stock-items\\\/pl-lens-ef-mount\\\/#primaryimage\"},\"thumbnailUrl\":\"https:\\\/\\\/c7adapters.com\\\/wp-content\\\/uploads\\\/2025\\\/10\\\/zoom_56ea9232b9914.jpg\",\"datePublished\":\"2025-10-10T07:13:38+00:00\",\"dateModified\":\"2025-11-24T06:25:45+00:00\",\"description\":\"Ten adapter umo\u017cliwia stosowanie niekt\u00f3rych obiektyw\u00f3w z mocowaniem PL w aparatach z mocowaniem EF.\",\"breadcrumb\":{\"@id\":\"https:\\\/\\\/c7adapters.com\\\/pl\\\/produkty-b-stock\\\/b-stock-items\\\/pl-lens-ef-mount\\\/#breadcrumb\"},\"inLanguage\":\"pl-PL\",\"potentialAction\":[{\"@type\":\"ReadAction\",\"target\":[\"https:\\\/\\\/c7adapters.com\\\/pl\\\/produkty-b-stock\\\/b-stock-items\\\/pl-lens-ef-mount\\\/\"]}]},{\"@type\":\"ImageObject\",\"inLanguage\":\"pl-PL\",\"@id\":\"https:\\\/\\\/c7adapters.com\\\/pl\\\/produkty-b-stock\\\/b-stock-items\\\/pl-lens-ef-mount\\\/#primaryimage\",\"url\":\"https:\\\/\\\/c7adapters.com\\\/wp-content\\\/uploads\\\/2025\\\/10\\\/zoom_56ea9232b9914.jpg\",\"contentUrl\":\"https:\\\/\\\/c7adapters.com\\\/wp-content\\\/uploads\\\/2025\\\/10\\\/zoom_56ea9232b9914.jpg\",\"width\":808,\"height\":644},{\"@type\":\"BreadcrumbList\",\"@id\":\"https:\\\/\\\/c7adapters.com\\\/pl\\\/produkty-b-stock\\\/b-stock-items\\\/pl-lens-ef-mount\\\/#breadcrumb\",\"itemListElement\":[{\"@type\":\"ListItem\",\"position\":1,\"name\":\"Strona g\u0142\u00f3wna\",\"item\":\"https:\\\/\\\/c7adapters.com\\\/pl\\\/\"},{\"@type\":\"ListItem\",\"position\":2,\"name\":\"Sklep\",\"item\":\"https:\\\/\\\/c7adapters.com\\\/pl\\\/sklep\\\/\"},{\"@type\":\"ListItem\",\"position\":3,\"name\":\"PL lens &#8211; EF mount *\"}]},{\"@type\":\"WebSite\",\"@id\":\"https:\\\/\\\/c7adapters.com\\\/pl\\\/#website\",\"url\":\"https:\\\/\\\/c7adapters.com\\\/pl\\\/\",\"name\":\"c7adapters\",\"description\":\"Najwy\u017cszej klasy akcesoria fotograficzne\",\"publisher\":{\"@id\":\"https:\\\/\\\/c7adapters.com\\\/pl\\\/#organization\"},\"alternateName\":\"c7adapters\",\"potentialAction\":[{\"@type\":\"SearchAction\",\"target\":{\"@type\":\"EntryPoint\",\"urlTemplate\":\"https:\\\/\\\/c7adapters.com\\\/pl\\\/?s={search_term_string}\"},\"query-input\":{\"@type\":\"PropertyValueSpecification\",\"valueRequired\":true,\"valueName\":\"search_term_string\"}}],\"inLanguage\":\"pl-PL\"},{\"@type\":\"Organization\",\"@id\":\"https:\\\/\\\/c7adapters.com\\\/pl\\\/#organization\",\"name\":\"c7adapters\",\"alternateName\":\"Highest quality photographic equipment\",\"url\":\"https:\\\/\\\/c7adapters.com\\\/pl\\\/\",\"logo\":{\"@type\":\"ImageObject\",\"inLanguage\":\"pl-PL\",\"@id\":\"https:\\\/\\\/c7adapters.com\\\/pl\\\/#\\\/schema\\\/logo\\\/image\\\/\",\"url\":\"https:\\\/\\\/c7adapters.com\\\/wp-content\\\/uploads\\\/2025\\\/10\\\/c7adapters-opengraph.png\",\"contentUrl\":\"https:\\\/\\\/c7adapters.com\\\/wp-content\\\/uploads\\\/2025\\\/10\\\/c7adapters-opengraph.png\",\"width\":693,\"height\":693,\"caption\":\"c7adapters\"},\"image\":{\"@id\":\"https:\\\/\\\/c7adapters.com\\\/pl\\\/#\\\/schema\\\/logo\\\/image\\\/\"},\"sameAs\":[\"https:\\\/\\\/www.facebook.com\\\/c7adapters\"]}]}<\/script>\n<!-- \/ Yoast SEO plugin. -->","yoast_head_json":{"title":"PL lens - EF mount * - c7adapters","description":"Ten adapter umo\u017cliwia stosowanie niekt\u00f3rych obiektyw\u00f3w z mocowaniem PL w aparatach z mocowaniem EF.","robots":{"index":"index","follow":"follow","max-snippet":"max-snippet:-1","max-image-preview":"max-image-preview:large","max-video-preview":"max-video-preview:-1"},"canonical":"https:\/\/c7adapters.com\/pl\/produkty-b-stock\/b-stock-items\/pl-lens-ef-mount\/","og_locale":"pl_PL","og_type":"article","og_title":"PL lens - EF mount * - c7adapters","og_description":"Ten adapter umo\u017cliwia stosowanie niekt\u00f3rych obiektyw\u00f3w z mocowaniem PL w aparatach z mocowaniem EF.","og_url":"https:\/\/c7adapters.com\/pl\/produkty-b-stock\/b-stock-items\/pl-lens-ef-mount\/","og_site_name":"c7adapters","article_publisher":"https:\/\/www.facebook.com\/c7adapters","article_modified_time":"2025-11-24T06:25:45+00:00","og_image":[{"width":808,"height":644,"url":"https:\/\/c7adapters.com\/wp-content\/uploads\/2025\/10\/zoom_56ea9232b9914.jpg","type":"image\/jpeg"}],"twitter_card":"summary_large_image","twitter_misc":{"Szacowany czas czytania":"1 minuta"},"schema":{"@context":"https:\/\/schema.org","@graph":[{"@type":"WebPage","@id":"https:\/\/c7adapters.com\/pl\/produkty-b-stock\/b-stock-items\/pl-lens-ef-mount\/","url":"https:\/\/c7adapters.com\/pl\/produkty-b-stock\/b-stock-items\/pl-lens-ef-mount\/","name":"PL lens - EF mount * - c7adapters","isPartOf":{"@id":"https:\/\/c7adapters.com\/pl\/#website"},"primaryImageOfPage":{"@id":"https:\/\/c7adapters.com\/pl\/produkty-b-stock\/b-stock-items\/pl-lens-ef-mount\/#primaryimage"},"image":{"@id":"https:\/\/c7adapters.com\/pl\/produkty-b-stock\/b-stock-items\/pl-lens-ef-mount\/#primaryimage"},"thumbnailUrl":"https:\/\/c7adapters.com\/wp-content\/uploads\/2025\/10\/zoom_56ea9232b9914.jpg","datePublished":"2025-10-10T07:13:38+00:00","dateModified":"2025-11-24T06:25:45+00:00","description":"Ten adapter umo\u017cliwia stosowanie niekt\u00f3rych obiektyw\u00f3w z mocowaniem PL w aparatach z mocowaniem EF.","breadcrumb":{"@id":"https:\/\/c7adapters.com\/pl\/produkty-b-stock\/b-stock-items\/pl-lens-ef-mount\/#breadcrumb"},"inLanguage":"pl-PL","potentialAction":[{"@type":"ReadAction","target":["https:\/\/c7adapters.com\/pl\/produkty-b-stock\/b-stock-items\/pl-lens-ef-mount\/"]}]},{"@type":"ImageObject","inLanguage":"pl-PL","@id":"https:\/\/c7adapters.com\/pl\/produkty-b-stock\/b-stock-items\/pl-lens-ef-mount\/#primaryimage","url":"https:\/\/c7adapters.com\/wp-content\/uploads\/2025\/10\/zoom_56ea9232b9914.jpg","contentUrl":"https:\/\/c7adapters.com\/wp-content\/uploads\/2025\/10\/zoom_56ea9232b9914.jpg","width":808,"height":644},{"@type":"BreadcrumbList","@id":"https:\/\/c7adapters.com\/pl\/produkty-b-stock\/b-stock-items\/pl-lens-ef-mount\/#breadcrumb","itemListElement":[{"@type":"ListItem","position":1,"name":"Strona g\u0142\u00f3wna","item":"https:\/\/c7adapters.com\/pl\/"},{"@type":"ListItem","position":2,"name":"Sklep","item":"https:\/\/c7adapters.com\/pl\/sklep\/"},{"@type":"ListItem","position":3,"name":"PL lens &#8211; EF mount *"}]},{"@type":"WebSite","@id":"https:\/\/c7adapters.com\/pl\/#website","url":"https:\/\/c7adapters.com\/pl\/","name":"c7adapters","description":"Najwy\u017cszej klasy akcesoria fotograficzne","publisher":{"@id":"https:\/\/c7adapters.com\/pl\/#organization"},"alternateName":"c7adapters","potentialAction":[{"@type":"SearchAction","target":{"@type":"EntryPoint","urlTemplate":"https:\/\/c7adapters.com\/pl\/?s={search_term_string}"},"query-input":{"@type":"PropertyValueSpecification","valueRequired":true,"valueName":"search_term_string"}}],"inLanguage":"pl-PL"},{"@type":"Organization","@id":"https:\/\/c7adapters.com\/pl\/#organization","name":"c7adapters","alternateName":"Highest quality photographic equipment","url":"https:\/\/c7adapters.com\/pl\/","logo":{"@type":"ImageObject","inLanguage":"pl-PL","@id":"https:\/\/c7adapters.com\/pl\/#\/schema\/logo\/image\/","url":"https:\/\/c7adapters.com\/wp-content\/uploads\/2025\/10\/c7adapters-opengraph.png","contentUrl":"https:\/\/c7adapters.com\/wp-content\/uploads\/2025\/10\/c7adapters-opengraph.png","width":693,"height":693,"caption":"c7adapters"},"image":{"@id":"https:\/\/c7adapters.com\/pl\/#\/schema\/logo\/image\/"},"sameAs":["https:\/\/www.facebook.com\/c7adapters"]}]}},"_links":{"self":[{"href":"https:\/\/c7adapters.com\/pl\/wp-json\/wp\/v2\/product\/543","targetHints":{"allow":["GET"]}}],"collection":[{"href":"https:\/\/c7adapters.com\/pl\/wp-json\/wp\/v2\/product"}],"about":[{"href":"https:\/\/c7adapters.com\/pl\/wp-json\/wp\/v2\/types\/product"}],"wp:featuredmedia":[{"embeddable":true,"href":"https:\/\/c7adapters.com\/pl\/wp-json\/wp\/v2\/media\/542"}],"wp:attachment":[{"href":"https:\/\/c7adapters.com\/pl\/wp-json\/wp\/v2\/media?parent=543"}],"wp:term":[{"taxonomy":"product_brand","embeddable":true,"href":"https:\/\/c7adapters.com\/pl\/wp-json\/wp\/v2\/product_brand?post=543"},{"taxonomy":"product_cat","embeddable":true,"href":"https:\/\/c7adapters.com\/pl\/wp-json\/wp\/v2\/product_cat?post=543"},{"taxonomy":"product_tag","embeddable":true,"href":"https:\/\/c7adapters.com\/pl\/wp-json\/wp\/v2\/product_tag?post=543"}],"curies":[{"name":"wp","href":"https:\/\/api.w.org\/{rel}","templated":true}]}}