{"id":4346,"date":"2026-04-24T13:34:37","date_gmt":"2026-04-24T11:34:37","guid":{"rendered":"https:\/\/c7adapters.com\/?post_type=product&#038;p=4346"},"modified":"2026-04-24T13:44:00","modified_gmt":"2026-04-24T11:44:00","slug":"konica-ar-e-mount-copy","status":"publish","type":"product","link":"https:\/\/c7adapters.com\/pl\/adaptery\/canon-rf-mount\/konica-ar-e-mount-copy\/","title":{"rendered":"Konica AR- RF-mount"},"content":{"rendered":"<p><b>Ten adapter pozwala na u\u017cywanie obiektyw\u00f3w z mocowaniem Konica AR w aparatach z mocowaniem RF-mount.<\/b><\/p>\n<p>Posiada mechanizm zaciskowy typu &#8222;positive lock&#8221; , dzi\u0119ki kt\u00f3remu nie wyst\u0119puj\u0105 nawet najmniejsze luzy pomi\u0119dzy mocowaniem a bagnetem obiektywu.<\/p>\n<p><b>G\u0142\u00f3wne cechy:<\/b><\/p>\n<ul>\n<li>Regulowana odleg\u0142o\u015b\u0107 od matrycy (za pomoc\u0105 <a href=\"https:\/\/c7adapters.com\/adapters\/shims\/\">podk\u0142adek<\/a>)<\/li>\n<li>Pier\u015bcie\u0144 blokuj\u0105cy ze stali nierdzewnej<\/li>\n<li>Dok\u0142adno\u015b\u0107 0,005 mm<\/li>\n<li>Niesko\u0144czone ustawianie ostro\u015bci<\/li>\n<li>Wykonane ze stopu stosowanego w lotnictwie<\/li>\n<li>Anodowany na czarno<\/li>\n<li>Do\u0142\u0105czony dekielek<\/li>\n<li>Wyprodukowano w UE<\/li>\n<\/ul>\n<p><b>Kompatibilny z :<\/b><\/p>\n<ul>\n<li>Canon EOS C70,C80, C400, C50<\/li>\n<li>Canon EOS R3, R5, R6, R7, R8, R10, R50, R100, R5II, R6II,<\/li>\n<li>Canon EOS 5RC<\/li>\n<li>Canon EOS R, RP, Ra<\/li>\n<li>RED V-Raptor (RF mount)<\/li>\n<li>RED V-Raptor [X]\u00a0 (RF mount)<\/li>\n<li>RED V-Raptor\u00a0 8K (RF mount)<\/li>\n<\/ul>\n","protected":false},"excerpt":{"rendered":"<p>&nbsp;<\/p>\n","protected":false},"featured_media":1493,"template":"","meta":{"_acf_changed":false},"product_brand":[],"product_cat":[95,105,106],"product_tag":[],"class_list":{"0":"post-4346","1":"product","2":"type-product","3":"status-publish","4":"has-post-thumbnail","6":"product_cat-canon-rf-mount","7":"product_cat-red-komodo","8":"product_cat-red-v-raptor","10":"first","11":"instock","12":"taxable","13":"shipping-taxable","14":"purchasable","15":"product-type-variable","16":"has-default-attributes"},"acf":[],"yoast_head":"<!-- This site is optimized with the Yoast SEO plugin v27.4 - https:\/\/yoast.com\/product\/yoast-seo-wordpress\/ -->\n<title>Konica AR- RF-mount - c7adapters<\/title>\n<meta name=\"description\" content=\"Ten adapter pozwala na u\u017cywanie obiektyw\u00f3w z mocowaniem Konica AR w aparatach z mocowaniem Sony E.\" \/>\n<meta name=\"robots\" content=\"index, follow, max-snippet:-1, max-image-preview:large, max-video-preview:-1\" \/>\n<link rel=\"canonical\" href=\"https:\/\/c7adapters.com\/pl\/adaptery\/canon-rf-mount\/konica-ar-e-mount-copy\/\" \/>\n<meta property=\"og:locale\" content=\"pl_PL\" \/>\n<meta property=\"og:type\" content=\"article\" \/>\n<meta property=\"og:title\" content=\"Konica AR- RF-mount - c7adapters\" \/>\n<meta property=\"og:description\" content=\"Ten adapter pozwala na u\u017cywanie obiektyw\u00f3w z mocowaniem Konica AR w aparatach z mocowaniem Sony E.\" \/>\n<meta property=\"og:url\" content=\"https:\/\/c7adapters.com\/pl\/adaptery\/canon-rf-mount\/konica-ar-e-mount-copy\/\" \/>\n<meta property=\"og:site_name\" content=\"c7adapters\" \/>\n<meta property=\"article:publisher\" content=\"https:\/\/www.facebook.com\/c7adapters\" \/>\n<meta property=\"article:modified_time\" content=\"2026-04-24T11:44:00+00:00\" \/>\n<meta property=\"og:image\" content=\"https:\/\/c7adapters.com\/wp-content\/uploads\/2025\/10\/zoom_668d880545c30.jpg\" \/>\n\t<meta property=\"og:image:width\" content=\"1111\" \/>\n\t<meta property=\"og:image:height\" content=\"900\" \/>\n\t<meta property=\"og:image:type\" content=\"image\/jpeg\" \/>\n<meta name=\"twitter:card\" content=\"summary_large_image\" \/>\n<meta name=\"twitter:label1\" content=\"Szacowany czas czytania\" \/>\n\t<meta name=\"twitter:data1\" content=\"1 minuta\" \/>\n<script type=\"application\/ld+json\" class=\"yoast-schema-graph\">{\"@context\":\"https:\\\/\\\/schema.org\",\"@graph\":[{\"@type\":\"WebPage\",\"@id\":\"https:\\\/\\\/c7adapters.com\\\/pl\\\/adaptery\\\/canon-rf-mount\\\/konica-ar-e-mount-copy\\\/\",\"url\":\"https:\\\/\\\/c7adapters.com\\\/pl\\\/adaptery\\\/canon-rf-mount\\\/konica-ar-e-mount-copy\\\/\",\"name\":\"Konica AR- RF-mount - c7adapters\",\"isPartOf\":{\"@id\":\"https:\\\/\\\/c7adapters.com\\\/pl\\\/#website\"},\"primaryImageOfPage\":{\"@id\":\"https:\\\/\\\/c7adapters.com\\\/pl\\\/adaptery\\\/canon-rf-mount\\\/konica-ar-e-mount-copy\\\/#primaryimage\"},\"image\":{\"@id\":\"https:\\\/\\\/c7adapters.com\\\/pl\\\/adaptery\\\/canon-rf-mount\\\/konica-ar-e-mount-copy\\\/#primaryimage\"},\"thumbnailUrl\":\"https:\\\/\\\/c7adapters.com\\\/wp-content\\\/uploads\\\/2025\\\/10\\\/zoom_668d880545c30.jpg\",\"datePublished\":\"2026-04-24T11:34:37+00:00\",\"dateModified\":\"2026-04-24T11:44:00+00:00\",\"description\":\"Ten adapter pozwala na u\u017cywanie obiektyw\u00f3w z mocowaniem Konica AR w aparatach z mocowaniem Sony E.\",\"breadcrumb\":{\"@id\":\"https:\\\/\\\/c7adapters.com\\\/pl\\\/adaptery\\\/canon-rf-mount\\\/konica-ar-e-mount-copy\\\/#breadcrumb\"},\"inLanguage\":\"pl-PL\",\"potentialAction\":[{\"@type\":\"ReadAction\",\"target\":[\"https:\\\/\\\/c7adapters.com\\\/pl\\\/adaptery\\\/canon-rf-mount\\\/konica-ar-e-mount-copy\\\/\"]}]},{\"@type\":\"ImageObject\",\"inLanguage\":\"pl-PL\",\"@id\":\"https:\\\/\\\/c7adapters.com\\\/pl\\\/adaptery\\\/canon-rf-mount\\\/konica-ar-e-mount-copy\\\/#primaryimage\",\"url\":\"https:\\\/\\\/c7adapters.com\\\/wp-content\\\/uploads\\\/2025\\\/10\\\/zoom_668d880545c30.jpg\",\"contentUrl\":\"https:\\\/\\\/c7adapters.com\\\/wp-content\\\/uploads\\\/2025\\\/10\\\/zoom_668d880545c30.jpg\",\"width\":1111,\"height\":900},{\"@type\":\"BreadcrumbList\",\"@id\":\"https:\\\/\\\/c7adapters.com\\\/pl\\\/adaptery\\\/canon-rf-mount\\\/konica-ar-e-mount-copy\\\/#breadcrumb\",\"itemListElement\":[{\"@type\":\"ListItem\",\"position\":1,\"name\":\"Strona g\u0142\u00f3wna\",\"item\":\"https:\\\/\\\/c7adapters.com\\\/pl\\\/\"},{\"@type\":\"ListItem\",\"position\":2,\"name\":\"Sklep\",\"item\":\"https:\\\/\\\/c7adapters.com\\\/pl\\\/sklep\\\/\"},{\"@type\":\"ListItem\",\"position\":3,\"name\":\"Konica AR- RF-mount\"}]},{\"@type\":\"WebSite\",\"@id\":\"https:\\\/\\\/c7adapters.com\\\/pl\\\/#website\",\"url\":\"https:\\\/\\\/c7adapters.com\\\/pl\\\/\",\"name\":\"c7adapters\",\"description\":\"Najwy\u017cszej klasy akcesoria fotograficzne\",\"publisher\":{\"@id\":\"https:\\\/\\\/c7adapters.com\\\/pl\\\/#organization\"},\"alternateName\":\"c7adapters\",\"potentialAction\":[{\"@type\":\"SearchAction\",\"target\":{\"@type\":\"EntryPoint\",\"urlTemplate\":\"https:\\\/\\\/c7adapters.com\\\/pl\\\/?s={search_term_string}\"},\"query-input\":{\"@type\":\"PropertyValueSpecification\",\"valueRequired\":true,\"valueName\":\"search_term_string\"}}],\"inLanguage\":\"pl-PL\"},{\"@type\":\"Organization\",\"@id\":\"https:\\\/\\\/c7adapters.com\\\/pl\\\/#organization\",\"name\":\"c7adapters\",\"alternateName\":\"Highest quality photographic equipment\",\"url\":\"https:\\\/\\\/c7adapters.com\\\/pl\\\/\",\"logo\":{\"@type\":\"ImageObject\",\"inLanguage\":\"pl-PL\",\"@id\":\"https:\\\/\\\/c7adapters.com\\\/pl\\\/#\\\/schema\\\/logo\\\/image\\\/\",\"url\":\"https:\\\/\\\/c7adapters.com\\\/wp-content\\\/uploads\\\/2025\\\/10\\\/c7adapters-opengraph.png\",\"contentUrl\":\"https:\\\/\\\/c7adapters.com\\\/wp-content\\\/uploads\\\/2025\\\/10\\\/c7adapters-opengraph.png\",\"width\":693,\"height\":693,\"caption\":\"c7adapters\"},\"image\":{\"@id\":\"https:\\\/\\\/c7adapters.com\\\/pl\\\/#\\\/schema\\\/logo\\\/image\\\/\"},\"sameAs\":[\"https:\\\/\\\/www.facebook.com\\\/c7adapters\"]}]}<\/script>\n<!-- \/ Yoast SEO plugin. -->","yoast_head_json":{"title":"Konica AR- RF-mount - c7adapters","description":"Ten adapter pozwala na u\u017cywanie obiektyw\u00f3w z mocowaniem Konica AR w aparatach z mocowaniem Sony E.","robots":{"index":"index","follow":"follow","max-snippet":"max-snippet:-1","max-image-preview":"max-image-preview:large","max-video-preview":"max-video-preview:-1"},"canonical":"https:\/\/c7adapters.com\/pl\/adaptery\/canon-rf-mount\/konica-ar-e-mount-copy\/","og_locale":"pl_PL","og_type":"article","og_title":"Konica AR- RF-mount - c7adapters","og_description":"Ten adapter pozwala na u\u017cywanie obiektyw\u00f3w z mocowaniem Konica AR w aparatach z mocowaniem Sony E.","og_url":"https:\/\/c7adapters.com\/pl\/adaptery\/canon-rf-mount\/konica-ar-e-mount-copy\/","og_site_name":"c7adapters","article_publisher":"https:\/\/www.facebook.com\/c7adapters","article_modified_time":"2026-04-24T11:44:00+00:00","og_image":[{"width":1111,"height":900,"url":"https:\/\/c7adapters.com\/wp-content\/uploads\/2025\/10\/zoom_668d880545c30.jpg","type":"image\/jpeg"}],"twitter_card":"summary_large_image","twitter_misc":{"Szacowany czas czytania":"1 minuta"},"schema":{"@context":"https:\/\/schema.org","@graph":[{"@type":"WebPage","@id":"https:\/\/c7adapters.com\/pl\/adaptery\/canon-rf-mount\/konica-ar-e-mount-copy\/","url":"https:\/\/c7adapters.com\/pl\/adaptery\/canon-rf-mount\/konica-ar-e-mount-copy\/","name":"Konica AR- RF-mount - c7adapters","isPartOf":{"@id":"https:\/\/c7adapters.com\/pl\/#website"},"primaryImageOfPage":{"@id":"https:\/\/c7adapters.com\/pl\/adaptery\/canon-rf-mount\/konica-ar-e-mount-copy\/#primaryimage"},"image":{"@id":"https:\/\/c7adapters.com\/pl\/adaptery\/canon-rf-mount\/konica-ar-e-mount-copy\/#primaryimage"},"thumbnailUrl":"https:\/\/c7adapters.com\/wp-content\/uploads\/2025\/10\/zoom_668d880545c30.jpg","datePublished":"2026-04-24T11:34:37+00:00","dateModified":"2026-04-24T11:44:00+00:00","description":"Ten adapter pozwala na u\u017cywanie obiektyw\u00f3w z mocowaniem Konica AR w aparatach z mocowaniem Sony E.","breadcrumb":{"@id":"https:\/\/c7adapters.com\/pl\/adaptery\/canon-rf-mount\/konica-ar-e-mount-copy\/#breadcrumb"},"inLanguage":"pl-PL","potentialAction":[{"@type":"ReadAction","target":["https:\/\/c7adapters.com\/pl\/adaptery\/canon-rf-mount\/konica-ar-e-mount-copy\/"]}]},{"@type":"ImageObject","inLanguage":"pl-PL","@id":"https:\/\/c7adapters.com\/pl\/adaptery\/canon-rf-mount\/konica-ar-e-mount-copy\/#primaryimage","url":"https:\/\/c7adapters.com\/wp-content\/uploads\/2025\/10\/zoom_668d880545c30.jpg","contentUrl":"https:\/\/c7adapters.com\/wp-content\/uploads\/2025\/10\/zoom_668d880545c30.jpg","width":1111,"height":900},{"@type":"BreadcrumbList","@id":"https:\/\/c7adapters.com\/pl\/adaptery\/canon-rf-mount\/konica-ar-e-mount-copy\/#breadcrumb","itemListElement":[{"@type":"ListItem","position":1,"name":"Strona g\u0142\u00f3wna","item":"https:\/\/c7adapters.com\/pl\/"},{"@type":"ListItem","position":2,"name":"Sklep","item":"https:\/\/c7adapters.com\/pl\/sklep\/"},{"@type":"ListItem","position":3,"name":"Konica AR- RF-mount"}]},{"@type":"WebSite","@id":"https:\/\/c7adapters.com\/pl\/#website","url":"https:\/\/c7adapters.com\/pl\/","name":"c7adapters","description":"Najwy\u017cszej klasy akcesoria fotograficzne","publisher":{"@id":"https:\/\/c7adapters.com\/pl\/#organization"},"alternateName":"c7adapters","potentialAction":[{"@type":"SearchAction","target":{"@type":"EntryPoint","urlTemplate":"https:\/\/c7adapters.com\/pl\/?s={search_term_string}"},"query-input":{"@type":"PropertyValueSpecification","valueRequired":true,"valueName":"search_term_string"}}],"inLanguage":"pl-PL"},{"@type":"Organization","@id":"https:\/\/c7adapters.com\/pl\/#organization","name":"c7adapters","alternateName":"Highest quality photographic equipment","url":"https:\/\/c7adapters.com\/pl\/","logo":{"@type":"ImageObject","inLanguage":"pl-PL","@id":"https:\/\/c7adapters.com\/pl\/#\/schema\/logo\/image\/","url":"https:\/\/c7adapters.com\/wp-content\/uploads\/2025\/10\/c7adapters-opengraph.png","contentUrl":"https:\/\/c7adapters.com\/wp-content\/uploads\/2025\/10\/c7adapters-opengraph.png","width":693,"height":693,"caption":"c7adapters"},"image":{"@id":"https:\/\/c7adapters.com\/pl\/#\/schema\/logo\/image\/"},"sameAs":["https:\/\/www.facebook.com\/c7adapters"]}]}},"_links":{"self":[{"href":"https:\/\/c7adapters.com\/pl\/wp-json\/wp\/v2\/product\/4346","targetHints":{"allow":["GET"]}}],"collection":[{"href":"https:\/\/c7adapters.com\/pl\/wp-json\/wp\/v2\/product"}],"about":[{"href":"https:\/\/c7adapters.com\/pl\/wp-json\/wp\/v2\/types\/product"}],"wp:featuredmedia":[{"embeddable":true,"href":"https:\/\/c7adapters.com\/pl\/wp-json\/wp\/v2\/media\/1493"}],"wp:attachment":[{"href":"https:\/\/c7adapters.com\/pl\/wp-json\/wp\/v2\/media?parent=4346"}],"wp:term":[{"taxonomy":"product_brand","embeddable":true,"href":"https:\/\/c7adapters.com\/pl\/wp-json\/wp\/v2\/product_brand?post=4346"},{"taxonomy":"product_cat","embeddable":true,"href":"https:\/\/c7adapters.com\/pl\/wp-json\/wp\/v2\/product_cat?post=4346"},{"taxonomy":"product_tag","embeddable":true,"href":"https:\/\/c7adapters.com\/pl\/wp-json\/wp\/v2\/product_tag?post=4346"}],"curies":[{"name":"wp","href":"https:\/\/api.w.org\/{rel}","templated":true}]}}