{"id":4246,"date":"2026-04-07T10:20:34","date_gmt":"2026-04-07T08:20:34","guid":{"rendered":"https:\/\/c7adapters.com\/?post_type=product&#038;p=4246"},"modified":"2026-04-07T13:07:48","modified_gmt":"2026-04-07T11:07:48","slug":"lpl-mount-filter-pyxis-copy","status":"publish","type":"product","link":"https:\/\/c7adapters.com\/pl\/mocowania\/blackmagic\/lpl-mount-filter-pyxis-copy\/","title":{"rendered":"LPL mount (LCminiND) &#8211; PYXIS"},"content":{"rendered":"<p><b>To mocowanie umo\u017cliwia stosowanie obiektyw\u00f3w LPL mount w kamerach PYXIS.<\/b><\/p>\n<p>Mocowanie jest kompatybilne z\u00a0 filtrami KipperTie Adapta LCminiND i LCminiCLR ( filtry nie s\u0105 do\u0142\u0105czone).<\/p>\n<p><b>G\u0142\u00f3wne cechy:<\/b><\/p>\n<ul>\n<li>Regulowana odleg\u0142o\u015b\u0107 ostrzenia (podk\u0142adki dost\u0119pne <a href=\"https:\/\/c7adapters.com\/adapters\/shims\/\">tutaj<\/a>)<\/li>\n<li>G\u0142\u0119boko\u015b\u0107 mocowania &#8211; 25mm<\/li>\n<li>Nie obs\u0142uguje systemu LDS2<\/li>\n<li>Dok\u0142adno\u015b\u0107 0,005 mm<\/li>\n<li>Ostro\u015bc do niesko\u0144czono\u015bci<\/li>\n<li>Wykonane z Duralu AW7075<\/li>\n<li>Anodowany na czarno<\/li>\n<li>Waga (bez dekielka LPL) \u2013 308 g \/ 0,68 funta<\/li>\n<li>Waga (bez dekielka LPL) \u2013 wersja stalowa \u2013 337 g \/ 0,74 funta<\/li>\n<li>Wyprodukowano w UE<\/li>\n<\/ul>\n<p><b>Kompatybilny z:<\/b><\/p>\n<ul>\n<li><b>Blackmagic PYXIS 6K<\/b><\/li>\n<li><b>Blackmagic PYXIS 12K<\/b><\/li>\n<\/ul>\n<p>&nbsp;<\/p>\n","protected":false},"excerpt":{"rendered":"<p>&nbsp;<\/p>\n","protected":false},"featured_media":4262,"template":"","meta":{"_acf_changed":false},"product_brand":[],"product_cat":[114],"product_tag":[],"class_list":{"0":"post-4246","1":"product","2":"type-product","3":"status-publish","4":"has-post-thumbnail","6":"product_cat-blackmagic","8":"first","9":"outofstock","10":"taxable","11":"shipping-taxable","12":"purchasable","13":"product-type-variable","14":"has-default-attributes"},"acf":[],"yoast_head":"<!-- This site is optimized with the Yoast SEO plugin v27.5 - https:\/\/yoast.com\/product\/yoast-seo-wordpress\/ -->\n<title>LPL mount (LCminiND) - PYXIS - c7adapters<\/title>\n<meta name=\"robots\" content=\"index, follow, max-snippet:-1, max-image-preview:large, max-video-preview:-1\" \/>\n<link rel=\"canonical\" href=\"https:\/\/c7adapters.com\/pl\/mocowania\/blackmagic\/lpl-mount-filter-pyxis-copy\/\" \/>\n<meta property=\"og:locale\" content=\"pl_PL\" \/>\n<meta property=\"og:type\" content=\"article\" \/>\n<meta property=\"og:title\" content=\"LPL mount (LCminiND) - PYXIS - c7adapters\" \/>\n<meta property=\"og:description\" content=\"&nbsp;\" \/>\n<meta property=\"og:url\" content=\"https:\/\/c7adapters.com\/pl\/mocowania\/blackmagic\/lpl-mount-filter-pyxis-copy\/\" \/>\n<meta property=\"og:site_name\" content=\"c7adapters\" \/>\n<meta property=\"article:publisher\" content=\"https:\/\/www.facebook.com\/c7adapters\" \/>\n<meta property=\"article:modified_time\" content=\"2026-04-07T11:07:48+00:00\" \/>\n<meta property=\"og:image\" content=\"https:\/\/c7adapters.com\/wp-content\/uploads\/2026\/04\/LPL_lens_mount_LCminiND_kippertie_pyxis_blackmagic_adapter_c7adapters-scaled.jpg\" \/>\n\t<meta property=\"og:image:width\" content=\"2560\" \/>\n\t<meta property=\"og:image:height\" content=\"2350\" \/>\n\t<meta property=\"og:image:type\" content=\"image\/jpeg\" \/>\n<meta name=\"twitter:card\" content=\"summary_large_image\" \/>\n<meta name=\"twitter:label1\" content=\"Szacowany czas czytania\" \/>\n\t<meta name=\"twitter:data1\" content=\"1 minuta\" \/>\n<script type=\"application\/ld+json\" class=\"yoast-schema-graph\">{\"@context\":\"https:\\\/\\\/schema.org\",\"@graph\":[{\"@type\":\"WebPage\",\"@id\":\"https:\\\/\\\/c7adapters.com\\\/pl\\\/mocowania\\\/blackmagic\\\/lpl-mount-filter-pyxis-copy\\\/\",\"url\":\"https:\\\/\\\/c7adapters.com\\\/pl\\\/mocowania\\\/blackmagic\\\/lpl-mount-filter-pyxis-copy\\\/\",\"name\":\"LPL mount (LCminiND) - PYXIS - c7adapters\",\"isPartOf\":{\"@id\":\"https:\\\/\\\/c7adapters.com\\\/pl\\\/#website\"},\"primaryImageOfPage\":{\"@id\":\"https:\\\/\\\/c7adapters.com\\\/pl\\\/mocowania\\\/blackmagic\\\/lpl-mount-filter-pyxis-copy\\\/#primaryimage\"},\"image\":{\"@id\":\"https:\\\/\\\/c7adapters.com\\\/pl\\\/mocowania\\\/blackmagic\\\/lpl-mount-filter-pyxis-copy\\\/#primaryimage\"},\"thumbnailUrl\":\"https:\\\/\\\/c7adapters.com\\\/wp-content\\\/uploads\\\/2026\\\/04\\\/LPL_lens_mount_LCminiND_kippertie_pyxis_blackmagic_adapter_c7adapters-scaled.jpg\",\"datePublished\":\"2026-04-07T08:20:34+00:00\",\"dateModified\":\"2026-04-07T11:07:48+00:00\",\"breadcrumb\":{\"@id\":\"https:\\\/\\\/c7adapters.com\\\/pl\\\/mocowania\\\/blackmagic\\\/lpl-mount-filter-pyxis-copy\\\/#breadcrumb\"},\"inLanguage\":\"pl-PL\",\"potentialAction\":[{\"@type\":\"ReadAction\",\"target\":[\"https:\\\/\\\/c7adapters.com\\\/pl\\\/mocowania\\\/blackmagic\\\/lpl-mount-filter-pyxis-copy\\\/\"]}]},{\"@type\":\"ImageObject\",\"inLanguage\":\"pl-PL\",\"@id\":\"https:\\\/\\\/c7adapters.com\\\/pl\\\/mocowania\\\/blackmagic\\\/lpl-mount-filter-pyxis-copy\\\/#primaryimage\",\"url\":\"https:\\\/\\\/c7adapters.com\\\/wp-content\\\/uploads\\\/2026\\\/04\\\/LPL_lens_mount_LCminiND_kippertie_pyxis_blackmagic_adapter_c7adapters-scaled.jpg\",\"contentUrl\":\"https:\\\/\\\/c7adapters.com\\\/wp-content\\\/uploads\\\/2026\\\/04\\\/LPL_lens_mount_LCminiND_kippertie_pyxis_blackmagic_adapter_c7adapters-scaled.jpg\",\"width\":2560,\"height\":2350},{\"@type\":\"BreadcrumbList\",\"@id\":\"https:\\\/\\\/c7adapters.com\\\/pl\\\/mocowania\\\/blackmagic\\\/lpl-mount-filter-pyxis-copy\\\/#breadcrumb\",\"itemListElement\":[{\"@type\":\"ListItem\",\"position\":1,\"name\":\"Strona g\u0142\u00f3wna\",\"item\":\"https:\\\/\\\/c7adapters.com\\\/pl\\\/\"},{\"@type\":\"ListItem\",\"position\":2,\"name\":\"Sklep\",\"item\":\"https:\\\/\\\/c7adapters.com\\\/pl\\\/sklep\\\/\"},{\"@type\":\"ListItem\",\"position\":3,\"name\":\"LPL mount (LCminiND) &#8211; PYXIS\"}]},{\"@type\":\"WebSite\",\"@id\":\"https:\\\/\\\/c7adapters.com\\\/pl\\\/#website\",\"url\":\"https:\\\/\\\/c7adapters.com\\\/pl\\\/\",\"name\":\"c7adapters\",\"description\":\"Najwy\u017cszej klasy akcesoria fotograficzne\",\"publisher\":{\"@id\":\"https:\\\/\\\/c7adapters.com\\\/pl\\\/#organization\"},\"alternateName\":\"c7adapters\",\"potentialAction\":[{\"@type\":\"SearchAction\",\"target\":{\"@type\":\"EntryPoint\",\"urlTemplate\":\"https:\\\/\\\/c7adapters.com\\\/pl\\\/?s={search_term_string}\"},\"query-input\":{\"@type\":\"PropertyValueSpecification\",\"valueRequired\":true,\"valueName\":\"search_term_string\"}}],\"inLanguage\":\"pl-PL\"},{\"@type\":\"Organization\",\"@id\":\"https:\\\/\\\/c7adapters.com\\\/pl\\\/#organization\",\"name\":\"c7adapters\",\"alternateName\":\"Highest quality photographic equipment\",\"url\":\"https:\\\/\\\/c7adapters.com\\\/pl\\\/\",\"logo\":{\"@type\":\"ImageObject\",\"inLanguage\":\"pl-PL\",\"@id\":\"https:\\\/\\\/c7adapters.com\\\/pl\\\/#\\\/schema\\\/logo\\\/image\\\/\",\"url\":\"https:\\\/\\\/c7adapters.com\\\/wp-content\\\/uploads\\\/2025\\\/10\\\/c7adapters-opengraph.png\",\"contentUrl\":\"https:\\\/\\\/c7adapters.com\\\/wp-content\\\/uploads\\\/2025\\\/10\\\/c7adapters-opengraph.png\",\"width\":693,\"height\":693,\"caption\":\"c7adapters\"},\"image\":{\"@id\":\"https:\\\/\\\/c7adapters.com\\\/pl\\\/#\\\/schema\\\/logo\\\/image\\\/\"},\"sameAs\":[\"https:\\\/\\\/www.facebook.com\\\/c7adapters\",\"https:\\\/\\\/www.instagram.com\\\/c7adapters\\\/\"]}]}<\/script>\n<!-- \/ Yoast SEO plugin. -->","yoast_head_json":{"title":"LPL mount (LCminiND) - PYXIS - c7adapters","robots":{"index":"index","follow":"follow","max-snippet":"max-snippet:-1","max-image-preview":"max-image-preview:large","max-video-preview":"max-video-preview:-1"},"canonical":"https:\/\/c7adapters.com\/pl\/mocowania\/blackmagic\/lpl-mount-filter-pyxis-copy\/","og_locale":"pl_PL","og_type":"article","og_title":"LPL mount (LCminiND) - PYXIS - c7adapters","og_description":"&nbsp;","og_url":"https:\/\/c7adapters.com\/pl\/mocowania\/blackmagic\/lpl-mount-filter-pyxis-copy\/","og_site_name":"c7adapters","article_publisher":"https:\/\/www.facebook.com\/c7adapters","article_modified_time":"2026-04-07T11:07:48+00:00","og_image":[{"width":2560,"height":2350,"url":"https:\/\/c7adapters.com\/wp-content\/uploads\/2026\/04\/LPL_lens_mount_LCminiND_kippertie_pyxis_blackmagic_adapter_c7adapters-scaled.jpg","type":"image\/jpeg"}],"twitter_card":"summary_large_image","twitter_misc":{"Szacowany czas czytania":"1 minuta"},"schema":{"@context":"https:\/\/schema.org","@graph":[{"@type":"WebPage","@id":"https:\/\/c7adapters.com\/pl\/mocowania\/blackmagic\/lpl-mount-filter-pyxis-copy\/","url":"https:\/\/c7adapters.com\/pl\/mocowania\/blackmagic\/lpl-mount-filter-pyxis-copy\/","name":"LPL mount (LCminiND) - PYXIS - c7adapters","isPartOf":{"@id":"https:\/\/c7adapters.com\/pl\/#website"},"primaryImageOfPage":{"@id":"https:\/\/c7adapters.com\/pl\/mocowania\/blackmagic\/lpl-mount-filter-pyxis-copy\/#primaryimage"},"image":{"@id":"https:\/\/c7adapters.com\/pl\/mocowania\/blackmagic\/lpl-mount-filter-pyxis-copy\/#primaryimage"},"thumbnailUrl":"https:\/\/c7adapters.com\/wp-content\/uploads\/2026\/04\/LPL_lens_mount_LCminiND_kippertie_pyxis_blackmagic_adapter_c7adapters-scaled.jpg","datePublished":"2026-04-07T08:20:34+00:00","dateModified":"2026-04-07T11:07:48+00:00","breadcrumb":{"@id":"https:\/\/c7adapters.com\/pl\/mocowania\/blackmagic\/lpl-mount-filter-pyxis-copy\/#breadcrumb"},"inLanguage":"pl-PL","potentialAction":[{"@type":"ReadAction","target":["https:\/\/c7adapters.com\/pl\/mocowania\/blackmagic\/lpl-mount-filter-pyxis-copy\/"]}]},{"@type":"ImageObject","inLanguage":"pl-PL","@id":"https:\/\/c7adapters.com\/pl\/mocowania\/blackmagic\/lpl-mount-filter-pyxis-copy\/#primaryimage","url":"https:\/\/c7adapters.com\/wp-content\/uploads\/2026\/04\/LPL_lens_mount_LCminiND_kippertie_pyxis_blackmagic_adapter_c7adapters-scaled.jpg","contentUrl":"https:\/\/c7adapters.com\/wp-content\/uploads\/2026\/04\/LPL_lens_mount_LCminiND_kippertie_pyxis_blackmagic_adapter_c7adapters-scaled.jpg","width":2560,"height":2350},{"@type":"BreadcrumbList","@id":"https:\/\/c7adapters.com\/pl\/mocowania\/blackmagic\/lpl-mount-filter-pyxis-copy\/#breadcrumb","itemListElement":[{"@type":"ListItem","position":1,"name":"Strona g\u0142\u00f3wna","item":"https:\/\/c7adapters.com\/pl\/"},{"@type":"ListItem","position":2,"name":"Sklep","item":"https:\/\/c7adapters.com\/pl\/sklep\/"},{"@type":"ListItem","position":3,"name":"LPL mount (LCminiND) &#8211; PYXIS"}]},{"@type":"WebSite","@id":"https:\/\/c7adapters.com\/pl\/#website","url":"https:\/\/c7adapters.com\/pl\/","name":"c7adapters","description":"Najwy\u017cszej klasy akcesoria fotograficzne","publisher":{"@id":"https:\/\/c7adapters.com\/pl\/#organization"},"alternateName":"c7adapters","potentialAction":[{"@type":"SearchAction","target":{"@type":"EntryPoint","urlTemplate":"https:\/\/c7adapters.com\/pl\/?s={search_term_string}"},"query-input":{"@type":"PropertyValueSpecification","valueRequired":true,"valueName":"search_term_string"}}],"inLanguage":"pl-PL"},{"@type":"Organization","@id":"https:\/\/c7adapters.com\/pl\/#organization","name":"c7adapters","alternateName":"Highest quality photographic equipment","url":"https:\/\/c7adapters.com\/pl\/","logo":{"@type":"ImageObject","inLanguage":"pl-PL","@id":"https:\/\/c7adapters.com\/pl\/#\/schema\/logo\/image\/","url":"https:\/\/c7adapters.com\/wp-content\/uploads\/2025\/10\/c7adapters-opengraph.png","contentUrl":"https:\/\/c7adapters.com\/wp-content\/uploads\/2025\/10\/c7adapters-opengraph.png","width":693,"height":693,"caption":"c7adapters"},"image":{"@id":"https:\/\/c7adapters.com\/pl\/#\/schema\/logo\/image\/"},"sameAs":["https:\/\/www.facebook.com\/c7adapters","https:\/\/www.instagram.com\/c7adapters\/"]}]}},"_links":{"self":[{"href":"https:\/\/c7adapters.com\/pl\/wp-json\/wp\/v2\/product\/4246","targetHints":{"allow":["GET"]}}],"collection":[{"href":"https:\/\/c7adapters.com\/pl\/wp-json\/wp\/v2\/product"}],"about":[{"href":"https:\/\/c7adapters.com\/pl\/wp-json\/wp\/v2\/types\/product"}],"wp:featuredmedia":[{"embeddable":true,"href":"https:\/\/c7adapters.com\/pl\/wp-json\/wp\/v2\/media\/4262"}],"wp:attachment":[{"href":"https:\/\/c7adapters.com\/pl\/wp-json\/wp\/v2\/media?parent=4246"}],"wp:term":[{"taxonomy":"product_brand","embeddable":true,"href":"https:\/\/c7adapters.com\/pl\/wp-json\/wp\/v2\/product_brand?post=4246"},{"taxonomy":"product_cat","embeddable":true,"href":"https:\/\/c7adapters.com\/pl\/wp-json\/wp\/v2\/product_cat?post=4246"},{"taxonomy":"product_tag","embeddable":true,"href":"https:\/\/c7adapters.com\/pl\/wp-json\/wp\/v2\/product_tag?post=4246"}],"curies":[{"name":"wp","href":"https:\/\/api.w.org\/{rel}","templated":true}]}}