{"id":3948,"date":"2026-02-14T09:36:28","date_gmt":"2026-02-14T08:36:28","guid":{"rendered":"https:\/\/c7adapters.com\/?post_type=product&#038;p=3948"},"modified":"2026-02-14T10:19:09","modified_gmt":"2026-02-14T09:19:09","slug":"aaton-bolex-bayonet-copy","status":"publish","type":"product","link":"https:\/\/c7adapters.com\/pl\/bolex-bayonet\/aaton-bolex-bayonet-copy\/","title":{"rendered":"CP-16 &#8211; Bolex bayonet"},"content":{"rendered":"<p><b>Adapter umo\u017cliwia korzystanie z optykiCP-16 mount z kamerami Bolex Bayonet<\/b><\/p>\n<p><b>G\u0142\u00f3wne cechy:<\/b><\/p>\n<ul>\n<li>Regulowana odleg\u0142o\u015b\u0107 ogniskowa ko\u0142nierza (podk\u0142adki dost\u0119pne <a href=\"https:\/\/c7adapters.com\/adapters\/shims\/pv-pl-shims\/\" target=\"_blank\" rel=\"noopener\"><span style=\"color: #3984c6;\">tutaj<\/span><\/a>)<\/li>\n<li>Dok\u0142adno\u015b\u0107 0,005 mm<\/li>\n<li>Niesko\u0144czone ustawianie ostro\u015bci<\/li>\n<li>Wykonany z anodowanego i barwionego elektrochemicznie Duraluminium<\/li>\n<li>Anodowany na czarno<\/li>\n<li>Wyprodukowano w UE<\/li>\n<\/ul>\n<p><b>Kompatybilny z:<\/b><\/p>\n<ul>\n<li>Bolex SB<\/li>\n<li>Bolex SBM<\/li>\n<li>Bolex EL<\/li>\n<li>Bolex EBM<\/li>\n<\/ul>\n","protected":false},"excerpt":{"rendered":"<p>&nbsp;<\/p>\n","protected":false},"featured_media":3949,"template":"","meta":{"_acf_changed":false},"product_brand":[],"product_cat":[145],"product_tag":[],"class_list":{"0":"post-3948","1":"product","2":"type-product","3":"status-publish","4":"has-post-thumbnail","6":"product_cat-bolex-bayonet","8":"first","9":"instock","10":"taxable","11":"shipping-taxable","12":"purchasable","13":"product-type-simple"},"acf":[],"yoast_head":"<!-- This site is optimized with the Yoast SEO plugin v27.3 - https:\/\/yoast.com\/product\/yoast-seo-wordpress\/ -->\n<title>CP-16 - Bolex bayonet - c7adapters<\/title>\n<meta name=\"description\" content=\"Cinema Products CP-16 lens adapter bolexa batonet camera\" \/>\n<meta name=\"robots\" content=\"index, follow, max-snippet:-1, max-image-preview:large, max-video-preview:-1\" \/>\n<link rel=\"canonical\" href=\"https:\/\/c7adapters.com\/pl\/bolex-bayonet\/aaton-bolex-bayonet-copy\/\" \/>\n<meta property=\"og:locale\" content=\"pl_PL\" \/>\n<meta property=\"og:type\" content=\"article\" \/>\n<meta property=\"og:title\" content=\"CP-16 - Bolex bayonet - c7adapters\" \/>\n<meta property=\"og:description\" content=\"Cinema Products CP-16 lens adapter bolexa batonet camera\" \/>\n<meta property=\"og:url\" content=\"https:\/\/c7adapters.com\/pl\/bolex-bayonet\/aaton-bolex-bayonet-copy\/\" \/>\n<meta property=\"og:site_name\" content=\"c7adapters\" \/>\n<meta property=\"article:publisher\" content=\"https:\/\/www.facebook.com\/c7adapters\" \/>\n<meta property=\"article:modified_time\" content=\"2026-02-14T09:19:09+00:00\" \/>\n<meta property=\"og:image\" content=\"https:\/\/c7adapters.com\/wp-content\/uploads\/2026\/02\/CP-16_lens_mount_MFT_micro43_adapter.jpg\" \/>\n\t<meta property=\"og:image:width\" content=\"608\" \/>\n\t<meta property=\"og:image:height\" content=\"575\" \/>\n\t<meta property=\"og:image:type\" content=\"image\/jpeg\" \/>\n<meta name=\"twitter:card\" content=\"summary_large_image\" \/>\n<meta name=\"twitter:label1\" content=\"Szacowany czas czytania\" \/>\n\t<meta name=\"twitter:data1\" content=\"1 minuta\" \/>\n<script type=\"application\/ld+json\" class=\"yoast-schema-graph\">{\"@context\":\"https:\\\/\\\/schema.org\",\"@graph\":[{\"@type\":\"WebPage\",\"@id\":\"https:\\\/\\\/c7adapters.com\\\/pl\\\/bolex-bayonet\\\/aaton-bolex-bayonet-copy\\\/\",\"url\":\"https:\\\/\\\/c7adapters.com\\\/pl\\\/bolex-bayonet\\\/aaton-bolex-bayonet-copy\\\/\",\"name\":\"CP-16 - Bolex bayonet - c7adapters\",\"isPartOf\":{\"@id\":\"https:\\\/\\\/c7adapters.com\\\/pl\\\/#website\"},\"primaryImageOfPage\":{\"@id\":\"https:\\\/\\\/c7adapters.com\\\/pl\\\/bolex-bayonet\\\/aaton-bolex-bayonet-copy\\\/#primaryimage\"},\"image\":{\"@id\":\"https:\\\/\\\/c7adapters.com\\\/pl\\\/bolex-bayonet\\\/aaton-bolex-bayonet-copy\\\/#primaryimage\"},\"thumbnailUrl\":\"https:\\\/\\\/c7adapters.com\\\/wp-content\\\/uploads\\\/2026\\\/02\\\/CP-16_lens_mount_MFT_micro43_adapter.jpg\",\"datePublished\":\"2026-02-14T08:36:28+00:00\",\"dateModified\":\"2026-02-14T09:19:09+00:00\",\"description\":\"Cinema Products CP-16 lens adapter bolexa batonet camera\",\"breadcrumb\":{\"@id\":\"https:\\\/\\\/c7adapters.com\\\/pl\\\/bolex-bayonet\\\/aaton-bolex-bayonet-copy\\\/#breadcrumb\"},\"inLanguage\":\"pl-PL\",\"potentialAction\":[{\"@type\":\"ReadAction\",\"target\":[\"https:\\\/\\\/c7adapters.com\\\/pl\\\/bolex-bayonet\\\/aaton-bolex-bayonet-copy\\\/\"]}]},{\"@type\":\"ImageObject\",\"inLanguage\":\"pl-PL\",\"@id\":\"https:\\\/\\\/c7adapters.com\\\/pl\\\/bolex-bayonet\\\/aaton-bolex-bayonet-copy\\\/#primaryimage\",\"url\":\"https:\\\/\\\/c7adapters.com\\\/wp-content\\\/uploads\\\/2026\\\/02\\\/CP-16_lens_mount_MFT_micro43_adapter.jpg\",\"contentUrl\":\"https:\\\/\\\/c7adapters.com\\\/wp-content\\\/uploads\\\/2026\\\/02\\\/CP-16_lens_mount_MFT_micro43_adapter.jpg\",\"width\":608,\"height\":575},{\"@type\":\"BreadcrumbList\",\"@id\":\"https:\\\/\\\/c7adapters.com\\\/pl\\\/bolex-bayonet\\\/aaton-bolex-bayonet-copy\\\/#breadcrumb\",\"itemListElement\":[{\"@type\":\"ListItem\",\"position\":1,\"name\":\"Strona g\u0142\u00f3wna\",\"item\":\"https:\\\/\\\/c7adapters.com\\\/pl\\\/\"},{\"@type\":\"ListItem\",\"position\":2,\"name\":\"Sklep\",\"item\":\"https:\\\/\\\/c7adapters.com\\\/pl\\\/sklep\\\/\"},{\"@type\":\"ListItem\",\"position\":3,\"name\":\"CP-16 &#8211; Bolex bayonet\"}]},{\"@type\":\"WebSite\",\"@id\":\"https:\\\/\\\/c7adapters.com\\\/pl\\\/#website\",\"url\":\"https:\\\/\\\/c7adapters.com\\\/pl\\\/\",\"name\":\"c7adapters\",\"description\":\"Najwy\u017cszej klasy akcesoria fotograficzne\",\"publisher\":{\"@id\":\"https:\\\/\\\/c7adapters.com\\\/pl\\\/#organization\"},\"alternateName\":\"c7adapters\",\"potentialAction\":[{\"@type\":\"SearchAction\",\"target\":{\"@type\":\"EntryPoint\",\"urlTemplate\":\"https:\\\/\\\/c7adapters.com\\\/pl\\\/?s={search_term_string}\"},\"query-input\":{\"@type\":\"PropertyValueSpecification\",\"valueRequired\":true,\"valueName\":\"search_term_string\"}}],\"inLanguage\":\"pl-PL\"},{\"@type\":\"Organization\",\"@id\":\"https:\\\/\\\/c7adapters.com\\\/pl\\\/#organization\",\"name\":\"c7adapters\",\"alternateName\":\"Highest quality photographic equipment\",\"url\":\"https:\\\/\\\/c7adapters.com\\\/pl\\\/\",\"logo\":{\"@type\":\"ImageObject\",\"inLanguage\":\"pl-PL\",\"@id\":\"https:\\\/\\\/c7adapters.com\\\/pl\\\/#\\\/schema\\\/logo\\\/image\\\/\",\"url\":\"https:\\\/\\\/c7adapters.com\\\/wp-content\\\/uploads\\\/2025\\\/10\\\/c7adapters-opengraph.png\",\"contentUrl\":\"https:\\\/\\\/c7adapters.com\\\/wp-content\\\/uploads\\\/2025\\\/10\\\/c7adapters-opengraph.png\",\"width\":693,\"height\":693,\"caption\":\"c7adapters\"},\"image\":{\"@id\":\"https:\\\/\\\/c7adapters.com\\\/pl\\\/#\\\/schema\\\/logo\\\/image\\\/\"},\"sameAs\":[\"https:\\\/\\\/www.facebook.com\\\/c7adapters\"]}]}<\/script>\n<!-- \/ Yoast SEO plugin. -->","yoast_head_json":{"title":"CP-16 - Bolex bayonet - c7adapters","description":"Cinema Products CP-16 lens adapter bolexa batonet camera","robots":{"index":"index","follow":"follow","max-snippet":"max-snippet:-1","max-image-preview":"max-image-preview:large","max-video-preview":"max-video-preview:-1"},"canonical":"https:\/\/c7adapters.com\/pl\/bolex-bayonet\/aaton-bolex-bayonet-copy\/","og_locale":"pl_PL","og_type":"article","og_title":"CP-16 - Bolex bayonet - c7adapters","og_description":"Cinema Products CP-16 lens adapter bolexa batonet camera","og_url":"https:\/\/c7adapters.com\/pl\/bolex-bayonet\/aaton-bolex-bayonet-copy\/","og_site_name":"c7adapters","article_publisher":"https:\/\/www.facebook.com\/c7adapters","article_modified_time":"2026-02-14T09:19:09+00:00","og_image":[{"width":608,"height":575,"url":"https:\/\/c7adapters.com\/wp-content\/uploads\/2026\/02\/CP-16_lens_mount_MFT_micro43_adapter.jpg","type":"image\/jpeg"}],"twitter_card":"summary_large_image","twitter_misc":{"Szacowany czas czytania":"1 minuta"},"schema":{"@context":"https:\/\/schema.org","@graph":[{"@type":"WebPage","@id":"https:\/\/c7adapters.com\/pl\/bolex-bayonet\/aaton-bolex-bayonet-copy\/","url":"https:\/\/c7adapters.com\/pl\/bolex-bayonet\/aaton-bolex-bayonet-copy\/","name":"CP-16 - Bolex bayonet - c7adapters","isPartOf":{"@id":"https:\/\/c7adapters.com\/pl\/#website"},"primaryImageOfPage":{"@id":"https:\/\/c7adapters.com\/pl\/bolex-bayonet\/aaton-bolex-bayonet-copy\/#primaryimage"},"image":{"@id":"https:\/\/c7adapters.com\/pl\/bolex-bayonet\/aaton-bolex-bayonet-copy\/#primaryimage"},"thumbnailUrl":"https:\/\/c7adapters.com\/wp-content\/uploads\/2026\/02\/CP-16_lens_mount_MFT_micro43_adapter.jpg","datePublished":"2026-02-14T08:36:28+00:00","dateModified":"2026-02-14T09:19:09+00:00","description":"Cinema Products CP-16 lens adapter bolexa batonet camera","breadcrumb":{"@id":"https:\/\/c7adapters.com\/pl\/bolex-bayonet\/aaton-bolex-bayonet-copy\/#breadcrumb"},"inLanguage":"pl-PL","potentialAction":[{"@type":"ReadAction","target":["https:\/\/c7adapters.com\/pl\/bolex-bayonet\/aaton-bolex-bayonet-copy\/"]}]},{"@type":"ImageObject","inLanguage":"pl-PL","@id":"https:\/\/c7adapters.com\/pl\/bolex-bayonet\/aaton-bolex-bayonet-copy\/#primaryimage","url":"https:\/\/c7adapters.com\/wp-content\/uploads\/2026\/02\/CP-16_lens_mount_MFT_micro43_adapter.jpg","contentUrl":"https:\/\/c7adapters.com\/wp-content\/uploads\/2026\/02\/CP-16_lens_mount_MFT_micro43_adapter.jpg","width":608,"height":575},{"@type":"BreadcrumbList","@id":"https:\/\/c7adapters.com\/pl\/bolex-bayonet\/aaton-bolex-bayonet-copy\/#breadcrumb","itemListElement":[{"@type":"ListItem","position":1,"name":"Strona g\u0142\u00f3wna","item":"https:\/\/c7adapters.com\/pl\/"},{"@type":"ListItem","position":2,"name":"Sklep","item":"https:\/\/c7adapters.com\/pl\/sklep\/"},{"@type":"ListItem","position":3,"name":"CP-16 &#8211; Bolex bayonet"}]},{"@type":"WebSite","@id":"https:\/\/c7adapters.com\/pl\/#website","url":"https:\/\/c7adapters.com\/pl\/","name":"c7adapters","description":"Najwy\u017cszej klasy akcesoria fotograficzne","publisher":{"@id":"https:\/\/c7adapters.com\/pl\/#organization"},"alternateName":"c7adapters","potentialAction":[{"@type":"SearchAction","target":{"@type":"EntryPoint","urlTemplate":"https:\/\/c7adapters.com\/pl\/?s={search_term_string}"},"query-input":{"@type":"PropertyValueSpecification","valueRequired":true,"valueName":"search_term_string"}}],"inLanguage":"pl-PL"},{"@type":"Organization","@id":"https:\/\/c7adapters.com\/pl\/#organization","name":"c7adapters","alternateName":"Highest quality photographic equipment","url":"https:\/\/c7adapters.com\/pl\/","logo":{"@type":"ImageObject","inLanguage":"pl-PL","@id":"https:\/\/c7adapters.com\/pl\/#\/schema\/logo\/image\/","url":"https:\/\/c7adapters.com\/wp-content\/uploads\/2025\/10\/c7adapters-opengraph.png","contentUrl":"https:\/\/c7adapters.com\/wp-content\/uploads\/2025\/10\/c7adapters-opengraph.png","width":693,"height":693,"caption":"c7adapters"},"image":{"@id":"https:\/\/c7adapters.com\/pl\/#\/schema\/logo\/image\/"},"sameAs":["https:\/\/www.facebook.com\/c7adapters"]}]}},"_links":{"self":[{"href":"https:\/\/c7adapters.com\/pl\/wp-json\/wp\/v2\/product\/3948","targetHints":{"allow":["GET"]}}],"collection":[{"href":"https:\/\/c7adapters.com\/pl\/wp-json\/wp\/v2\/product"}],"about":[{"href":"https:\/\/c7adapters.com\/pl\/wp-json\/wp\/v2\/types\/product"}],"wp:featuredmedia":[{"embeddable":true,"href":"https:\/\/c7adapters.com\/pl\/wp-json\/wp\/v2\/media\/3949"}],"wp:attachment":[{"href":"https:\/\/c7adapters.com\/pl\/wp-json\/wp\/v2\/media?parent=3948"}],"wp:term":[{"taxonomy":"product_brand","embeddable":true,"href":"https:\/\/c7adapters.com\/pl\/wp-json\/wp\/v2\/product_brand?post=3948"},{"taxonomy":"product_cat","embeddable":true,"href":"https:\/\/c7adapters.com\/pl\/wp-json\/wp\/v2\/product_cat?post=3948"},{"taxonomy":"product_tag","embeddable":true,"href":"https:\/\/c7adapters.com\/pl\/wp-json\/wp\/v2\/product_tag?post=3948"}],"curies":[{"name":"wp","href":"https:\/\/api.w.org\/{rel}","templated":true}]}}