{"id":3926,"date":"2026-02-10T10:07:32","date_gmt":"2026-02-10T09:07:32","guid":{"rendered":"https:\/\/c7adapters.com\/?post_type=product&#038;p=3926"},"modified":"2026-02-10T10:18:20","modified_gmt":"2026-02-10T09:18:20","slug":"minolta-e-mount-copy","status":"publish","type":"product","link":"https:\/\/c7adapters.com\/pl\/adaptery\/minolta-e-mount-copy\/","title":{"rendered":"Minolta &#8211; L-mount"},"content":{"rendered":"<p><b>Adapter pozwala zastosowa\u0107 optyk\u0119 systemu Minolta SR mount ( obiektywy MD\/MC) z kamerami i aparatami L-mount.<\/b><\/p>\n<p>Posiada mechanizm zaciskowy typu &#8222;positive lock&#8221; , dzi\u0119ki kt\u00f3remu nie wyst\u0119puj\u0105 nawet najmniejsze luzy pomi\u0119dzy mocowaniem a bagnetem obiektywu.<\/p>\n<p><b>G\u0142\u00f3wne cechy:<\/b><\/p>\n<ul>\n<li>Regulowana odleg\u0142o\u015b\u0107 od matrycy (za pomoc\u0105 <span style=\"color: #6badde;\"><a href=\"https:\/\/c7adapters.com\/en\/product\/e-mount_shims\/315\" target=\"_blank\" rel=\"noopener\">shims<\/a><\/span>)<\/li>\n<li>Mocowanie statywowe z gwintem 3\/8-16 Arri pattern<\/li>\n<li>Pier\u015bcie\u0144 blokuj\u0105cy ze stali nierdzewnej<\/li>\n<li>Dok\u0142adno\u015b\u0107 0,005 mm<\/li>\n<li>Niesko\u0144czone ustawianie ostro\u015bci<\/li>\n<li>Wykonane ze stopu stosowanego w lotnictwie<\/li>\n<li>Czarny\/srebrny anodowany<\/li>\n<li>Wyprodukowano w UE<\/li>\n<\/ul>\n<p><b>Kompatybilny z:<\/b><\/p>\n<ul>\n<li>Leica SL, SL2, SL2-S, SL3<\/li>\n<li>Leica TL, TL2, T, CL, C<\/li>\n<li>Panasonic Lumix S1, S1R, S1H<\/li>\n<li>Panasonic Lumix S5, S5II, S9<\/li>\n<li>Panasonic BS1H, BGH1<\/li>\n<li>Sigma FP, FP L<\/li>\n<li>Blackmagic Cinema Camera 6K<\/li>\n<li>Blackmagic PYXIS 6K\/12k\u00a0 \u00a0L-mount<\/li>\n<\/ul>\n","protected":false},"excerpt":{"rendered":"<p>&nbsp;<\/p>\n","protected":false},"featured_media":3731,"template":"","meta":{"_acf_changed":false},"product_brand":[],"product_cat":[24,99],"product_tag":[],"class_list":{"0":"post-3926","1":"product","2":"type-product","3":"status-publish","4":"has-post-thumbnail","6":"product_cat-adaptery","7":"product_cat-l-mount","9":"first","10":"instock","11":"taxable","12":"shipping-taxable","13":"purchasable","14":"product-type-simple"},"acf":[],"yoast_head":"<!-- This site is optimized with the Yoast SEO plugin v27.2 - https:\/\/yoast.com\/product\/yoast-seo-wordpress\/ -->\n<title>Minolta - L-mount - c7adapters<\/title>\n<meta name=\"robots\" content=\"index, follow, max-snippet:-1, max-image-preview:large, max-video-preview:-1\" \/>\n<link rel=\"canonical\" href=\"https:\/\/c7adapters.com\/pl\/adaptery\/minolta-e-mount-copy\/\" \/>\n<meta property=\"og:locale\" content=\"pl_PL\" \/>\n<meta property=\"og:type\" content=\"article\" \/>\n<meta property=\"og:title\" content=\"Minolta - L-mount - c7adapters\" \/>\n<meta property=\"og:description\" content=\"&nbsp;\" \/>\n<meta property=\"og:url\" content=\"https:\/\/c7adapters.com\/pl\/adaptery\/minolta-e-mount-copy\/\" \/>\n<meta property=\"og:site_name\" content=\"c7adapters\" \/>\n<meta property=\"article:publisher\" content=\"https:\/\/www.facebook.com\/c7adapters\" \/>\n<meta property=\"article:modified_time\" content=\"2026-02-10T09:18:20+00:00\" \/>\n<meta property=\"og:image\" content=\"https:\/\/c7adapters.com\/wp-content\/uploads\/2026\/01\/zoom_693b0c390171f.jpg\" \/>\n\t<meta property=\"og:image:width\" content=\"1014\" \/>\n\t<meta property=\"og:image:height\" content=\"900\" \/>\n\t<meta property=\"og:image:type\" content=\"image\/jpeg\" \/>\n<meta name=\"twitter:card\" content=\"summary_large_image\" \/>\n<meta name=\"twitter:label1\" content=\"Szacowany czas czytania\" \/>\n\t<meta name=\"twitter:data1\" content=\"1 minuta\" \/>\n<script type=\"application\/ld+json\" class=\"yoast-schema-graph\">{\"@context\":\"https:\/\/schema.org\",\"@graph\":[{\"@type\":\"WebPage\",\"@id\":\"https:\/\/c7adapters.com\/pl\/adaptery\/minolta-e-mount-copy\/\",\"url\":\"https:\/\/c7adapters.com\/pl\/adaptery\/minolta-e-mount-copy\/\",\"name\":\"Minolta - L-mount - c7adapters\",\"isPartOf\":{\"@id\":\"https:\/\/c7adapters.com\/pl\/#website\"},\"primaryImageOfPage\":{\"@id\":\"https:\/\/c7adapters.com\/pl\/adaptery\/minolta-e-mount-copy\/#primaryimage\"},\"image\":{\"@id\":\"https:\/\/c7adapters.com\/pl\/adaptery\/minolta-e-mount-copy\/#primaryimage\"},\"thumbnailUrl\":\"https:\/\/c7adapters.com\/wp-content\/uploads\/2026\/01\/zoom_693b0c390171f.jpg\",\"datePublished\":\"2026-02-10T09:07:32+00:00\",\"dateModified\":\"2026-02-10T09:18:20+00:00\",\"breadcrumb\":{\"@id\":\"https:\/\/c7adapters.com\/pl\/adaptery\/minolta-e-mount-copy\/#breadcrumb\"},\"inLanguage\":\"pl-PL\",\"potentialAction\":[{\"@type\":\"ReadAction\",\"target\":[\"https:\/\/c7adapters.com\/pl\/adaptery\/minolta-e-mount-copy\/\"]}]},{\"@type\":\"ImageObject\",\"inLanguage\":\"pl-PL\",\"@id\":\"https:\/\/c7adapters.com\/pl\/adaptery\/minolta-e-mount-copy\/#primaryimage\",\"url\":\"https:\/\/c7adapters.com\/wp-content\/uploads\/2026\/01\/zoom_693b0c390171f.jpg\",\"contentUrl\":\"https:\/\/c7adapters.com\/wp-content\/uploads\/2026\/01\/zoom_693b0c390171f.jpg\",\"width\":1014,\"height\":900},{\"@type\":\"BreadcrumbList\",\"@id\":\"https:\/\/c7adapters.com\/pl\/adaptery\/minolta-e-mount-copy\/#breadcrumb\",\"itemListElement\":[{\"@type\":\"ListItem\",\"position\":1,\"name\":\"Strona g\u0142\u00f3wna\",\"item\":\"https:\/\/c7adapters.com\/pl\/\"},{\"@type\":\"ListItem\",\"position\":2,\"name\":\"Sklep\",\"item\":\"https:\/\/c7adapters.com\/pl\/sklep\/\"},{\"@type\":\"ListItem\",\"position\":3,\"name\":\"Minolta &#8211; L-mount\"}]},{\"@type\":\"WebSite\",\"@id\":\"https:\/\/c7adapters.com\/pl\/#website\",\"url\":\"https:\/\/c7adapters.com\/pl\/\",\"name\":\"c7adapters\",\"description\":\"Najwy\u017cszej klasy akcesoria fotograficzne\",\"publisher\":{\"@id\":\"https:\/\/c7adapters.com\/pl\/#organization\"},\"alternateName\":\"c7adapters\",\"potentialAction\":[{\"@type\":\"SearchAction\",\"target\":{\"@type\":\"EntryPoint\",\"urlTemplate\":\"https:\/\/c7adapters.com\/pl\/?s={search_term_string}\"},\"query-input\":{\"@type\":\"PropertyValueSpecification\",\"valueRequired\":true,\"valueName\":\"search_term_string\"}}],\"inLanguage\":\"pl-PL\"},{\"@type\":\"Organization\",\"@id\":\"https:\/\/c7adapters.com\/pl\/#organization\",\"name\":\"c7adapters\",\"alternateName\":\"Highest quality photographic equipment\",\"url\":\"https:\/\/c7adapters.com\/pl\/\",\"logo\":{\"@type\":\"ImageObject\",\"inLanguage\":\"pl-PL\",\"@id\":\"https:\/\/c7adapters.com\/pl\/#\/schema\/logo\/image\/\",\"url\":\"https:\/\/c7adapters.com\/wp-content\/uploads\/2025\/10\/c7adapters-opengraph.png\",\"contentUrl\":\"https:\/\/c7adapters.com\/wp-content\/uploads\/2025\/10\/c7adapters-opengraph.png\",\"width\":693,\"height\":693,\"caption\":\"c7adapters\"},\"image\":{\"@id\":\"https:\/\/c7adapters.com\/pl\/#\/schema\/logo\/image\/\"},\"sameAs\":[\"https:\/\/www.facebook.com\/c7adapters\"]}]}<\/script>\n<!-- \/ Yoast SEO plugin. -->","yoast_head_json":{"title":"Minolta - L-mount - c7adapters","robots":{"index":"index","follow":"follow","max-snippet":"max-snippet:-1","max-image-preview":"max-image-preview:large","max-video-preview":"max-video-preview:-1"},"canonical":"https:\/\/c7adapters.com\/pl\/adaptery\/minolta-e-mount-copy\/","og_locale":"pl_PL","og_type":"article","og_title":"Minolta - L-mount - c7adapters","og_description":"&nbsp;","og_url":"https:\/\/c7adapters.com\/pl\/adaptery\/minolta-e-mount-copy\/","og_site_name":"c7adapters","article_publisher":"https:\/\/www.facebook.com\/c7adapters","article_modified_time":"2026-02-10T09:18:20+00:00","og_image":[{"width":1014,"height":900,"url":"https:\/\/c7adapters.com\/wp-content\/uploads\/2026\/01\/zoom_693b0c390171f.jpg","type":"image\/jpeg"}],"twitter_card":"summary_large_image","twitter_misc":{"Szacowany czas czytania":"1 minuta"},"schema":{"@context":"https:\/\/schema.org","@graph":[{"@type":"WebPage","@id":"https:\/\/c7adapters.com\/pl\/adaptery\/minolta-e-mount-copy\/","url":"https:\/\/c7adapters.com\/pl\/adaptery\/minolta-e-mount-copy\/","name":"Minolta - L-mount - c7adapters","isPartOf":{"@id":"https:\/\/c7adapters.com\/pl\/#website"},"primaryImageOfPage":{"@id":"https:\/\/c7adapters.com\/pl\/adaptery\/minolta-e-mount-copy\/#primaryimage"},"image":{"@id":"https:\/\/c7adapters.com\/pl\/adaptery\/minolta-e-mount-copy\/#primaryimage"},"thumbnailUrl":"https:\/\/c7adapters.com\/wp-content\/uploads\/2026\/01\/zoom_693b0c390171f.jpg","datePublished":"2026-02-10T09:07:32+00:00","dateModified":"2026-02-10T09:18:20+00:00","breadcrumb":{"@id":"https:\/\/c7adapters.com\/pl\/adaptery\/minolta-e-mount-copy\/#breadcrumb"},"inLanguage":"pl-PL","potentialAction":[{"@type":"ReadAction","target":["https:\/\/c7adapters.com\/pl\/adaptery\/minolta-e-mount-copy\/"]}]},{"@type":"ImageObject","inLanguage":"pl-PL","@id":"https:\/\/c7adapters.com\/pl\/adaptery\/minolta-e-mount-copy\/#primaryimage","url":"https:\/\/c7adapters.com\/wp-content\/uploads\/2026\/01\/zoom_693b0c390171f.jpg","contentUrl":"https:\/\/c7adapters.com\/wp-content\/uploads\/2026\/01\/zoom_693b0c390171f.jpg","width":1014,"height":900},{"@type":"BreadcrumbList","@id":"https:\/\/c7adapters.com\/pl\/adaptery\/minolta-e-mount-copy\/#breadcrumb","itemListElement":[{"@type":"ListItem","position":1,"name":"Strona g\u0142\u00f3wna","item":"https:\/\/c7adapters.com\/pl\/"},{"@type":"ListItem","position":2,"name":"Sklep","item":"https:\/\/c7adapters.com\/pl\/sklep\/"},{"@type":"ListItem","position":3,"name":"Minolta &#8211; L-mount"}]},{"@type":"WebSite","@id":"https:\/\/c7adapters.com\/pl\/#website","url":"https:\/\/c7adapters.com\/pl\/","name":"c7adapters","description":"Najwy\u017cszej klasy akcesoria fotograficzne","publisher":{"@id":"https:\/\/c7adapters.com\/pl\/#organization"},"alternateName":"c7adapters","potentialAction":[{"@type":"SearchAction","target":{"@type":"EntryPoint","urlTemplate":"https:\/\/c7adapters.com\/pl\/?s={search_term_string}"},"query-input":{"@type":"PropertyValueSpecification","valueRequired":true,"valueName":"search_term_string"}}],"inLanguage":"pl-PL"},{"@type":"Organization","@id":"https:\/\/c7adapters.com\/pl\/#organization","name":"c7adapters","alternateName":"Highest quality photographic equipment","url":"https:\/\/c7adapters.com\/pl\/","logo":{"@type":"ImageObject","inLanguage":"pl-PL","@id":"https:\/\/c7adapters.com\/pl\/#\/schema\/logo\/image\/","url":"https:\/\/c7adapters.com\/wp-content\/uploads\/2025\/10\/c7adapters-opengraph.png","contentUrl":"https:\/\/c7adapters.com\/wp-content\/uploads\/2025\/10\/c7adapters-opengraph.png","width":693,"height":693,"caption":"c7adapters"},"image":{"@id":"https:\/\/c7adapters.com\/pl\/#\/schema\/logo\/image\/"},"sameAs":["https:\/\/www.facebook.com\/c7adapters"]}]}},"_links":{"self":[{"href":"https:\/\/c7adapters.com\/pl\/wp-json\/wp\/v2\/product\/3926","targetHints":{"allow":["GET"]}}],"collection":[{"href":"https:\/\/c7adapters.com\/pl\/wp-json\/wp\/v2\/product"}],"about":[{"href":"https:\/\/c7adapters.com\/pl\/wp-json\/wp\/v2\/types\/product"}],"wp:featuredmedia":[{"embeddable":true,"href":"https:\/\/c7adapters.com\/pl\/wp-json\/wp\/v2\/media\/3731"}],"wp:attachment":[{"href":"https:\/\/c7adapters.com\/pl\/wp-json\/wp\/v2\/media?parent=3926"}],"wp:term":[{"taxonomy":"product_brand","embeddable":true,"href":"https:\/\/c7adapters.com\/pl\/wp-json\/wp\/v2\/product_brand?post=3926"},{"taxonomy":"product_cat","embeddable":true,"href":"https:\/\/c7adapters.com\/pl\/wp-json\/wp\/v2\/product_cat?post=3926"},{"taxonomy":"product_tag","embeddable":true,"href":"https:\/\/c7adapters.com\/pl\/wp-json\/wp\/v2\/product_tag?post=3926"}],"curies":[{"name":"wp","href":"https:\/\/api.w.org\/{rel}","templated":true}]}}