{"id":2362,"date":"2025-10-16T15:21:06","date_gmt":"2025-10-16T13:21:06","guid":{"rendered":"https:\/\/c7adapters.com\/produkt\/lpl-mount-rf-mount-2\/"},"modified":"2026-01-14T13:00:45","modified_gmt":"2026-01-14T12:00:45","slug":"lpl-mount-rf-mount-2","status":"publish","type":"product","link":"https:\/\/c7adapters.com\/pl\/adaptery\/canon-rf-mount\/lpl-mount-rf-mount-2\/","title":{"rendered":"LPL mount &#8211; RF mount"},"content":{"rendered":"<p><b>Ten adapter umo\u017cliwia stosowanie obiektyw\u00f3w z mocowaniem LPL w aparatach fotograficznych z mocowaniem RF.<\/b><\/p>\n<p><b>G\u0142\u00f3wne cechy:<\/b><\/p>\n<ul>\n<li>Regulowana odleg\u0142o\u015b\u0107 od matrycy (podk\u0142adki dost\u0119pne<a href=\"https:\/\/c7adapters.com\/adapters\/shims\/\"> tutaj<\/a>)<\/li>\n<li>Ko\u0142nierz monta\u017cowy LPL ze stali nierdzewnej<\/li>\n<li>Kompatybilny z adapterem Arri PL\/LPL<\/li>\n<li>Kompatybilny z obiektywami sta\u0142oogniskowymi\/zmiennoogniskowymi Signature z filtrami Impression<\/li>\n<li>Kompatybilny z soczewkami Enso wyposa\u017conymi w elementy Vintage Elements<\/li>\n<li>Podpora z punktami mocowania 1\/4\u201e i 3\/8\u201d<\/li>\n<li>Dok\u0142adno\u015b\u0107 0,005 mm<\/li>\n<li>Ostrzenie do niesko\u0144czono\u015bci<\/li>\n<li>Waga (bez nasadki LPL) \u2013 250 g \/ 0,55 funta<\/li>\n<li>Waga (bez nasadki LPL) \u2013 wersja stalowa \u2013 280 g \/ 0,62 funta<\/li>\n<li>Wykonane ze stopu lotniczego i stali nierdzewnej<\/li>\n<li>Anodowany na czarno<\/li>\n<li>Wyprodukowano w UE<\/li>\n<\/ul>\n<p><b>Kompatybilny z:<\/b><\/p>\n<ul>\n<li>Canon EOS C70,C80, C400, C50<\/li>\n<li>Canon EOS R3, R5, R6, R7, R8, R10, R50, R100, R5II, R6II,<\/li>\n<li>Canon EOS 5RC<\/li>\n<li>Canon EOS R, RP, Ra<\/li>\n<li>RED Komodo 6K<\/li>\n<li>RED Komodo-X<\/li>\n<li>RED V-Raptor<\/li>\n<\/ul>\n","protected":false},"excerpt":{"rendered":"<p>&nbsp;<\/p>\n","protected":false},"featured_media":2356,"template":"","meta":{"_acf_changed":false},"product_brand":[],"product_cat":[24,92,95,105],"product_tag":[],"class_list":{"0":"post-2362","1":"product","2":"type-product","3":"status-publish","4":"has-post-thumbnail","6":"product_cat-adaptery","7":"product_cat-arri-lpl-mount","8":"product_cat-canon-rf-mount","9":"product_cat-red-komodo","11":"first","12":"instock","13":"sale","14":"taxable","15":"shipping-taxable","16":"purchasable","17":"product-type-variable","18":"has-default-attributes"},"acf":[],"yoast_head":"<!-- This site is optimized with the Yoast SEO plugin v27.4 - https:\/\/yoast.com\/product\/yoast-seo-wordpress\/ -->\n<title>LPL mount - RF mount - c7adapters<\/title>\n<meta name=\"description\" content=\"Ten adapter umo\u017cliwia stosowanie obiektyw\u00f3w z mocowaniem LPL w aparatach fotograficznych z mocowaniem RF.\" \/>\n<meta name=\"robots\" content=\"index, follow, max-snippet:-1, max-image-preview:large, max-video-preview:-1\" \/>\n<link rel=\"canonical\" href=\"https:\/\/c7adapters.com\/pl\/adaptery\/canon-rf-mount\/lpl-mount-rf-mount-2\/\" \/>\n<meta property=\"og:locale\" content=\"pl_PL\" \/>\n<meta property=\"og:type\" content=\"article\" \/>\n<meta property=\"og:title\" content=\"LPL mount - RF mount - c7adapters\" \/>\n<meta property=\"og:description\" content=\"Ten adapter umo\u017cliwia stosowanie obiektyw\u00f3w z mocowaniem LPL w aparatach fotograficznych z mocowaniem RF.\" \/>\n<meta property=\"og:url\" content=\"https:\/\/c7adapters.com\/pl\/adaptery\/canon-rf-mount\/lpl-mount-rf-mount-2\/\" \/>\n<meta property=\"og:site_name\" content=\"c7adapters\" \/>\n<meta property=\"article:publisher\" content=\"https:\/\/www.facebook.com\/c7adapters\" \/>\n<meta property=\"article:modified_time\" content=\"2026-01-14T12:00:45+00:00\" \/>\n<meta property=\"og:image\" content=\"https:\/\/c7adapters.com\/wp-content\/uploads\/2025\/10\/zoom_67618c2f5730d-1.jpg\" \/>\n\t<meta property=\"og:image:width\" content=\"937\" \/>\n\t<meta property=\"og:image:height\" content=\"900\" \/>\n\t<meta property=\"og:image:type\" content=\"image\/jpeg\" \/>\n<meta name=\"twitter:card\" content=\"summary_large_image\" \/>\n<meta name=\"twitter:label1\" content=\"Szacowany czas czytania\" \/>\n\t<meta name=\"twitter:data1\" content=\"1 minuta\" \/>\n<script type=\"application\/ld+json\" class=\"yoast-schema-graph\">{\"@context\":\"https:\\\/\\\/schema.org\",\"@graph\":[{\"@type\":\"WebPage\",\"@id\":\"https:\\\/\\\/c7adapters.com\\\/pl\\\/adaptery\\\/canon-rf-mount\\\/lpl-mount-rf-mount-2\\\/\",\"url\":\"https:\\\/\\\/c7adapters.com\\\/pl\\\/adaptery\\\/canon-rf-mount\\\/lpl-mount-rf-mount-2\\\/\",\"name\":\"LPL mount - RF mount - c7adapters\",\"isPartOf\":{\"@id\":\"https:\\\/\\\/c7adapters.com\\\/pl\\\/#website\"},\"primaryImageOfPage\":{\"@id\":\"https:\\\/\\\/c7adapters.com\\\/pl\\\/adaptery\\\/canon-rf-mount\\\/lpl-mount-rf-mount-2\\\/#primaryimage\"},\"image\":{\"@id\":\"https:\\\/\\\/c7adapters.com\\\/pl\\\/adaptery\\\/canon-rf-mount\\\/lpl-mount-rf-mount-2\\\/#primaryimage\"},\"thumbnailUrl\":\"https:\\\/\\\/c7adapters.com\\\/wp-content\\\/uploads\\\/2025\\\/10\\\/zoom_67618c2f5730d-1.jpg\",\"datePublished\":\"2025-10-16T13:21:06+00:00\",\"dateModified\":\"2026-01-14T12:00:45+00:00\",\"description\":\"Ten adapter umo\u017cliwia stosowanie obiektyw\u00f3w z mocowaniem LPL w aparatach fotograficznych z mocowaniem RF.\",\"breadcrumb\":{\"@id\":\"https:\\\/\\\/c7adapters.com\\\/pl\\\/adaptery\\\/canon-rf-mount\\\/lpl-mount-rf-mount-2\\\/#breadcrumb\"},\"inLanguage\":\"pl-PL\",\"potentialAction\":[{\"@type\":\"ReadAction\",\"target\":[\"https:\\\/\\\/c7adapters.com\\\/pl\\\/adaptery\\\/canon-rf-mount\\\/lpl-mount-rf-mount-2\\\/\"]}]},{\"@type\":\"ImageObject\",\"inLanguage\":\"pl-PL\",\"@id\":\"https:\\\/\\\/c7adapters.com\\\/pl\\\/adaptery\\\/canon-rf-mount\\\/lpl-mount-rf-mount-2\\\/#primaryimage\",\"url\":\"https:\\\/\\\/c7adapters.com\\\/wp-content\\\/uploads\\\/2025\\\/10\\\/zoom_67618c2f5730d-1.jpg\",\"contentUrl\":\"https:\\\/\\\/c7adapters.com\\\/wp-content\\\/uploads\\\/2025\\\/10\\\/zoom_67618c2f5730d-1.jpg\",\"width\":937,\"height\":900},{\"@type\":\"BreadcrumbList\",\"@id\":\"https:\\\/\\\/c7adapters.com\\\/pl\\\/adaptery\\\/canon-rf-mount\\\/lpl-mount-rf-mount-2\\\/#breadcrumb\",\"itemListElement\":[{\"@type\":\"ListItem\",\"position\":1,\"name\":\"Strona g\u0142\u00f3wna\",\"item\":\"https:\\\/\\\/c7adapters.com\\\/pl\\\/\"},{\"@type\":\"ListItem\",\"position\":2,\"name\":\"Sklep\",\"item\":\"https:\\\/\\\/c7adapters.com\\\/pl\\\/sklep\\\/\"},{\"@type\":\"ListItem\",\"position\":3,\"name\":\"LPL mount &#8211; RF mount\"}]},{\"@type\":\"WebSite\",\"@id\":\"https:\\\/\\\/c7adapters.com\\\/pl\\\/#website\",\"url\":\"https:\\\/\\\/c7adapters.com\\\/pl\\\/\",\"name\":\"c7adapters\",\"description\":\"Najwy\u017cszej klasy akcesoria fotograficzne\",\"publisher\":{\"@id\":\"https:\\\/\\\/c7adapters.com\\\/pl\\\/#organization\"},\"alternateName\":\"c7adapters\",\"potentialAction\":[{\"@type\":\"SearchAction\",\"target\":{\"@type\":\"EntryPoint\",\"urlTemplate\":\"https:\\\/\\\/c7adapters.com\\\/pl\\\/?s={search_term_string}\"},\"query-input\":{\"@type\":\"PropertyValueSpecification\",\"valueRequired\":true,\"valueName\":\"search_term_string\"}}],\"inLanguage\":\"pl-PL\"},{\"@type\":\"Organization\",\"@id\":\"https:\\\/\\\/c7adapters.com\\\/pl\\\/#organization\",\"name\":\"c7adapters\",\"alternateName\":\"Highest quality photographic equipment\",\"url\":\"https:\\\/\\\/c7adapters.com\\\/pl\\\/\",\"logo\":{\"@type\":\"ImageObject\",\"inLanguage\":\"pl-PL\",\"@id\":\"https:\\\/\\\/c7adapters.com\\\/pl\\\/#\\\/schema\\\/logo\\\/image\\\/\",\"url\":\"https:\\\/\\\/c7adapters.com\\\/wp-content\\\/uploads\\\/2025\\\/10\\\/c7adapters-opengraph.png\",\"contentUrl\":\"https:\\\/\\\/c7adapters.com\\\/wp-content\\\/uploads\\\/2025\\\/10\\\/c7adapters-opengraph.png\",\"width\":693,\"height\":693,\"caption\":\"c7adapters\"},\"image\":{\"@id\":\"https:\\\/\\\/c7adapters.com\\\/pl\\\/#\\\/schema\\\/logo\\\/image\\\/\"},\"sameAs\":[\"https:\\\/\\\/www.facebook.com\\\/c7adapters\"]}]}<\/script>\n<!-- \/ Yoast SEO plugin. -->","yoast_head_json":{"title":"LPL mount - RF mount - c7adapters","description":"Ten adapter umo\u017cliwia stosowanie obiektyw\u00f3w z mocowaniem LPL w aparatach fotograficznych z mocowaniem RF.","robots":{"index":"index","follow":"follow","max-snippet":"max-snippet:-1","max-image-preview":"max-image-preview:large","max-video-preview":"max-video-preview:-1"},"canonical":"https:\/\/c7adapters.com\/pl\/adaptery\/canon-rf-mount\/lpl-mount-rf-mount-2\/","og_locale":"pl_PL","og_type":"article","og_title":"LPL mount - RF mount - c7adapters","og_description":"Ten adapter umo\u017cliwia stosowanie obiektyw\u00f3w z mocowaniem LPL w aparatach fotograficznych z mocowaniem RF.","og_url":"https:\/\/c7adapters.com\/pl\/adaptery\/canon-rf-mount\/lpl-mount-rf-mount-2\/","og_site_name":"c7adapters","article_publisher":"https:\/\/www.facebook.com\/c7adapters","article_modified_time":"2026-01-14T12:00:45+00:00","og_image":[{"width":937,"height":900,"url":"https:\/\/c7adapters.com\/wp-content\/uploads\/2025\/10\/zoom_67618c2f5730d-1.jpg","type":"image\/jpeg"}],"twitter_card":"summary_large_image","twitter_misc":{"Szacowany czas czytania":"1 minuta"},"schema":{"@context":"https:\/\/schema.org","@graph":[{"@type":"WebPage","@id":"https:\/\/c7adapters.com\/pl\/adaptery\/canon-rf-mount\/lpl-mount-rf-mount-2\/","url":"https:\/\/c7adapters.com\/pl\/adaptery\/canon-rf-mount\/lpl-mount-rf-mount-2\/","name":"LPL mount - RF mount - c7adapters","isPartOf":{"@id":"https:\/\/c7adapters.com\/pl\/#website"},"primaryImageOfPage":{"@id":"https:\/\/c7adapters.com\/pl\/adaptery\/canon-rf-mount\/lpl-mount-rf-mount-2\/#primaryimage"},"image":{"@id":"https:\/\/c7adapters.com\/pl\/adaptery\/canon-rf-mount\/lpl-mount-rf-mount-2\/#primaryimage"},"thumbnailUrl":"https:\/\/c7adapters.com\/wp-content\/uploads\/2025\/10\/zoom_67618c2f5730d-1.jpg","datePublished":"2025-10-16T13:21:06+00:00","dateModified":"2026-01-14T12:00:45+00:00","description":"Ten adapter umo\u017cliwia stosowanie obiektyw\u00f3w z mocowaniem LPL w aparatach fotograficznych z mocowaniem RF.","breadcrumb":{"@id":"https:\/\/c7adapters.com\/pl\/adaptery\/canon-rf-mount\/lpl-mount-rf-mount-2\/#breadcrumb"},"inLanguage":"pl-PL","potentialAction":[{"@type":"ReadAction","target":["https:\/\/c7adapters.com\/pl\/adaptery\/canon-rf-mount\/lpl-mount-rf-mount-2\/"]}]},{"@type":"ImageObject","inLanguage":"pl-PL","@id":"https:\/\/c7adapters.com\/pl\/adaptery\/canon-rf-mount\/lpl-mount-rf-mount-2\/#primaryimage","url":"https:\/\/c7adapters.com\/wp-content\/uploads\/2025\/10\/zoom_67618c2f5730d-1.jpg","contentUrl":"https:\/\/c7adapters.com\/wp-content\/uploads\/2025\/10\/zoom_67618c2f5730d-1.jpg","width":937,"height":900},{"@type":"BreadcrumbList","@id":"https:\/\/c7adapters.com\/pl\/adaptery\/canon-rf-mount\/lpl-mount-rf-mount-2\/#breadcrumb","itemListElement":[{"@type":"ListItem","position":1,"name":"Strona g\u0142\u00f3wna","item":"https:\/\/c7adapters.com\/pl\/"},{"@type":"ListItem","position":2,"name":"Sklep","item":"https:\/\/c7adapters.com\/pl\/sklep\/"},{"@type":"ListItem","position":3,"name":"LPL mount &#8211; RF mount"}]},{"@type":"WebSite","@id":"https:\/\/c7adapters.com\/pl\/#website","url":"https:\/\/c7adapters.com\/pl\/","name":"c7adapters","description":"Najwy\u017cszej klasy akcesoria fotograficzne","publisher":{"@id":"https:\/\/c7adapters.com\/pl\/#organization"},"alternateName":"c7adapters","potentialAction":[{"@type":"SearchAction","target":{"@type":"EntryPoint","urlTemplate":"https:\/\/c7adapters.com\/pl\/?s={search_term_string}"},"query-input":{"@type":"PropertyValueSpecification","valueRequired":true,"valueName":"search_term_string"}}],"inLanguage":"pl-PL"},{"@type":"Organization","@id":"https:\/\/c7adapters.com\/pl\/#organization","name":"c7adapters","alternateName":"Highest quality photographic equipment","url":"https:\/\/c7adapters.com\/pl\/","logo":{"@type":"ImageObject","inLanguage":"pl-PL","@id":"https:\/\/c7adapters.com\/pl\/#\/schema\/logo\/image\/","url":"https:\/\/c7adapters.com\/wp-content\/uploads\/2025\/10\/c7adapters-opengraph.png","contentUrl":"https:\/\/c7adapters.com\/wp-content\/uploads\/2025\/10\/c7adapters-opengraph.png","width":693,"height":693,"caption":"c7adapters"},"image":{"@id":"https:\/\/c7adapters.com\/pl\/#\/schema\/logo\/image\/"},"sameAs":["https:\/\/www.facebook.com\/c7adapters"]}]}},"_links":{"self":[{"href":"https:\/\/c7adapters.com\/pl\/wp-json\/wp\/v2\/product\/2362","targetHints":{"allow":["GET"]}}],"collection":[{"href":"https:\/\/c7adapters.com\/pl\/wp-json\/wp\/v2\/product"}],"about":[{"href":"https:\/\/c7adapters.com\/pl\/wp-json\/wp\/v2\/types\/product"}],"wp:featuredmedia":[{"embeddable":true,"href":"https:\/\/c7adapters.com\/pl\/wp-json\/wp\/v2\/media\/2356"}],"wp:attachment":[{"href":"https:\/\/c7adapters.com\/pl\/wp-json\/wp\/v2\/media?parent=2362"}],"wp:term":[{"taxonomy":"product_brand","embeddable":true,"href":"https:\/\/c7adapters.com\/pl\/wp-json\/wp\/v2\/product_brand?post=2362"},{"taxonomy":"product_cat","embeddable":true,"href":"https:\/\/c7adapters.com\/pl\/wp-json\/wp\/v2\/product_cat?post=2362"},{"taxonomy":"product_tag","embeddable":true,"href":"https:\/\/c7adapters.com\/pl\/wp-json\/wp\/v2\/product_tag?post=2362"}],"curies":[{"name":"wp","href":"https:\/\/api.w.org\/{rel}","templated":true}]}}