{"id":75,"date":"2025-09-12T07:50:01","date_gmt":"2025-09-12T05:50:01","guid":{"rendered":"https:\/\/c7adapters.com\/?page_id=75"},"modified":"2025-10-20T08:14:00","modified_gmt":"2025-10-20T06:14:00","slug":"regulamin","status":"publish","type":"page","link":"https:\/\/c7adapters.com\/pl\/regulamin\/","title":{"rendered":"Regulamin"},"content":{"rendered":"<p>Regulamin sklepu c7adapters.com<\/p>\n<h3>I Wst\u0119p<\/h3>\n<ol>\n<li>Sklep internetowy \u201ec7adapters.com\u201d, zwany dalej: \u201eSklepem\u201d prowadzony jest przez Foto-Akcesoria Ryszard Jankowski, ul. Cisowa 9, 20-703 Lublin (NIP:7121808590, REGON: 430552123), wpisan\u0105 do Centralnej Ewidencji i Informacji o Dzia\u0142alno\u015bci Gospodarczej  Rzeczypospolitej Polskiej, zwan\u0105 dalej: \u201eSprzedawc\u0105\u201d.<\/li>\n<li>Niniejszy Regulamin, zwany dalej: \u201eRegulaminem\u201d skierowany jest do wszystkich u\u017cytkownik\u00f3w Sklepu oraz okre\u015bla zasady dokonywania rejestracji, sk\u0142adania zam\u00f3wie\u0144 w Sklepie oraz zasady zawierania um\u00f3w.<\/li>\n<li>Dost\u0119p do Regulaminu ka\u017cdy u\u017cytkownik mo\u017ce uzyska\u0107 w dowolnym momencie, poprzez \u201eklikni\u0119cie\u201d zak\u0142adki \u201eRegulamin\u201d.<\/li>\n<li>Sklep prowadzony jest pod adresem domeny: www.c7adapters.com<\/li>\n<li>Informacje o produktach w Sklepie m.in. opisy, ceny stanowi\u0105 zaproszenie do z\u0142o\u017cenia oferty zawarcia umowy, sprzeda\u017cy w rozumieniu art. 71 k.c., zgodnie z warunkami Regulaminu.<\/li>\n<li>Towary w Sklepie s\u0105 szczeg\u00f3\u0142owo oznaczone. Na stronie internetowej znajduj\u0105 si\u0119 informacje o w\u0142a\u015bciwo\u015bciach towaru, jego cenie itp.<\/li>\n<li>Zdj\u0119cia i prezentacje oferowanych produkt\u00f3w s\u0142u\u017c\u0105 prezentacji konkretnie wskazanych na nich modeli.<\/li>\n<\/ol>\n<h3>II Zasady korzystania ze sklepu i zawarcie umowy<\/h3>\n<ol>\n<li>Sprzedawca umo\u017cliwia zawieranie um\u00f3w sprzeda\u017cy towar\u00f3w prezentowanych w Sklepie za po\u015brednictwem sieci Internet oraz \u015bwiadczy inne us\u0142ugi przewidziane w niniejszym Regulaminie.<\/li>\n<li>Umowa sprzeda\u017cy towar\u00f3w b\u0105d\u017a inna umowa zawierana jest mi\u0119dzy korzystaj\u0105cym ze Sklepu Klientem, tj. osob\u0105 fizyczn\u0105, osob\u0105 prawn\u0105 b\u0105d\u017a jednostk\u0105 organizacyjn\u0105 nieposiadaj\u0105c\u0105 osobowo\u015bci prawnej a Sprzedawc\u0105. W\u015br\u00f3d Klient\u00f3w Sklepu wyr\u00f3\u017cnia si\u0119 Konsument\u00f3w \u2013 tj. osoby fizyczne dokonuj\u0105ce ze Sprzedawc\u0105 czynno\u015bci prawnej niezwi\u0105zanej bezpo\u015brednio ze swoj\u0105 dzia\u0142alno\u015bci\u0105 gospodarcz\u0105 b\u0105d\u017a zawodow\u0105.<\/li>\n<li>Administrator podejmuje wszelkie mo\u017cliwe i nakazane odpowiednimi przepisami prawa \u015brodki techniczne i organizacyjne s\u0142u\u017c\u0105ce ochronie danych osobowych Klient\u00f3w, w szczeg\u00f3lno\u015bci zapobiegaj\u0105ce pozyskaniu i modyfikacji przez osoby nieupowa\u017cnione danych podawanych podczas rejestracji.<\/li>\n<\/ol>\n<h3>III Zawarcie umowy<\/h3>\n<ol>\n<li>Aby zawrze\u0107 umow\u0119 sprzeda\u017cy zwan\u0105 dalej razem,: \u201eumow\u0105\u201d nale\u017cy z\u0142o\u017cy\u0107 zam\u00f3wienie w dost\u0119pnej formie:\n<ul>\n<li>na stronie internetowej Sklepu: www.c7adapters.com<\/li>\n<li>poczt\u0105 elektroniczn\u0105: <a href=\"mailto:info@c7adapters.com\">info@c7adapters.com<\/a><\/li>\n<\/ul>\n<\/li>\n<li>Przedmiotem umowy sprzeda\u017cy s\u0105 towary prezentowane na stronie internetowej Sklepu.<\/li>\n<li>Sklep przyjmuje zam\u00f3wienia przez ca\u0142\u0105 dob\u0119, we wszystkie dni tygodnia.<\/li>\n<li>W celu z\u0142o\u017cenia zam\u00f3wienia nale\u017cy dokona\u0107 wyboru produkt\u00f3w z dost\u0119pnej oferty Sklepu, oraz ilo\u015bci. Klient mo\u017ce z\u0142o\u017cy\u0107 zam\u00f3wienie na stronie internetowej Sklepu bez konieczno\u015bci trwa\u0142ego rejestrowania swoich danych w bazie Sklepu (tzw. zakupy bez rejestracji).<\/li>\n<li>Wys\u0142anie zam\u00f3wienia przez Klienta stanowi ofert\u0119 Klienta z\u0142o\u017con\u0105 Sprzedawcy co do zawarcia umowy, zgodnie z tre\u015bci\u0105 Regulaminu i z\u0142o\u017conym zam\u00f3wieniem.<\/li>\n<li>Sprzedawca przesy\u0142a potwierdzenie przyj\u0119cia lub odmow\u0119 przyj\u0119cia oferty Klienta z\u0142o\u017conej drog\u0105 elektroniczn\u0105. Po otrzymaniu ww. potwierdzenia dochodzi do zawarcia umowy.<\/li>\n<\/ol>\n<h3>IV Dostawa<\/h3>\n<ol>\n<li>Termin realizacji zam\u00f3wienia wynosi do 14 dni od chwili zawarcia umowy.<br \/>\nJe\u017celi towar znajduje si\u0119 w magazynie Sprzedawcy, zamawiany towar zostaje wys\u0142any w nast\u0119pnym dniu roboczym. Za dzie\u0144 roboczy uwa\u017ca si\u0119 ka\u017cdy inny dzie\u0144 ni\u017c ustawowo wolny od pracy.<\/li>\n<li>Je\u017celi sprowadzenie zam\u00f3wionych towar\u00f3w wymaga d\u0142u\u017cszego czasu, sprzedawca poinformuje o terminie realizacji zam\u00f3wienia. W\u00f3wczas Konsumentowi przys\u0142uguje prawo do rezygnacji z zam\u00f3wienia.<\/li>\n<li>Realizacja zam\u00f3wienia zostanie dokonana za po\u015brednictwem dostawc\u00f3w (poczty b\u0105d\u017a kuriera) albo towar b\u0119dzie oczekiwa\u0142 na odbi\u00f3r w Sklepie w przypadku wyboru odbioru osobistego.<\/li>\n<li>Klient jest obowi\u0105zany do poniesienia koszt\u00f3w dostawy. Informacje o wszelkich kosztach dostawy Klient otrzymuje przed dokonaniem zam\u00f3wienia.<\/li>\n<\/ol>\n<h3>V Ceny i metody p\u0142atno\u015bci<\/h3>\n<ol>\n<li>Ceny produkt\u00f3w w sklepie podawane s\u0105 w z\u0142otych polskich i zawieraj\u0105 wszystkie jej sk\u0142adniki, w tym 23% VAT<\/li>\n<li>Klient p\u0142aci cen\u0119 za zam\u00f3wione produkty, wedle swego wyboru:\n<ul>\n<li>Przelew &#8211; nale\u017cn\u0105 kwot\u0119 przekazuje si\u0119 na rachunek bankowy Sprzedawcy, prowadzony przez:<br \/>\nMBank, nr rachunku:  53 1140 2004 0000 3102 5041 9410<\/li>\n<li>przelewy 24<br \/>\nOperatorem kart p\u0142atniczych jest PayPro SA Agent Rozliczeniowy, ul. Kanclerska 15, 60-327 Pozna\u0144, wpisany do Rejestru Przedsi\u0119biorc\u00f3w Krajowego Rejestru S\u0105dowego prowadzonego przez S\u0105d Rejonowy Pozna\u0144 Nowe Miasto i Wilda w Poznaniu, VIII Wydzia\u0142 Gospodarczy Krajowego Rejestru S\u0105dowego pod numerem KRS 0000347935, NIP 7792369887, Regon 301345068.<\/li>\n<li>serwis PayPal<\/li>\n<li>P\u0142atno\u015b\u0107 got\u00f3wkowa w kasie &#8211; dotyczy Klient\u00f3w odbieraj\u0105cych zam\u00f3wiony towar osobi\u015bcie.<\/li>\n<\/ul>\n<\/li>\n<\/ol>\n<h3>VI Reklamacje<\/h3>\n<ol>\n<li>Sprzedawca jest obowi\u0105zany do dostarczenia Konsumentowi towaru bez wad. W przypadku wyst\u0105pienia wady Konsument ma prawo wnie\u015b\u0107 reklamacj\u0119:\n<ul>\n<li>z tytu\u0142u r\u0119kojmi za wady rzeczy;<\/li>\n<li>z tytu\u0142u gwarancji udzielonej przez producenta<\/li>\n<\/ul>\n<\/li>\n<li>Odpowiedzialno\u015b\u0107 Sprzedawcy z tytu\u0142u r\u0119kojmi jest wy\u0142\u0105czona w przypadku gdy Kupuj\u0105cym jest inna osoba ni\u017c Konsument.<\/li>\n<li>Reklamacje mo\u017cna wnosi\u0107 w jakikolwiek spos\u00f3b w tym: pisemnie wysy\u0142aj\u0105c b\u0105d\u017a sk\u0142adaj\u0105c osobi\u015bcie w siedzibie Sprzedawcy b\u0105d\u017a w drodze elektronicznej na adres e-mail: <a href=\"mailto:info@c7adapters.com\">info@c7adapters.com<\/a><\/li>\n<li>Sprzedawca odpowiada na reklamacj\u0119 Konsumenta w terminie 14 dni.<\/li>\n<\/ol>\n<h3>VII Gwarancja<\/h3>\n<ol>\n<li>Gwarancja jest udzielana przez Gwaranta, tj. producenta, kt\u00f3ry jest jednocze\u015bnie sprzedawc\u0105.<\/li>\n<li>Gwarant ponosi odpowiedzialno\u015b\u0107 z tytu\u0142u gwarancji jako\u015bci, za wady fizyczne zmniejszaj\u0105ce warto\u015b\u0107 u\u017cytkow\u0105, techniczn\u0105 i estetyczn\u0105 przedmiotu gwarancji.<\/li>\n<li>Towar zosta\u0142 wykonany zgodnie z dokumentacj\u0105 projektow\u0105, wymaganiami technicznymi, zasadami wiedzy technicznej i przepisami prawa.<\/li>\n<li>W okresie gwarancyjnym usuwane s\u0105 wszystkie wady towaru spowodowane w szczeg\u00f3lno\u015bci stwierdzonymi wadami materia\u0142owymi lub b\u0142\u0119dami w procesie produkcji.<\/li>\n<li>W celu skorzystania z uprawnie\u0144 gwarancyjnych, tj. naprawy, wymiany b\u0105d\u017a zwrotu r\u00f3wnowarto\u015bci ceny, w zale\u017cno\u015bci od o\u015bwiadczenia gwarancyjnego, Klient wnosi reklamacj\u0119 do Gwaranta.<\/li>\n<li>Naprawa trwa do 30 dni. Okres naprawy mo\u017ce si\u0119 wyd\u0142u\u017cy\u0107 z powodu konieczno\u015bci pozyskania odpowiednich cz\u0119\u015bci b\u0105d\u017a z powodu innych zdarze\u0144, niezale\u017cnych od woli Gwaranta. Klient zostanie niezw\u0142ocznie powiadomiony o przyczynie op\u00f3\u017anienia wraz ze wskazaniem czasu koniecznego do dokonania naprawy. Gwarant odsy\u0142a sprawny towar na adres Klienta.<\/li>\n<li>Konsument mo\u017ce wykonywa\u0107 uprawnienia z tytu\u0142u r\u0119kojmi za wady fizyczne towaru niezale\u017cnie od uprawnie\u0144 wynikaj\u0105cych z gwarancji.<\/li>\n<\/ol>\n<h3>VIII Zwroty<\/h3>\n<ol>\n<li>Kupuj\u0105cy mo\u017ce skorzysta\u0107 z ustawowego prawa do odst\u0105pienia od umowy bez podania przyczyn w terminie 14 dni od dnia obj\u0119cia towaru w posiadanie przez Konsumenta lub wskazan\u0105 przez niego osob\u0119 trzeci\u0105 inn\u0105 ni\u017c przewo\u017anik, sk\u0142adaj\u0105c stosowne o\u015bwiadczenie Sprzedawcy &#8211; ustawa o prawach konsumenta z dnia 30 maja 2014 r. (Dz.U. 2014 r. poz. 827 ze zm.)<\/li>\n<li>Je\u017celi Konsument skorzysta z prawa odst\u0105pienia od umowy, umowa jest uwa\u017cana za niezawart\u0105, w\u00f3wczas Konsument ma obowi\u0105zek dokona\u0107 zwrotu towaru niezw\u0142ocznie, nie p\u00f3\u017aniej ni\u017c w terminie 14 dni, w stanie niezmienionym. Sprzedawca zwraca Konsumentowi niezw\u0142ocznie, nie p\u00f3\u017aniej ni\u017c 14 dni od dnia otrzymania od niego o\u015bwiadczenia o odst\u0105pieniu od umowy wszelkie dokonane przez niego p\u0142atno\u015bci, w tym koszty dostarczenia rzeczy do Konsumenta, z zastrze\u017ceniem pkt 3 i 4.<\/li>\n<li>Sprzedawca zastrzega sobie prawo wstrzymania ze zwrotem p\u0142atno\u015bci otrzymanych od Konsumenta do chwili otrzymania towaru z powrotem lub dostarczenia przez konsumenta dowodu jej odes\u0142ania, w zale\u017cno\u015bci od tego, kt\u00f3re zdarzenie nast\u0105pi wcze\u015bniej.<\/li>\n<li>Je\u017celi Konsument wybra\u0142 spos\u00f3b dostarczenia towaru inny ni\u017c najta\u0144szy zwyk\u0142y spos\u00f3b dostarczenia oferowany przez Sprzedawc\u0119, Sprzedawca nie jest zobowi\u0105zany do zwrotu konsumentowi poniesionych przez niego dodatkowych koszt\u00f3w.<\/li>\n<li>Zwrotu p\u0142atno\u015bci dokonywany jest przy u\u017cyciu takich samych sposob\u00f3w p\u0142atno\u015bci, jakiego u\u017cy\u0142 Konsument, chyba \u017ce Konsument wyra\u017anie zgodzi\u0142 si\u0119 na inny spos\u00f3b zwrotu kt\u00f3ry nie wi\u0105\u017ce si\u0119 dla niego z \u017cadnymi kosztami.<\/li>\n<li>Sprzedawca nie odbiera towaru od Konsumenta osobi\u015bcie. Konsument ponosi tylko bezpo\u015brednie koszty zwrotu towaru do Sprzedawcy. Towary mog\u0105 by\u0107 w zwyk\u0142ym trybie przes\u0142ane poczt\u0105.<\/li>\n<li>Prawo do odst\u0105pienia od umowy nie dotyczy w przypadku gdy przedmiotem \u015bwiadczenia jest towar nieprefabrykowany, wyprodukowany wed\u0142ug specyfikacji Konsumenta lub s\u0142u\u017c\u0105cy zaspokojeniu jego zindywidualizowanych potrzeb;<\/li>\n<\/ol>\n<h3>IX Informacje dotycz\u0105ce us\u0142ug \u015bwiadczonych drog\u0105 elektroniczna<\/h3>\n<ol>\n<li>Sprzedawca \u015bwiadczy na rzecz Klient\u00f3w nast\u0119puj\u0105ce us\u0142ugi drog\u0105 elektroniczn\u0105:\n<ul>\n<li>umo\u017cliwianie zawieranie za po\u015brednictwem Internetu um\u00f3w w Sklepie zgodnie z niniejszym Regulaminem,<\/li>\n<li>umo\u017cliwienie rejestracji Klienta w Sklepie,<\/li>\n<li>przesy\u0142anie zam\u00f3wionej informacji handlowej dotycz\u0105cej towar\u00f3w.<\/li>\n<\/ul>\n<\/li>\n<li>Warunki techniczne \u015bwiadczenia przez Sprzedawc\u0119 us\u0142ug drog\u0105 elektroniczn\u0105 s\u0105 nast\u0119puj\u0105ce: dost\u0119p do sieci Internet, posiadania adresu poczty elektronicznej, korzystanie z przegl\u0105darki internetowej, umo\u017cliwiaj\u0105cej edytowanie dokument\u00f3w hipertekstowych (typu Internet Explorer, Opera, FireFox lub podobne),<\/li>\n<li>Reklamacje dotycz\u0105ce us\u0142ug \u015bwiadczonych przez Sprzedawc\u0119 drog\u0105 elektroniczn\u0105 mog\u0105 by\u0107 sk\u0142adane poprzez przes\u0142anie reklamacji na adres e-mail: <a href=\"mailto:info@c7adapters.com\">info@c7adapters.com<\/a>. Sprzedawca do\u0142o\u017cy wszelkich stara\u0144, aby zg\u0142oszone reklamacje by\u0142y rozpatrzone w najszybszym mo\u017cliwym terminie, jednak nie p\u00f3\u017aniej ni\u017c 14 dni od dnia otrzymania przez reklamacji.<\/li>\n<li>Klient, kt\u00f3ry skorzysta\u0142 ze Sklepu, zobowi\u0105zany jest do: niedostarczania i nieprzekazywania tre\u015bci zabronionych przez przepisy prawa.<\/li>\n<li>Klient ma prawo rozwi\u0105zania umowy o \u015bwiadczenie us\u0142ug drog\u0105 elektroniczn\u0105, okre\u015blonych w pkt 1 w ka\u017cdym czasie.<\/li>\n<\/ol>\n<h3>X Zapisy ko\u0144cowe<\/h3>\n<ol>\n<li>Sprzedawca umo\u017cliwia Klientowi zapoznanie si\u0119 z Regulaminem przy sk\u0142adanym zam\u00f3wieniu.<\/li>\n<li>Sprzedawca zastrzega sobie prawo do dokonywania zmian w Regulaminu z wa\u017cnych powod\u00f3w. Zmiany Regulaminu obowi\u0105zuj\u0105 w terminie 7 dni od momentu opublikowania ich na stronie Sklepu. Dodatkowo Klienci, kt\u00f3rzy dokonali rejestracji b\u0105d\u017a zawarli umow\u0119 ze Sprzedawc\u0105 zostan\u0105 poinformowani o zmianie regulaminu za po\u015brednictwem poczty elektronicznej. Zmiany Regulaminu maj\u0105 zastosowanie do zam\u00f3wie\u0144 z\u0142o\u017conych po dokonaniu danej zmiany niniejszego Regulaminu.<\/li>\n<li>Wszelkie zamieszczone w sklepie znaki towarowe i nazwy firmowe nale\u017c\u0105 do prawnych w\u0142a\u015bcicieli i zosta\u0142y umieszczone w celach informacyjnych.<\/li>\n<\/ol>\n","protected":false},"excerpt":{"rendered":"<p>Regulamin sklepu c7adapters.com I Wst\u0119p Sklep internetowy \u201ec7adapters.com\u201d, zwany dalej: \u201eSklepem\u201d prowadzony jest przez Foto-Akcesoria Ryszard Jankowski, ul. Cisowa 9, 20-703 Lublin (NIP:7121808590, REGON: 430552123), wpisan\u0105 do Centralnej Ewidencji i Informacji o Dzia\u0142alno\u015bci Gospodarczej Rzeczypospolitej Polskiej, zwan\u0105 dalej: \u201eSprzedawc\u0105\u201d. Niniejszy Regulamin, zwany dalej: \u201eRegulaminem\u201d skierowany jest do wszystkich u\u017cytkownik\u00f3w Sklepu oraz okre\u015bla zasady dokonywania rejestracji, [&hellip;]<\/p>\n","protected":false},"author":1,"featured_media":0,"parent":0,"menu_order":0,"comment_status":"closed","ping_status":"closed","template":"template-privacy.php","meta":{"_acf_changed":false,"footnotes":""},"class_list":["post-75","page","type-page","status-publish","hentry"],"acf":[],"yoast_head":"<!-- This site is optimized with the Yoast SEO plugin v27.5 - https:\/\/yoast.com\/product\/yoast-seo-wordpress\/ -->\n<title>Regulamin - c7adapters<\/title>\n<meta name=\"robots\" content=\"index, follow, max-snippet:-1, max-image-preview:large, max-video-preview:-1\" \/>\n<link rel=\"canonical\" href=\"https:\/\/c7adapters.com\/pl\/regulamin\/\" \/>\n<meta property=\"og:locale\" content=\"pl_PL\" \/>\n<meta property=\"og:type\" content=\"article\" \/>\n<meta property=\"og:title\" content=\"Regulamin - c7adapters\" \/>\n<meta property=\"og:description\" content=\"Regulamin sklepu c7adapters.com I Wst\u0119p Sklep internetowy \u201ec7adapters.com\u201d, zwany dalej: \u201eSklepem\u201d prowadzony jest przez Foto-Akcesoria Ryszard Jankowski, ul. Cisowa 9, 20-703 Lublin (NIP:7121808590, REGON: 430552123), wpisan\u0105 do Centralnej Ewidencji i Informacji o Dzia\u0142alno\u015bci Gospodarczej Rzeczypospolitej Polskiej, zwan\u0105 dalej: \u201eSprzedawc\u0105\u201d. Niniejszy Regulamin, zwany dalej: \u201eRegulaminem\u201d skierowany jest do wszystkich u\u017cytkownik\u00f3w Sklepu oraz okre\u015bla zasady dokonywania rejestracji, [&hellip;]\" \/>\n<meta property=\"og:url\" content=\"https:\/\/c7adapters.com\/pl\/regulamin\/\" \/>\n<meta property=\"og:site_name\" content=\"c7adapters\" \/>\n<meta property=\"article:publisher\" content=\"https:\/\/www.facebook.com\/c7adapters\" \/>\n<meta property=\"article:modified_time\" content=\"2025-10-20T06:14:00+00:00\" \/>\n<meta property=\"og:image\" content=\"https:\/\/c7adapters.com\/wp-content\/uploads\/2025\/10\/c7adapters-opegraph.png\" \/>\n\t<meta property=\"og:image:width\" content=\"1200\" \/>\n\t<meta property=\"og:image:height\" content=\"630\" \/>\n\t<meta property=\"og:image:type\" content=\"image\/png\" \/>\n<meta name=\"twitter:card\" content=\"summary_large_image\" \/>\n<meta name=\"twitter:label1\" content=\"Szacowany czas czytania\" \/>\n\t<meta name=\"twitter:data1\" content=\"6 minut\" \/>\n<script type=\"application\/ld+json\" class=\"yoast-schema-graph\">{\"@context\":\"https:\\\/\\\/schema.org\",\"@graph\":[{\"@type\":\"WebPage\",\"@id\":\"https:\\\/\\\/c7adapters.com\\\/pl\\\/regulamin\\\/\",\"url\":\"https:\\\/\\\/c7adapters.com\\\/pl\\\/regulamin\\\/\",\"name\":\"Regulamin - c7adapters\",\"isPartOf\":{\"@id\":\"https:\\\/\\\/c7adapters.com\\\/pl\\\/#website\"},\"datePublished\":\"2025-09-12T05:50:01+00:00\",\"dateModified\":\"2025-10-20T06:14:00+00:00\",\"breadcrumb\":{\"@id\":\"https:\\\/\\\/c7adapters.com\\\/pl\\\/regulamin\\\/#breadcrumb\"},\"inLanguage\":\"pl-PL\",\"potentialAction\":[{\"@type\":\"ReadAction\",\"target\":[\"https:\\\/\\\/c7adapters.com\\\/pl\\\/regulamin\\\/\"]}]},{\"@type\":\"BreadcrumbList\",\"@id\":\"https:\\\/\\\/c7adapters.com\\\/pl\\\/regulamin\\\/#breadcrumb\",\"itemListElement\":[{\"@type\":\"ListItem\",\"position\":1,\"name\":\"Strona g\u0142\u00f3wna\",\"item\":\"https:\\\/\\\/c7adapters.com\\\/pl\\\/\"},{\"@type\":\"ListItem\",\"position\":2,\"name\":\"Regulamin\"}]},{\"@type\":\"WebSite\",\"@id\":\"https:\\\/\\\/c7adapters.com\\\/pl\\\/#website\",\"url\":\"https:\\\/\\\/c7adapters.com\\\/pl\\\/\",\"name\":\"c7adapters\",\"description\":\"Najwy\u017cszej klasy akcesoria fotograficzne\",\"publisher\":{\"@id\":\"https:\\\/\\\/c7adapters.com\\\/pl\\\/#organization\"},\"alternateName\":\"c7adapters\",\"potentialAction\":[{\"@type\":\"SearchAction\",\"target\":{\"@type\":\"EntryPoint\",\"urlTemplate\":\"https:\\\/\\\/c7adapters.com\\\/pl\\\/?s={search_term_string}\"},\"query-input\":{\"@type\":\"PropertyValueSpecification\",\"valueRequired\":true,\"valueName\":\"search_term_string\"}}],\"inLanguage\":\"pl-PL\"},{\"@type\":\"Organization\",\"@id\":\"https:\\\/\\\/c7adapters.com\\\/pl\\\/#organization\",\"name\":\"c7adapters\",\"alternateName\":\"Highest quality photographic equipment\",\"url\":\"https:\\\/\\\/c7adapters.com\\\/pl\\\/\",\"logo\":{\"@type\":\"ImageObject\",\"inLanguage\":\"pl-PL\",\"@id\":\"https:\\\/\\\/c7adapters.com\\\/pl\\\/#\\\/schema\\\/logo\\\/image\\\/\",\"url\":\"https:\\\/\\\/c7adapters.com\\\/wp-content\\\/uploads\\\/2025\\\/10\\\/c7adapters-opengraph.png\",\"contentUrl\":\"https:\\\/\\\/c7adapters.com\\\/wp-content\\\/uploads\\\/2025\\\/10\\\/c7adapters-opengraph.png\",\"width\":693,\"height\":693,\"caption\":\"c7adapters\"},\"image\":{\"@id\":\"https:\\\/\\\/c7adapters.com\\\/pl\\\/#\\\/schema\\\/logo\\\/image\\\/\"},\"sameAs\":[\"https:\\\/\\\/www.facebook.com\\\/c7adapters\",\"https:\\\/\\\/www.instagram.com\\\/c7adapters\\\/\"]}]}<\/script>\n<!-- \/ Yoast SEO plugin. -->","yoast_head_json":{"title":"Regulamin - c7adapters","robots":{"index":"index","follow":"follow","max-snippet":"max-snippet:-1","max-image-preview":"max-image-preview:large","max-video-preview":"max-video-preview:-1"},"canonical":"https:\/\/c7adapters.com\/pl\/regulamin\/","og_locale":"pl_PL","og_type":"article","og_title":"Regulamin - c7adapters","og_description":"Regulamin sklepu c7adapters.com I Wst\u0119p Sklep internetowy \u201ec7adapters.com\u201d, zwany dalej: \u201eSklepem\u201d prowadzony jest przez Foto-Akcesoria Ryszard Jankowski, ul. Cisowa 9, 20-703 Lublin (NIP:7121808590, REGON: 430552123), wpisan\u0105 do Centralnej Ewidencji i Informacji o Dzia\u0142alno\u015bci Gospodarczej Rzeczypospolitej Polskiej, zwan\u0105 dalej: \u201eSprzedawc\u0105\u201d. Niniejszy Regulamin, zwany dalej: \u201eRegulaminem\u201d skierowany jest do wszystkich u\u017cytkownik\u00f3w Sklepu oraz okre\u015bla zasady dokonywania rejestracji, [&hellip;]","og_url":"https:\/\/c7adapters.com\/pl\/regulamin\/","og_site_name":"c7adapters","article_publisher":"https:\/\/www.facebook.com\/c7adapters","article_modified_time":"2025-10-20T06:14:00+00:00","og_image":[{"width":1200,"height":630,"url":"https:\/\/c7adapters.com\/wp-content\/uploads\/2025\/10\/c7adapters-opegraph.png","type":"image\/png"}],"twitter_card":"summary_large_image","twitter_misc":{"Szacowany czas czytania":"6 minut"},"schema":{"@context":"https:\/\/schema.org","@graph":[{"@type":"WebPage","@id":"https:\/\/c7adapters.com\/pl\/regulamin\/","url":"https:\/\/c7adapters.com\/pl\/regulamin\/","name":"Regulamin - c7adapters","isPartOf":{"@id":"https:\/\/c7adapters.com\/pl\/#website"},"datePublished":"2025-09-12T05:50:01+00:00","dateModified":"2025-10-20T06:14:00+00:00","breadcrumb":{"@id":"https:\/\/c7adapters.com\/pl\/regulamin\/#breadcrumb"},"inLanguage":"pl-PL","potentialAction":[{"@type":"ReadAction","target":["https:\/\/c7adapters.com\/pl\/regulamin\/"]}]},{"@type":"BreadcrumbList","@id":"https:\/\/c7adapters.com\/pl\/regulamin\/#breadcrumb","itemListElement":[{"@type":"ListItem","position":1,"name":"Strona g\u0142\u00f3wna","item":"https:\/\/c7adapters.com\/pl\/"},{"@type":"ListItem","position":2,"name":"Regulamin"}]},{"@type":"WebSite","@id":"https:\/\/c7adapters.com\/pl\/#website","url":"https:\/\/c7adapters.com\/pl\/","name":"c7adapters","description":"Najwy\u017cszej klasy akcesoria fotograficzne","publisher":{"@id":"https:\/\/c7adapters.com\/pl\/#organization"},"alternateName":"c7adapters","potentialAction":[{"@type":"SearchAction","target":{"@type":"EntryPoint","urlTemplate":"https:\/\/c7adapters.com\/pl\/?s={search_term_string}"},"query-input":{"@type":"PropertyValueSpecification","valueRequired":true,"valueName":"search_term_string"}}],"inLanguage":"pl-PL"},{"@type":"Organization","@id":"https:\/\/c7adapters.com\/pl\/#organization","name":"c7adapters","alternateName":"Highest quality photographic equipment","url":"https:\/\/c7adapters.com\/pl\/","logo":{"@type":"ImageObject","inLanguage":"pl-PL","@id":"https:\/\/c7adapters.com\/pl\/#\/schema\/logo\/image\/","url":"https:\/\/c7adapters.com\/wp-content\/uploads\/2025\/10\/c7adapters-opengraph.png","contentUrl":"https:\/\/c7adapters.com\/wp-content\/uploads\/2025\/10\/c7adapters-opengraph.png","width":693,"height":693,"caption":"c7adapters"},"image":{"@id":"https:\/\/c7adapters.com\/pl\/#\/schema\/logo\/image\/"},"sameAs":["https:\/\/www.facebook.com\/c7adapters","https:\/\/www.instagram.com\/c7adapters\/"]}]}},"_links":{"self":[{"href":"https:\/\/c7adapters.com\/pl\/wp-json\/wp\/v2\/pages\/75","targetHints":{"allow":["GET"]}}],"collection":[{"href":"https:\/\/c7adapters.com\/pl\/wp-json\/wp\/v2\/pages"}],"about":[{"href":"https:\/\/c7adapters.com\/pl\/wp-json\/wp\/v2\/types\/page"}],"author":[{"embeddable":true,"href":"https:\/\/c7adapters.com\/pl\/wp-json\/wp\/v2\/users\/1"}],"replies":[{"embeddable":true,"href":"https:\/\/c7adapters.com\/pl\/wp-json\/wp\/v2\/comments?post=75"}],"version-history":[{"count":0,"href":"https:\/\/c7adapters.com\/pl\/wp-json\/wp\/v2\/pages\/75\/revisions"}],"wp:attachment":[{"href":"https:\/\/c7adapters.com\/pl\/wp-json\/wp\/v2\/media?parent=75"}],"curies":[{"name":"wp","href":"https:\/\/api.w.org\/{rel}","templated":true}]}}