{"id":197,"date":"2025-09-24T10:16:45","date_gmt":"2025-09-24T08:16:45","guid":{"rendered":"https:\/\/c7adapters.com\/?page_id=197"},"modified":"2025-09-24T10:31:29","modified_gmt":"2025-09-24T08:31:29","slug":"cookies","status":"publish","type":"page","link":"https:\/\/c7adapters.com\/pl\/cookies\/","title":{"rendered":"Cookies"},"content":{"rendered":"<p><img loading=\"lazy\" decoding=\"async\" src=\"https:\/\/c7adapters.com\/wp-content\/uploads\/2025\/09\/cookie.png\" alt=\"cookies\" width=\"139\" height=\"156\" class=\"alignnone size-full wp-image-200\" \/><\/p>\n<h1>Informacja o stosowanych plikach cookies<\/h1>\n<h2>01<\/h2>\n<p>Pliki cookies to niewielkie informacje tekstowe, wysy\u0142ane przez serwer www i zapisywane na komputerze U\u017cytkownika (b\u0105d\u017a innym urz\u0105dzeniu,<br \/>\n    z kt\u00f3rego korzysta). Serwis wykorzystuje pliki cookies w celu rozpoznawania osobistych preferencji U\u017cytkownika. Innymi s\u0142owy stosowane przez Serwis pliki cookies pozwalaj\u0105 na rozpoznanie komputera U\u017cytkownika w czasie kolejnej wizyty w Serwisie i maj\u0105 jedynie u\u0142atwia\u0107 korzystanie<br \/>\n    z Serwisu.<\/p>\n<h2>02<\/h2>\n<p>Serwis wykorzystuje oraz umo\u017cliwia korzystanie z plik\u00f3w cookies podmiotom trzecim (Google AdWords, GoogleAnalytics)<br \/>\n    w celach statystycznych oraz reklamowych.<\/p>\n<h2>03<\/h2>\n<p>To U\u017cytkownik decyduje, czy chce, aby pliki cookies by\u0142y zapisywane na jego komputerze. Mo\u017ce dezaktywowa\u0107 lub ca\u0142kowicie wy\u0142\u0105czy\u0107<br \/>\n    pliki cookies w opcjach swojej przegl\u0105darki internetowej lub wybieraj\u0105c odpowiedni\u0105 opcj\u0119 w programach typu Firewall.<br \/>\n    Mo\u017ce r\u00f3wnie\u017c usun\u0105\u0107 zapisane do tej pory pliki cookies.<\/p>\n<h2>04<\/h2>\n<p>U\u017cytkownik mo\u017ce zablokowa\u0107 us\u0142ug\u0119 Analytics dla reklam displayowych oraz dostosowywa\u0107 reklamy w sieci reklamowej Google<br \/>\n    w Mened\u017cerze preferencji reklam.<\/p>\n<h2>05<\/h2>\n<p>Wy\u0142\u0105czenie plik\u00f3w cookies mo\u017ce jednak spowodowa\u0107, niedogodno\u015bci w korzystaniu z naszego serwisu.    <\/p>\n","protected":false},"excerpt":{"rendered":"<p>Informacja o stosowanych plikach cookies 01 Pliki cookies to niewielkie informacje tekstowe, wysy\u0142ane przez serwer www i zapisywane na komputerze U\u017cytkownika (b\u0105d\u017a innym urz\u0105dzeniu, z kt\u00f3rego korzysta). Serwis wykorzystuje pliki cookies w celu rozpoznawania osobistych preferencji U\u017cytkownika. Innymi s\u0142owy stosowane przez Serwis pliki cookies pozwalaj\u0105 na rozpoznanie komputera U\u017cytkownika w czasie kolejnej wizyty w Serwisie [&hellip;]<\/p>\n","protected":false},"author":1,"featured_media":0,"parent":0,"menu_order":0,"comment_status":"closed","ping_status":"closed","template":"template-privacy.php","meta":{"_acf_changed":false,"footnotes":""},"class_list":["post-197","page","type-page","status-publish","hentry"],"acf":[],"yoast_head":"<!-- This site is optimized with the Yoast SEO plugin v27.5 - https:\/\/yoast.com\/product\/yoast-seo-wordpress\/ -->\n<title>Cookies - c7adapters<\/title>\n<meta name=\"robots\" content=\"index, follow, max-snippet:-1, max-image-preview:large, max-video-preview:-1\" \/>\n<link rel=\"canonical\" href=\"https:\/\/c7adapters.com\/pl\/cookies\/\" \/>\n<meta property=\"og:locale\" content=\"pl_PL\" \/>\n<meta property=\"og:type\" content=\"article\" \/>\n<meta property=\"og:title\" content=\"Cookies - c7adapters\" \/>\n<meta property=\"og:description\" content=\"Informacja o stosowanych plikach cookies 01 Pliki cookies to niewielkie informacje tekstowe, wysy\u0142ane przez serwer www i zapisywane na komputerze U\u017cytkownika (b\u0105d\u017a innym urz\u0105dzeniu, z kt\u00f3rego korzysta). Serwis wykorzystuje pliki cookies w celu rozpoznawania osobistych preferencji U\u017cytkownika. Innymi s\u0142owy stosowane przez Serwis pliki cookies pozwalaj\u0105 na rozpoznanie komputera U\u017cytkownika w czasie kolejnej wizyty w Serwisie [&hellip;]\" \/>\n<meta property=\"og:url\" content=\"https:\/\/c7adapters.com\/pl\/cookies\/\" \/>\n<meta property=\"og:site_name\" content=\"c7adapters\" \/>\n<meta property=\"article:publisher\" content=\"https:\/\/www.facebook.com\/c7adapters\" \/>\n<meta property=\"article:modified_time\" content=\"2025-09-24T08:31:29+00:00\" \/>\n<meta property=\"og:image\" content=\"https:\/\/c7adapters.com\/wp-content\/uploads\/2025\/09\/cookie.png\" \/>\n<meta name=\"twitter:card\" content=\"summary_large_image\" \/>\n<meta name=\"twitter:label1\" content=\"Szacowany czas czytania\" \/>\n\t<meta name=\"twitter:data1\" content=\"2 minuty\" \/>\n<script type=\"application\/ld+json\" class=\"yoast-schema-graph\">{\"@context\":\"https:\\\/\\\/schema.org\",\"@graph\":[{\"@type\":\"WebPage\",\"@id\":\"https:\\\/\\\/c7adapters.com\\\/pl\\\/cookies\\\/\",\"url\":\"https:\\\/\\\/c7adapters.com\\\/pl\\\/cookies\\\/\",\"name\":\"Cookies - c7adapters\",\"isPartOf\":{\"@id\":\"https:\\\/\\\/c7adapters.com\\\/pl\\\/#website\"},\"primaryImageOfPage\":{\"@id\":\"https:\\\/\\\/c7adapters.com\\\/pl\\\/cookies\\\/#primaryimage\"},\"image\":{\"@id\":\"https:\\\/\\\/c7adapters.com\\\/pl\\\/cookies\\\/#primaryimage\"},\"thumbnailUrl\":\"https:\\\/\\\/c7adapters.com\\\/wp-content\\\/uploads\\\/2025\\\/09\\\/cookie.png\",\"datePublished\":\"2025-09-24T08:16:45+00:00\",\"dateModified\":\"2025-09-24T08:31:29+00:00\",\"breadcrumb\":{\"@id\":\"https:\\\/\\\/c7adapters.com\\\/pl\\\/cookies\\\/#breadcrumb\"},\"inLanguage\":\"pl-PL\",\"potentialAction\":[{\"@type\":\"ReadAction\",\"target\":[\"https:\\\/\\\/c7adapters.com\\\/pl\\\/cookies\\\/\"]}]},{\"@type\":\"ImageObject\",\"inLanguage\":\"pl-PL\",\"@id\":\"https:\\\/\\\/c7adapters.com\\\/pl\\\/cookies\\\/#primaryimage\",\"url\":\"https:\\\/\\\/c7adapters.com\\\/wp-content\\\/uploads\\\/2025\\\/09\\\/cookie.png\",\"contentUrl\":\"https:\\\/\\\/c7adapters.com\\\/wp-content\\\/uploads\\\/2025\\\/09\\\/cookie.png\"},{\"@type\":\"BreadcrumbList\",\"@id\":\"https:\\\/\\\/c7adapters.com\\\/pl\\\/cookies\\\/#breadcrumb\",\"itemListElement\":[{\"@type\":\"ListItem\",\"position\":1,\"name\":\"Strona g\u0142\u00f3wna\",\"item\":\"https:\\\/\\\/c7adapters.com\\\/pl\\\/\"},{\"@type\":\"ListItem\",\"position\":2,\"name\":\"Cookies\"}]},{\"@type\":\"WebSite\",\"@id\":\"https:\\\/\\\/c7adapters.com\\\/pl\\\/#website\",\"url\":\"https:\\\/\\\/c7adapters.com\\\/pl\\\/\",\"name\":\"c7adapters\",\"description\":\"Najwy\u017cszej klasy akcesoria fotograficzne\",\"publisher\":{\"@id\":\"https:\\\/\\\/c7adapters.com\\\/pl\\\/#organization\"},\"alternateName\":\"c7adapters\",\"potentialAction\":[{\"@type\":\"SearchAction\",\"target\":{\"@type\":\"EntryPoint\",\"urlTemplate\":\"https:\\\/\\\/c7adapters.com\\\/pl\\\/?s={search_term_string}\"},\"query-input\":{\"@type\":\"PropertyValueSpecification\",\"valueRequired\":true,\"valueName\":\"search_term_string\"}}],\"inLanguage\":\"pl-PL\"},{\"@type\":\"Organization\",\"@id\":\"https:\\\/\\\/c7adapters.com\\\/pl\\\/#organization\",\"name\":\"c7adapters\",\"alternateName\":\"Highest quality photographic equipment\",\"url\":\"https:\\\/\\\/c7adapters.com\\\/pl\\\/\",\"logo\":{\"@type\":\"ImageObject\",\"inLanguage\":\"pl-PL\",\"@id\":\"https:\\\/\\\/c7adapters.com\\\/pl\\\/#\\\/schema\\\/logo\\\/image\\\/\",\"url\":\"https:\\\/\\\/c7adapters.com\\\/wp-content\\\/uploads\\\/2025\\\/10\\\/c7adapters-opengraph.png\",\"contentUrl\":\"https:\\\/\\\/c7adapters.com\\\/wp-content\\\/uploads\\\/2025\\\/10\\\/c7adapters-opengraph.png\",\"width\":693,\"height\":693,\"caption\":\"c7adapters\"},\"image\":{\"@id\":\"https:\\\/\\\/c7adapters.com\\\/pl\\\/#\\\/schema\\\/logo\\\/image\\\/\"},\"sameAs\":[\"https:\\\/\\\/www.facebook.com\\\/c7adapters\",\"https:\\\/\\\/www.instagram.com\\\/c7adapters\\\/\"]}]}<\/script>\n<!-- \/ Yoast SEO plugin. -->","yoast_head_json":{"title":"Cookies - c7adapters","robots":{"index":"index","follow":"follow","max-snippet":"max-snippet:-1","max-image-preview":"max-image-preview:large","max-video-preview":"max-video-preview:-1"},"canonical":"https:\/\/c7adapters.com\/pl\/cookies\/","og_locale":"pl_PL","og_type":"article","og_title":"Cookies - c7adapters","og_description":"Informacja o stosowanych plikach cookies 01 Pliki cookies to niewielkie informacje tekstowe, wysy\u0142ane przez serwer www i zapisywane na komputerze U\u017cytkownika (b\u0105d\u017a innym urz\u0105dzeniu, z kt\u00f3rego korzysta). Serwis wykorzystuje pliki cookies w celu rozpoznawania osobistych preferencji U\u017cytkownika. Innymi s\u0142owy stosowane przez Serwis pliki cookies pozwalaj\u0105 na rozpoznanie komputera U\u017cytkownika w czasie kolejnej wizyty w Serwisie [&hellip;]","og_url":"https:\/\/c7adapters.com\/pl\/cookies\/","og_site_name":"c7adapters","article_publisher":"https:\/\/www.facebook.com\/c7adapters","article_modified_time":"2025-09-24T08:31:29+00:00","og_image":[{"url":"https:\/\/c7adapters.com\/wp-content\/uploads\/2025\/09\/cookie.png","type":"","width":"","height":""}],"twitter_card":"summary_large_image","twitter_misc":{"Szacowany czas czytania":"2 minuty"},"schema":{"@context":"https:\/\/schema.org","@graph":[{"@type":"WebPage","@id":"https:\/\/c7adapters.com\/pl\/cookies\/","url":"https:\/\/c7adapters.com\/pl\/cookies\/","name":"Cookies - c7adapters","isPartOf":{"@id":"https:\/\/c7adapters.com\/pl\/#website"},"primaryImageOfPage":{"@id":"https:\/\/c7adapters.com\/pl\/cookies\/#primaryimage"},"image":{"@id":"https:\/\/c7adapters.com\/pl\/cookies\/#primaryimage"},"thumbnailUrl":"https:\/\/c7adapters.com\/wp-content\/uploads\/2025\/09\/cookie.png","datePublished":"2025-09-24T08:16:45+00:00","dateModified":"2025-09-24T08:31:29+00:00","breadcrumb":{"@id":"https:\/\/c7adapters.com\/pl\/cookies\/#breadcrumb"},"inLanguage":"pl-PL","potentialAction":[{"@type":"ReadAction","target":["https:\/\/c7adapters.com\/pl\/cookies\/"]}]},{"@type":"ImageObject","inLanguage":"pl-PL","@id":"https:\/\/c7adapters.com\/pl\/cookies\/#primaryimage","url":"https:\/\/c7adapters.com\/wp-content\/uploads\/2025\/09\/cookie.png","contentUrl":"https:\/\/c7adapters.com\/wp-content\/uploads\/2025\/09\/cookie.png"},{"@type":"BreadcrumbList","@id":"https:\/\/c7adapters.com\/pl\/cookies\/#breadcrumb","itemListElement":[{"@type":"ListItem","position":1,"name":"Strona g\u0142\u00f3wna","item":"https:\/\/c7adapters.com\/pl\/"},{"@type":"ListItem","position":2,"name":"Cookies"}]},{"@type":"WebSite","@id":"https:\/\/c7adapters.com\/pl\/#website","url":"https:\/\/c7adapters.com\/pl\/","name":"c7adapters","description":"Najwy\u017cszej klasy akcesoria fotograficzne","publisher":{"@id":"https:\/\/c7adapters.com\/pl\/#organization"},"alternateName":"c7adapters","potentialAction":[{"@type":"SearchAction","target":{"@type":"EntryPoint","urlTemplate":"https:\/\/c7adapters.com\/pl\/?s={search_term_string}"},"query-input":{"@type":"PropertyValueSpecification","valueRequired":true,"valueName":"search_term_string"}}],"inLanguage":"pl-PL"},{"@type":"Organization","@id":"https:\/\/c7adapters.com\/pl\/#organization","name":"c7adapters","alternateName":"Highest quality photographic equipment","url":"https:\/\/c7adapters.com\/pl\/","logo":{"@type":"ImageObject","inLanguage":"pl-PL","@id":"https:\/\/c7adapters.com\/pl\/#\/schema\/logo\/image\/","url":"https:\/\/c7adapters.com\/wp-content\/uploads\/2025\/10\/c7adapters-opengraph.png","contentUrl":"https:\/\/c7adapters.com\/wp-content\/uploads\/2025\/10\/c7adapters-opengraph.png","width":693,"height":693,"caption":"c7adapters"},"image":{"@id":"https:\/\/c7adapters.com\/pl\/#\/schema\/logo\/image\/"},"sameAs":["https:\/\/www.facebook.com\/c7adapters","https:\/\/www.instagram.com\/c7adapters\/"]}]}},"_links":{"self":[{"href":"https:\/\/c7adapters.com\/pl\/wp-json\/wp\/v2\/pages\/197","targetHints":{"allow":["GET"]}}],"collection":[{"href":"https:\/\/c7adapters.com\/pl\/wp-json\/wp\/v2\/pages"}],"about":[{"href":"https:\/\/c7adapters.com\/pl\/wp-json\/wp\/v2\/types\/page"}],"author":[{"embeddable":true,"href":"https:\/\/c7adapters.com\/pl\/wp-json\/wp\/v2\/users\/1"}],"replies":[{"embeddable":true,"href":"https:\/\/c7adapters.com\/pl\/wp-json\/wp\/v2\/comments?post=197"}],"version-history":[{"count":0,"href":"https:\/\/c7adapters.com\/pl\/wp-json\/wp\/v2\/pages\/197\/revisions"}],"wp:attachment":[{"href":"https:\/\/c7adapters.com\/pl\/wp-json\/wp\/v2\/media?parent=197"}],"curies":[{"name":"wp","href":"https:\/\/api.w.org\/{rel}","templated":true}]}}